{"id":29788,"date":"2023-11-14T08:50:16","date_gmt":"2023-11-14T06:50:16","guid":{"rendered":"https:\/\/papier-sprick.de\/?post_type=product&#038;p=29788"},"modified":"2025-01-10T11:29:27","modified_gmt":"2025-01-10T09:29:27","slug":"speedman-basic","status":"publish","type":"product","link":"https:\/\/papier-sprick.de\/fr\/produit\/speedman-basic\/","title":{"rendered":"SpeedMan\u00ae BASIC"},"content":{"rendered":"\t\t<div data-elementor-type=\"container\" data-elementor-id=\"23849\" class=\"elementor elementor-23849 elementor-23608\" data-elementor-post-type=\"elementor_library\">\n\t\t\t\t<div class=\"elementor-element elementor-element-97490f7 e-flex e-con-boxed e-con e-parent\" data-id=\"97490f7\" data-element_type=\"container\" data-e-type=\"container\">\n\t\t\t\t\t<div class=\"e-con-inner\">\n\t\t\t\t<div class=\"elementor-element elementor-element-b4412ca elementor-widget elementor-widget-heading\" data-id=\"b4412ca\" data-element_type=\"widget\" data-e-type=\"widget\" data-widget_type=\"heading.default\">\n\t\t\t\t<div class=\"elementor-widget-container\">\n\t\t\t\t\t<h2 class=\"elementor-heading-title elementor-size-default\">LA VOIE VERS l\u2019AUTOMATISATION<\/h2>\t\t\t\t<\/div>\n\t\t\t\t<\/div>\n\t\t\t\t<div class=\"elementor-element elementor-element-028f5e5 elementor-widget elementor-widget-text-editor\" data-id=\"028f5e5\" data-element_type=\"widget\" data-e-type=\"widget\" data-widget_type=\"text-editor.default\">\n\t\t\t\t<div class=\"elementor-widget-container\">\n\t\t\t\t\t\t\t\t\t<p>Le <strong>SpeedMan<sup>\u00ae<\/sup> Basic<\/strong> est le syst\u00e8me de remplissage \u00e9lectrifi\u00e9 compact pour les exp\u00e9diteurs qui cherchent \u00e0 acc\u00e9l\u00e9rer les processus gr\u00e2ce \u00e0 l&#8217;automatisation. Ce mod\u00e8le d&#8217;entr\u00e9e de gamme vous permet de gagner en productivit\u00e9 et d\u2019acc\u00e9l\u00e9rer le remplissage des cartons pour la protection des produits. L&#8217;utilisation du <strong>SpeedMan<sup>\u00ae<\/sup> Basic<\/strong> se fait par le biais d&#8217;une p\u00e9dale, ce qui le rend particuli\u00e8rement simple \u00e0 utiliser et intuitif.<\/p><p>Gr\u00e2ce \u00e0 son format compact, le <strong>SpeedMan<sup>\u00ae<\/sup> Basic<\/strong> s&#8217;int\u00e8gre sans probl\u00e8me dans votre environnement d&#8217;emballage existant et peut \u00eatre plac\u00e9 de mani\u00e8re adapt\u00e9e m\u00eame dans les espaces les plus r\u00e9duits. Le syst\u00e8me offre \u00e9galement la possibilit\u00e9 d&#8217;automatiser le processus d&#8217;exp\u00e9dition aux utilisateurs qui ont besoin de peu de mat\u00e9riel au poste d&#8217;emballage.<\/p><p>Le consommable, le <strong>rouleau SpeedMan<sup>\u00ae<\/sup><\/strong>, peut \u00eatre positionn\u00e9 \u00e0 de multiples endroits : dans son support pr\u00e9vu \u00e0 cet effet, directement sur la table d\u2019emballage ou bien sur une \u00e9tag\u00e8re. Gr\u00e2ce \u00e0 une int\u00e9gration individuelle sur la table d&#8217;emballage, le <strong>SpeedMan<sup>\u00ae<\/sup> Basic<\/strong> permet d&#8217;am\u00e9liorer l&#8217;ergonomie et offre ainsi un avantage certain par rapport aux applications manuelles.<\/p>\t\t\t\t\t\t\t\t<\/div>\n\t\t\t\t<\/div>\n\t\t\t\t<div class=\"elementor-element elementor-element-09c9752 dce_masking-none elementor-widget elementor-widget-image\" data-id=\"09c9752\" data-element_type=\"widget\" data-e-type=\"widget\" data-widget_type=\"image.default\">\n\t\t\t\t<div class=\"elementor-widget-container\">\n\t\t\t\t\t\t\t\t\t\t\t\t\t\t\t<img fetchpriority=\"high\" decoding=\"async\" width=\"800\" height=\"552\" src=\"https:\/\/papier-sprick.de\/wp-content\/uploads\/2023\/04\/SpeedManBasic_03_ohneTischstativ-1024x706.webp\" class=\"attachment-large size-large wp-image-26993\" alt=\"SpeedMan Basic Varianten\" srcset=\"https:\/\/papier-sprick.de\/wp-content\/uploads\/2023\/04\/SpeedManBasic_03_ohneTischstativ-1024x706.webp 1024w, https:\/\/papier-sprick.de\/wp-content\/uploads\/2023\/04\/SpeedManBasic_03_ohneTischstativ-scaled-600x414.webp 600w, https:\/\/papier-sprick.de\/wp-content\/uploads\/2023\/04\/SpeedManBasic_03_ohneTischstativ-300x207.webp 300w, https:\/\/papier-sprick.de\/wp-content\/uploads\/2023\/04\/SpeedManBasic_03_ohneTischstativ-768x530.webp 768w, https:\/\/papier-sprick.de\/wp-content\/uploads\/2023\/04\/SpeedManBasic_03_ohneTischstativ-1536x1060.webp 1536w, https:\/\/papier-sprick.de\/wp-content\/uploads\/2023\/04\/SpeedManBasic_03_ohneTischstativ-2048x1413.webp 2048w\" sizes=\"(max-width: 800px) 100vw, 800px\" title=\"\">\t\t\t\t\t\t\t\t\t\t\t\t\t\t\t<\/div>\n\t\t\t\t<\/div>\n\t\t\t\t\t<\/div>\n\t\t\t\t<\/div>\n\t\t<div class=\"elementor-element elementor-element-17a8763 e-flex e-con-boxed e-con e-parent\" data-id=\"17a8763\" data-element_type=\"container\" data-e-type=\"container\">\n\t\t\t\t\t<div class=\"e-con-inner\">\n\t\t\t\t<div class=\"elementor-element elementor-element-e323b52 elementor-widget elementor-widget-heading\" data-id=\"e323b52\" data-element_type=\"widget\" data-e-type=\"widget\" data-widget_type=\"heading.default\">\n\t\t\t\t<div class=\"elementor-widget-container\">\n\t\t\t\t\t<h2 class=\"elementor-heading-title elementor-size-default\">RESPECTUEUX DE L'ENVIRONNEMENT <\/h2>\t\t\t\t<\/div>\n\t\t\t\t<\/div>\n\t\t\t\t<div class=\"elementor-element elementor-element-0836ec5 elementor-widget elementor-widget-text-editor\" data-id=\"0836ec5\" data-element_type=\"widget\" data-e-type=\"widget\" data-widget_type=\"text-editor.default\">\n\t\t\t\t<div class=\"elementor-widget-container\">\n\t\t\t\t\t\t\t\t\t<p>Le <strong>SpeedMan<sup>\u00ae<\/sup> Basic<\/strong> utilise exclusivement des consommables respectueux de l&#8217;environnement, fabriqu\u00e9s en Allemagne. Gr\u00e2ce \u00e0 l&#8217;utilisation de mat\u00e9riaux de remplissage certifi\u00e9s, le syst\u00e8me soutient les entreprises dans leur strat\u00e9gie de d\u00e9veloppement durable et leur perception \u00e9cologique aupr\u00e8s du destinataire des marchandises. Le <strong>rouleau SpeedMan<sup>\u00ae<\/sup><\/strong> est compos\u00e9 \u00e0 100 % de papier recycl\u00e9, porte le label Ange bleu et est certifi\u00e9 FSC<sup>\u00ae<\/sup>. Un rouleau donne un volume de remplissage d&#8217;environ 1,5 m<sup>3<\/sup>.<\/p>\t\t\t\t\t\t\t\t<\/div>\n\t\t\t\t<\/div>\n\t\t\t\t\t<\/div>\n\t\t\t\t<\/div>\n\t\t\t\t<\/div>\n\t\t\n","protected":false},"excerpt":{"rendered":"","protected":false},"featured_media":24353,"comment_status":"open","ping_status":"closed","template":"","meta":{"_acf_changed":false},"product_brand":[],"product_cat":[460,464],"product_tag":[],"class_list":{"0":"post-29788","1":"product","2":"type-product","3":"status-publish","4":"has-post-thumbnail","6":"product_cat-besoins-en-produits-de-calage-et-de-rembourrage","7":"product_cat-systemes-de-calage-et-de-remplissage-de-vide","9":"first","10":"instock","11":"shipping-taxable","12":"product-type-simple"},"acf":[],"_links":{"self":[{"href":"https:\/\/papier-sprick.de\/fr\/wp-json\/wp\/v2\/product\/29788","targetHints":{"allow":["GET"]}}],"collection":[{"href":"https:\/\/papier-sprick.de\/fr\/wp-json\/wp\/v2\/product"}],"about":[{"href":"https:\/\/papier-sprick.de\/fr\/wp-json\/wp\/v2\/types\/product"}],"replies":[{"embeddable":true,"href":"https:\/\/papier-sprick.de\/fr\/wp-json\/wp\/v2\/comments?post=29788"}],"version-history":[{"count":6,"href":"https:\/\/papier-sprick.de\/fr\/wp-json\/wp\/v2\/product\/29788\/revisions"}],"predecessor-version":[{"id":38058,"href":"https:\/\/papier-sprick.de\/fr\/wp-json\/wp\/v2\/product\/29788\/revisions\/38058"}],"wp:featuredmedia":[{"embeddable":true,"href":"https:\/\/papier-sprick.de\/fr\/wp-json\/wp\/v2\/media\/24353"}],"wp:attachment":[{"href":"https:\/\/papier-sprick.de\/fr\/wp-json\/wp\/v2\/media?parent=29788"}],"wp:term":[{"taxonomy":"product_brand","embeddable":true,"href":"https:\/\/papier-sprick.de\/fr\/wp-json\/wp\/v2\/product_brand?post=29788"},{"taxonomy":"product_cat","embeddable":true,"href":"https:\/\/papier-sprick.de\/fr\/wp-json\/wp\/v2\/product_cat?post=29788"},{"taxonomy":"product_tag","embeddable":true,"href":"https:\/\/papier-sprick.de\/fr\/wp-json\/wp\/v2\/product_tag?post=29788"}],"curies":[{"name":"wp","href":"https:\/\/api.w.org\/{rel}","templated":true}]}}