{"id":29738,"date":"2023-11-13T15:15:16","date_gmt":"2023-11-13T13:15:16","guid":{"rendered":"https:\/\/papier-sprick.de\/?post_type=product&#038;p=29738"},"modified":"2025-08-21T14:45:33","modified_gmt":"2025-08-21T12:45:33","slug":"varimailer-pro","status":"publish","type":"product","link":"https:\/\/papier-sprick.de\/fr\/produit\/varimailer-pro\/","title":{"rendered":"VariMailer\u00ae Pro"},"content":{"rendered":"\t\t<div data-elementor-type=\"container\" data-elementor-id=\"23905\" class=\"elementor elementor-23905 elementor-23409\" data-elementor-post-type=\"elementor_library\">\n\t\t\t\t<div class=\"elementor-element elementor-element-2e46f0d e-flex e-con-boxed e-con e-parent\" data-id=\"2e46f0d\" data-element_type=\"container\" data-e-type=\"container\">\n\t\t\t\t\t<div class=\"e-con-inner\">\n\t\t\t\t<div class=\"elementor-element elementor-element-c91143b elementor-widget elementor-widget-heading\" data-id=\"c91143b\" data-element_type=\"widget\" data-e-type=\"widget\" data-widget_type=\"heading.default\">\n\t\t\t\t<div class=\"elementor-widget-container\">\n\t\t\t\t\t<h2 class=\"elementor-heading-title elementor-size-default\">DES PROCESSUS D'EXP\u00c9DITION EFFICACES <\/h2>\t\t\t\t<\/div>\n\t\t\t\t<\/div>\n\t\t\t\t<div class=\"elementor-element elementor-element-fb1c0da elementor-widget elementor-widget-text-editor\" data-id=\"fb1c0da\" data-element_type=\"widget\" data-e-type=\"widget\" data-widget_type=\"text-editor.default\">\n\t\t\t\t<div class=\"elementor-widget-container\">\n\t\t\t\t\t\t\t\t\tLe<strong> VariMailer<sup>\u00ae<\/sup> Pro<\/strong> optimise le processus d&#8217;exp\u00e9dition en automatisant l&#8217;emballage et l&#8217;\u00e9tiquetage des produits. Ce faisant, il augmente consid\u00e9rablement la performance et le rendement au poste d&#8217;emballage ou d&#8217;exp\u00e9dition.<br> Le <strong>V-Mail<sup>\u00ae<\/sup> <\/strong> permet de fabriquer des pochettes d\u2019exp\u00e9dition \u00e9cologiques, sur mesure en fonction de vos produits et directement pr\u00eates \u00e0 l&#8217;envoi. Gr\u00e2ce \u00e0 la reconnaissance de la taille, le syst\u00e8me adapte automatiquement le <strong>V-Mail<sup>\u00ae<\/sup> <\/strong> au produit et r\u00e9duit ainsi l&#8217;utilisation de mat\u00e9riel. La facilit\u00e9 d&#8217;utilisation et la haute performance du syst\u00e8me permettent une utilisation efficace des op\u00e9rateurs dans les zones d&#8217;exp\u00e9dition. Le <strong>VariMailer<sup>\u00ae<\/sup> Pro<\/strong> ne n\u00e9cessite qu&#8217;un seul consommable : le <strong>V-Board<sup>\u00ae<\/sup> <\/strong> en rouleau, \u00e9cologique et certifi\u00e9 FSC<sup>\u00ae<\/sup> . Il n&#8217;est donc plus n\u00e9cessaire de stocker de nombreux types de suremballages traditionnels, tels que des cartons ou des pochettes d&#8217;exp\u00e9dition. La machine et le mat\u00e9riau sont des produits sp\u00e9cialement d\u00e9velopp\u00e9s et parfaitement compatibles.\t\t\t\t\t\t\t\t<\/div>\n\t\t\t\t<\/div>\n\t\t\t\t\t<\/div>\n\t\t\t\t<\/div>\n\t\t<div class=\"elementor-element elementor-element-e24a105 e-flex e-con-boxed e-con e-parent\" data-id=\"e24a105\" data-element_type=\"container\" data-e-type=\"container\">\n\t\t\t\t\t<div class=\"e-con-inner\">\n\t\t\t\t<div class=\"elementor-element elementor-element-61f6544 elementor-widget elementor-widget-heading\" data-id=\"61f6544\" data-element_type=\"widget\" data-e-type=\"widget\" data-widget_type=\"heading.default\">\n\t\t\t\t<div class=\"elementor-widget-container\">\n\t\t\t\t\t<h2 class=\"elementor-heading-title elementor-size-default\">EFFICACIT\u00c9 DES CO\u00dbTS AVEC V-MAIL<sup>\u00ae<\/sup>S <\/h2>\t\t\t\t<\/div>\n\t\t\t\t<\/div>\n\t\t\t\t<div class=\"elementor-element elementor-element-e534bb1 elementor-widget elementor-widget-text-editor\" data-id=\"e534bb1\" data-element_type=\"widget\" data-e-type=\"widget\" data-widget_type=\"text-editor.default\">\n\t\t\t\t<div class=\"elementor-widget-container\">\n\t\t\t\t\t\t\t\t\t<p>En mati\u00e8re d&#8217;efficacit\u00e9 des co\u00fbts, le <strong>VariMailer<sup>\u00ae<\/sup> Pro<\/strong> fait valoir tous ses atouts sous la forme de V-Mail\u00aes adapt\u00e9s au produit et offre ainsi, en combinaison avec la vitesse \u00e9lev\u00e9e, un grand potentiel d&#8217;optimisation des processus d&#8217;exp\u00e9dition existants. D\u00e9couvrez d&#8217;autres avantages du <strong>V-Mail<sup>\u00ae<\/sup><\/strong> .<\/p>\t\t\t\t\t\t\t\t<\/div>\n\t\t\t\t<\/div>\n\t\t<div class=\"elementor-element elementor-element-fd5964d e-con-full e-flex e-con e-child\" data-id=\"fd5964d\" data-element_type=\"container\" data-e-type=\"container\">\n\t\t\t\t<div class=\"elementor-element elementor-element-630ec18 dce_masking-none elementor-widget elementor-widget-video\" data-id=\"630ec18\" data-element_type=\"widget\" data-e-type=\"widget\" data-settings=\"{&quot;youtube_url&quot;:&quot;https:\\\/\\\/youtu.be\\\/c8YXjzs7gWw&quot;,&quot;autoplay&quot;:&quot;yes&quot;,&quot;play_on_mobile&quot;:&quot;yes&quot;,&quot;mute&quot;:&quot;yes&quot;,&quot;loop&quot;:&quot;yes&quot;,&quot;video_type&quot;:&quot;youtube&quot;}\" data-widget_type=\"video.default\">\n\t\t\t\t<div class=\"elementor-widget-container\">\n\t\t\t\t\t\t\t<div class=\"elementor-wrapper elementor-open-inline\">\n\t\t\t<div class=\"elementor-video\"><\/div>\t\t<\/div>\n\t\t\t\t\t\t<\/div>\n\t\t\t\t<\/div>\n\t\t\t\t<\/div>\n\t\t\t\t\t<\/div>\n\t\t\t\t<\/div>\n\t\t<div class=\"elementor-element elementor-element-23c6495 e-flex e-con-boxed e-con e-parent\" data-id=\"23c6495\" data-element_type=\"container\" data-e-type=\"container\">\n\t\t\t\t\t<div class=\"e-con-inner\">\n\t\t\t\t<div class=\"elementor-element elementor-element-2d8f168 dce_masking-none elementor-widget elementor-widget-image\" data-id=\"2d8f168\" data-element_type=\"widget\" data-e-type=\"widget\" data-widget_type=\"image.default\">\n\t\t\t\t<div class=\"elementor-widget-container\">\n\t\t\t\t\t\t\t\t\t\t\t\t\t\t\t<img fetchpriority=\"high\" decoding=\"async\" width=\"570\" height=\"315\" src=\"https:\/\/papier-sprick.de\/wp-content\/uploads\/2023\/04\/Vorteile_VMail_FR_600x600px.png\" class=\"attachment-full size-full wp-image-23906\" alt=\"Avantages V-Mail\" srcset=\"https:\/\/papier-sprick.de\/wp-content\/uploads\/2023\/04\/Vorteile_VMail_FR_600x600px.png 570w, https:\/\/papier-sprick.de\/wp-content\/uploads\/2023\/04\/Vorteile_VMail_FR_600x600px-300x166.png 300w\" sizes=\"(max-width: 570px) 100vw, 570px\" title=\"\">\t\t\t\t\t\t\t\t\t\t\t\t\t\t\t<\/div>\n\t\t\t\t<\/div>\n\t\t\t\t\t<\/div>\n\t\t\t\t<\/div>\n\t\t<div class=\"elementor-element elementor-element-756f3e5 e-flex e-con-boxed e-con e-parent\" data-id=\"756f3e5\" data-element_type=\"container\" data-e-type=\"container\">\n\t\t\t\t\t<div class=\"e-con-inner\">\n\t\t\t\t<div class=\"elementor-element elementor-element-0fcbc09 elementor-widget elementor-widget-heading\" data-id=\"0fcbc09\" data-element_type=\"widget\" data-e-type=\"widget\" data-widget_type=\"heading.default\">\n\t\t\t\t<div class=\"elementor-widget-container\">\n\t\t\t\t\t<h2 class=\"elementor-heading-title elementor-size-default\">SIMPLICIT\u00c9 D'UTILISATION<\/h2>\t\t\t\t<\/div>\n\t\t\t\t<\/div>\n\t\t\t\t<div class=\"elementor-element elementor-element-3fd5488 elementor-widget elementor-widget-text-editor\" data-id=\"3fd5488\" data-element_type=\"widget\" data-e-type=\"widget\" data-widget_type=\"text-editor.default\">\n\t\t\t\t<div class=\"elementor-widget-container\">\n\t\t\t\t\t\t\t\t\t<p>Le <strong>VariMailer<sup>\u00ae<\/sup> Pro<\/strong> offre des performances \u00e9lev\u00e9es avec un minimum d&#8217;entretien. L&#8217;utilisation est particuli\u00e8rement simple gr\u00e2ce \u00e0 l&#8217;interface utilisateur intuitive et peut \u00eatre r\u00e9alis\u00e9e sans formation approfondie. De plus, le <strong>VariMailer<sup>\u00ae<\/sup> Pro<\/strong> offre un poste de travail ergonomique qui r\u00e9duit le risque de TMS et pr\u00e9serve la sant\u00e9 des collaborateurs. Il suffit ainsi de trois \u00e9tapes pour cr\u00e9er des <strong>V-Mail<sup>\u00ae<\/sup><\/strong> pr\u00eats \u00e0 \u00eatre envoy\u00e9s:<\/p>\t\t\t\t\t\t\t\t<\/div>\n\t\t\t\t<\/div>\n\t\t\t\t\t<\/div>\n\t\t\t\t<\/div>\n\t\t<div class=\"elementor-element elementor-element-1f11ac5 e-flex e-con-boxed e-con e-parent\" data-id=\"1f11ac5\" data-element_type=\"container\" data-e-type=\"container\">\n\t\t\t\t\t<div class=\"e-con-inner\">\n\t\t\t\t<div class=\"elementor-element elementor-element-1ac1b85 elementor-arrows-position-inside elementor-pagination-position-outside elementor-widget elementor-widget-image-carousel\" data-id=\"1ac1b85\" data-element_type=\"widget\" data-e-type=\"widget\" data-settings=\"{&quot;slides_to_show&quot;:&quot;1&quot;,&quot;navigation&quot;:&quot;both&quot;,&quot;autoplay&quot;:&quot;yes&quot;,&quot;pause_on_hover&quot;:&quot;yes&quot;,&quot;pause_on_interaction&quot;:&quot;yes&quot;,&quot;autoplay_speed&quot;:5000,&quot;infinite&quot;:&quot;yes&quot;,&quot;effect&quot;:&quot;slide&quot;,&quot;speed&quot;:500}\" data-widget_type=\"image-carousel.default\">\n\t\t\t\t<div class=\"elementor-widget-container\">\n\t\t\t\t\t\t\t<div class=\"elementor-image-carousel-wrapper swiper\" role=\"region\" aria-roledescription=\"carousel\" aria-label=\"Carrousel d\u2019images\" dir=\"ltr\">\n\t\t\t<div class=\"elementor-image-carousel swiper-wrapper\" aria-live=\"off\">\n\t\t\t\t\t\t\t\t<div class=\"swiper-slide\" role=\"group\" aria-roledescription=\"slide\" aria-label=\"1 sur 3\"><figure class=\"swiper-slide-inner\"><img decoding=\"async\" class=\"swiper-slide-image\" src=\"https:\/\/papier-sprick.de\/wp-content\/uploads\/2023\/06\/VariMailer_Website_Schritt1_500x333px-2.webp\" alt=\"VariMailer\u00ae Pro\" title=\"\"><figcaption class=\"elementor-image-carousel-caption\">1. Scanner le code-barres<\/figcaption><\/figure><\/div><div class=\"swiper-slide\" role=\"group\" aria-roledescription=\"slide\" aria-label=\"2 sur 3\"><figure class=\"swiper-slide-inner\"><img decoding=\"async\" class=\"swiper-slide-image\" src=\"https:\/\/papier-sprick.de\/wp-content\/uploads\/2023\/06\/VariMailer_Website_Schritt2_500x333px-2.webp\" alt=\"VariMailer\u00ae Pro\" title=\"\"><figcaption class=\"elementor-image-carousel-caption\">2. Ins\u00e9rer le produit<\/figcaption><\/figure><\/div><div class=\"swiper-slide\" role=\"group\" aria-roledescription=\"slide\" aria-label=\"3 sur 3\"><figure class=\"swiper-slide-inner\"><img decoding=\"async\" class=\"swiper-slide-image\" src=\"https:\/\/papier-sprick.de\/wp-content\/uploads\/2023\/06\/VariMailer_Website_Schritt3_500x333px-2.webp\" alt=\"VariMailer\u00ae Pro\" title=\"\"><figcaption class=\"elementor-image-carousel-caption\">3. Appuyer sur le d\u00e9clencheur<\/figcaption><\/figure><\/div>\t\t\t<\/div>\n\t\t\t\t\t\t\t\t\t\t\t\t<div class=\"elementor-swiper-button elementor-swiper-button-prev\" role=\"button\" tabindex=\"0\">\n\t\t\t\t\t\t<i aria-hidden=\"true\" class=\"eicon-chevron-left\"><\/i>\t\t\t\t\t<\/div>\n\t\t\t\t\t<div class=\"elementor-swiper-button elementor-swiper-button-next\" role=\"button\" tabindex=\"0\">\n\t\t\t\t\t\t<i aria-hidden=\"true\" class=\"eicon-chevron-right\"><\/i>\t\t\t\t\t<\/div>\n\t\t\t\t\n\t\t\t\t\t\t\t\t\t<div class=\"swiper-pagination\"><\/div>\n\t\t\t\t\t\t\t\t\t<\/div>\n\t\t\t\t\t\t<\/div>\n\t\t\t\t<\/div>\n\t\t\t\t\t<\/div>\n\t\t\t\t<\/div>\n\t\t\t\t<\/div>\n\t\t\n","protected":false},"excerpt":{"rendered":"","protected":false},"featured_media":23701,"comment_status":"open","ping_status":"closed","template":"","meta":{"_acf_changed":false},"product_brand":[],"product_cat":[470],"product_tag":[],"class_list":{"0":"post-29738","1":"product","2":"type-product","3":"status-publish","4":"has-post-thumbnail","6":"product_cat-systemes-de-coupe-et-de-traitement","8":"first","9":"instock","10":"shipping-taxable","11":"product-type-simple"},"acf":[],"_links":{"self":[{"href":"https:\/\/papier-sprick.de\/fr\/wp-json\/wp\/v2\/product\/29738","targetHints":{"allow":["GET"]}}],"collection":[{"href":"https:\/\/papier-sprick.de\/fr\/wp-json\/wp\/v2\/product"}],"about":[{"href":"https:\/\/papier-sprick.de\/fr\/wp-json\/wp\/v2\/types\/product"}],"replies":[{"embeddable":true,"href":"https:\/\/papier-sprick.de\/fr\/wp-json\/wp\/v2\/comments?post=29738"}],"version-history":[{"count":7,"href":"https:\/\/papier-sprick.de\/fr\/wp-json\/wp\/v2\/product\/29738\/revisions"}],"predecessor-version":[{"id":38060,"href":"https:\/\/papier-sprick.de\/fr\/wp-json\/wp\/v2\/product\/29738\/revisions\/38060"}],"wp:featuredmedia":[{"embeddable":true,"href":"https:\/\/papier-sprick.de\/fr\/wp-json\/wp\/v2\/media\/23701"}],"wp:attachment":[{"href":"https:\/\/papier-sprick.de\/fr\/wp-json\/wp\/v2\/media?parent=29738"}],"wp:term":[{"taxonomy":"product_brand","embeddable":true,"href":"https:\/\/papier-sprick.de\/fr\/wp-json\/wp\/v2\/product_brand?post=29738"},{"taxonomy":"product_cat","embeddable":true,"href":"https:\/\/papier-sprick.de\/fr\/wp-json\/wp\/v2\/product_cat?post=29738"},{"taxonomy":"product_tag","embeddable":true,"href":"https:\/\/papier-sprick.de\/fr\/wp-json\/wp\/v2\/product_tag?post=29738"}],"curies":[{"name":"wp","href":"https:\/\/api.w.org\/{rel}","templated":true}]}}