{"id":29207,"date":"2023-10-17T07:45:24","date_gmt":"2023-10-17T05:45:24","guid":{"rendered":"https:\/\/papier-sprick.de\/?post_type=product&#038;p=29207"},"modified":"2025-01-10T12:02:10","modified_gmt":"2025-01-10T10:02:10","slug":"paperjet-fit","status":"publish","type":"product","link":"https:\/\/papier-sprick.de\/fr\/produit\/paperjet-fit\/","title":{"rendered":"PaperJet\u00ae Fit"},"content":{"rendered":"<p><strong>PaperJet<sup>\u00ae<\/sup> Fit\u00a0\u2013 encombrement r\u00e9duit, programmation pratique et personnalis\u00e9e<\/strong><\/p>\n<p>PaperJet<sup>\u00ae<\/sup> Fit\u00a0produit des coussins papier compacts et tr\u00e8s r\u00e9sistants \u00e0 partir d\u2019une longueur de 10 cm, qui conviennent particuli\u00e8rement bien \u00e0 vos petits colis. Le syst\u00e8me sait convaincre par sa conception compacte et s\u2019int\u00e8gre parfaitement dans les processus existants, gr\u00e2ce \u00e0 ses dimensions r\u00e9duites.<\/p>\n<p>Avec l\u2019\u00e9cran fourni, vous pouvez choisir entre les modes pr\u00e9l\u00e8vement, r\u00e9serve et s\u00e9rie en fonction de vos besoins. Vous pouvez r\u00e9gler en continu aussi bien la vitesse que la longueur des coussins. Le confort d\u2019utilisation est \u00e9galement une priorit\u00e9 pour l\u2019alimentation automatique en papier, qui devient un jeu d\u2019enfant gr\u00e2ce au bouton d\u2019alimentation. Les interruptions de production ind\u00e9sirables sont supprim\u00e9es, car la technique de transport sp\u00e9ciale permet d\u2019\u00e9viter les bourrages de papier. Le papier respectueux de l\u2019environnement est \u00e0 100 % \u00e0 base de papier recycl\u00e9 labellis\u00e9 &lt;&lt; Blauer Engel &gt;&gt; (Ange Bleu).<\/p>\n<p><strong>Tout-en-un \u2013 Made in Germany<\/strong><br \/>\nLa production de la machine et du papier pr\u00e9serve les ressources, est conforme aux normes techniques les plus r\u00e9centes et est r\u00e9alis\u00e9e exclusivement en Allemagne avec des mat\u00e9riaux de haute qualit\u00e9 avec l\u2019assurance de la certification ISO 50001.<\/p>\n","protected":false},"excerpt":{"rendered":"<p>PaperJet\u00ae Fit\u00a0\u2013 encombrement r\u00e9duit, programmation pratique et personnalis\u00e9e PaperJet\u00ae Fit\u00a0produit des coussins papier compacts et tr\u00e8s r\u00e9sistants \u00e0 partir d\u2019une longueur de 10 cm, qui conviennent particuli\u00e8rement bien \u00e0 vos petits colis. Le syst\u00e8me sait convaincre par sa conception compacte et s\u2019int\u00e8gre parfaitement dans les processus existants, gr\u00e2ce \u00e0 ses dimensions r\u00e9duites. Avec l\u2019\u00e9cran fourni, [&hellip;]<\/p>\n","protected":false},"featured_media":31470,"comment_status":"closed","ping_status":"closed","template":"","meta":{"_acf_changed":false},"product_brand":[],"product_cat":[460,464],"product_tag":[],"class_list":{"0":"post-29207","1":"product","2":"type-product","3":"status-publish","4":"has-post-thumbnail","6":"product_cat-besoins-en-produits-de-calage-et-de-rembourrage","7":"product_cat-systemes-de-calage-et-de-remplissage-de-vide","9":"first","10":"instock","11":"shipping-taxable","12":"product-type-simple"},"acf":[],"_links":{"self":[{"href":"https:\/\/papier-sprick.de\/fr\/wp-json\/wp\/v2\/product\/29207","targetHints":{"allow":["GET"]}}],"collection":[{"href":"https:\/\/papier-sprick.de\/fr\/wp-json\/wp\/v2\/product"}],"about":[{"href":"https:\/\/papier-sprick.de\/fr\/wp-json\/wp\/v2\/types\/product"}],"replies":[{"embeddable":true,"href":"https:\/\/papier-sprick.de\/fr\/wp-json\/wp\/v2\/comments?post=29207"}],"version-history":[{"count":8,"href":"https:\/\/papier-sprick.de\/fr\/wp-json\/wp\/v2\/product\/29207\/revisions"}],"predecessor-version":[{"id":38094,"href":"https:\/\/papier-sprick.de\/fr\/wp-json\/wp\/v2\/product\/29207\/revisions\/38094"}],"wp:featuredmedia":[{"embeddable":true,"href":"https:\/\/papier-sprick.de\/fr\/wp-json\/wp\/v2\/media\/31470"}],"wp:attachment":[{"href":"https:\/\/papier-sprick.de\/fr\/wp-json\/wp\/v2\/media?parent=29207"}],"wp:term":[{"taxonomy":"product_brand","embeddable":true,"href":"https:\/\/papier-sprick.de\/fr\/wp-json\/wp\/v2\/product_brand?post=29207"},{"taxonomy":"product_cat","embeddable":true,"href":"https:\/\/papier-sprick.de\/fr\/wp-json\/wp\/v2\/product_cat?post=29207"},{"taxonomy":"product_tag","embeddable":true,"href":"https:\/\/papier-sprick.de\/fr\/wp-json\/wp\/v2\/product_tag?post=29207"}],"curies":[{"name":"wp","href":"https:\/\/api.w.org\/{rel}","templated":true}]}}