{"id":28891,"date":"2023-10-11T15:37:25","date_gmt":"2023-10-11T13:37:25","guid":{"rendered":"https:\/\/papier-sprick.de\/produkt\/mousse-duo%e2%80%91pack\/"},"modified":"2025-11-07T14:20:29","modified_gmt":"2025-11-07T12:20:29","slug":"mousse-duo%e2%80%91pack","status":"publish","type":"product","link":"https:\/\/papier-sprick.de\/fr\/produit\/mousse-duo%e2%80%91pack\/","title":{"rendered":"Mousse DUO\u2011Pack"},"content":{"rendered":"<p>Mousse DUO\u2011Pack est un carton ondul\u00e9 sur une face, avec un pelliculage int\u00e9rieur constitu\u00e9 de mousse PE. Il est fourni en rouleaux ou en formats de <strong>dimensions individuelles<\/strong>.<\/p>\n<p>La couche de mousse appliqu\u00e9e <strong>prot\u00e8ge<\/strong> de mani\u00e8re fiable les surfaces extr\u00eamement sensibles <strong>contre la poussi\u00e8re, les salissures et l&#8217;humidit\u00e9<\/strong>, ainsi que contre les rayures et les dommages li\u00e9s au transport.<\/p>\n<p>DUO\u2011Pack est <strong>tr\u00e8s r\u00e9sistant<\/strong> et en m\u00eame temps flexible et <strong>facile \u00e0 traiter<\/strong>. La mousse DUO\u2011Pack est 100 % recyclable via les d\u00e9chets de papier.<\/p>\n<p>Avec nos syst\u00e8mes de coupe et nos machines de fa\u00e7onnage ult\u00e9rieur, vous pouvez <strong>traiter<\/strong> la mousse DUO\u2011Pack encore plus facilement :<\/p>\n<p>La d\u00e9coupeuse compacte de carton ondul\u00e9 VariProtect\u00ae 800 vous met en mesure de produire \u00e0 tout moment <strong>des d\u00e9coupes adapt\u00e9es<\/strong> \u00e0 vos besoins de conditionnement. Avec notre VariProtect XL, vous pouvez \u00e9galement produire vous-m\u00eame des corni\u00e8res de protection des bords en longueurs individuelles sur place, \u00e0 base de DUO\u2011Pack. Avec la VariPack de Papier Sprick, vous pouvez produire vous-m\u00eame, \u00e0 tout moment et de mani\u00e8re rentable, des <strong>cartons \u00e0 partir du rouleau, de dimensions variables<\/strong> et au <strong>format FEFCO<\/strong> d\u00e8s une taille de lot unitaire. Ainsi, vous restez toujours flexible au fur et \u00e0 mesure de l&#8217;\u00e9volution de vos besoins et vous <strong>\u00e9conomisez<\/strong> en plus de l&#8217;espace de stockage et <strong>les co\u00fbts d&#8217;entreposage<\/strong> correspondants concernant la constitution de stocks de diff\u00e9rentes tailles de carton ou des protections des bords.<\/p>\n","protected":false},"excerpt":{"rendered":"<p>Mousse DUO\u2011Pack est un carton ondul\u00e9 sur une face, avec un pelliculage int\u00e9rieur constitu\u00e9 de mousse PE. Il est fourni en rouleaux ou en formats de dimensions individuelles. La couche de mousse appliqu\u00e9e prot\u00e8ge de mani\u00e8re fiable les surfaces extr\u00eamement sensibles contre la poussi\u00e8re, les salissures et l&#8217;humidit\u00e9, ainsi que contre les rayures et les [&hellip;]<\/p>\n","protected":false},"featured_media":28741,"comment_status":"closed","ping_status":"closed","template":"","meta":{"_acf_changed":false},"product_brand":[],"product_cat":[472],"product_tag":[],"class_list":{"0":"post-28891","1":"product","2":"type-product","3":"status-publish","4":"has-post-thumbnail","6":"product_cat-duo-pack-produits","8":"first","9":"instock","10":"product-type-simple"},"acf":[],"_links":{"self":[{"href":"https:\/\/papier-sprick.de\/fr\/wp-json\/wp\/v2\/product\/28891","targetHints":{"allow":["GET"]}}],"collection":[{"href":"https:\/\/papier-sprick.de\/fr\/wp-json\/wp\/v2\/product"}],"about":[{"href":"https:\/\/papier-sprick.de\/fr\/wp-json\/wp\/v2\/types\/product"}],"replies":[{"embeddable":true,"href":"https:\/\/papier-sprick.de\/fr\/wp-json\/wp\/v2\/comments?post=28891"}],"version-history":[{"count":6,"href":"https:\/\/papier-sprick.de\/fr\/wp-json\/wp\/v2\/product\/28891\/revisions"}],"predecessor-version":[{"id":43545,"href":"https:\/\/papier-sprick.de\/fr\/wp-json\/wp\/v2\/product\/28891\/revisions\/43545"}],"wp:featuredmedia":[{"embeddable":true,"href":"https:\/\/papier-sprick.de\/fr\/wp-json\/wp\/v2\/media\/28741"}],"wp:attachment":[{"href":"https:\/\/papier-sprick.de\/fr\/wp-json\/wp\/v2\/media?parent=28891"}],"wp:term":[{"taxonomy":"product_brand","embeddable":true,"href":"https:\/\/papier-sprick.de\/fr\/wp-json\/wp\/v2\/product_brand?post=28891"},{"taxonomy":"product_cat","embeddable":true,"href":"https:\/\/papier-sprick.de\/fr\/wp-json\/wp\/v2\/product_cat?post=28891"},{"taxonomy":"product_tag","embeddable":true,"href":"https:\/\/papier-sprick.de\/fr\/wp-json\/wp\/v2\/product_tag?post=28891"}],"curies":[{"name":"wp","href":"https:\/\/api.w.org\/{rel}","templated":true}]}}