{"id":28890,"date":"2023-10-11T15:37:25","date_gmt":"2023-10-11T13:37:25","guid":{"rendered":"https:\/\/papier-sprick.de\/produkt\/duo-pack-xl\/"},"modified":"2025-11-07T14:41:55","modified_gmt":"2025-11-07T12:41:55","slug":"duo-pack-xl","status":"publish","type":"product","link":"https:\/\/papier-sprick.de\/fr\/produit\/duo-pack-xl\/","title":{"rendered":"DUO\u2011Pack XL"},"content":{"rendered":"<p>DUO\u2011Pack XL est un mat\u00e9riau d&#8217;emballage bi-couche, en carton ondul\u00e9 contrecoll\u00e9. Le pelliculage int\u00e9rieur est r\u00e9alis\u00e9 dans des qualit\u00e9s de papier sp\u00e9cifiques au client ou en mousse PE, de sorte que m\u00eame les surfaces sensibles peuvent \u00eatre prot\u00e9g\u00e9es de mani\u00e8re optimale.<\/p>\n<p>DUO\u2011Pack XL r\u00e9pond aux exigences les plus \u00e9lev\u00e9es en mati\u00e8re de solidit\u00e9, de rembourrage et de capacit\u00e9 d&#8217;empilage de l&#8217;emballage, gr\u00e2ce \u00e0 sa double cannelure. DUO\u2011Pack XL peut \u00eatre pourvu d&#8217;un rainurage individuel et transform\u00e9 en \u00ab carton d\u00e9vid\u00e9 \u00bb, gr\u00e2ce aux machines d&#8217;emballage Sprick. Cela vous permet de combiner une protection optimale de vos marchandises avec une flexibilit\u00e9 maximale en mati\u00e8re d&#8217;emballage, m\u00eame pour les petits lots.<\/p>\n<p>DUO\u2011Pack XL convient aussi parfaitement comme <strong>protection des bords en rouleau<\/strong>.<\/p>\n<p>DUO\u2011Pack XL est disponible en rouleaux ou bien encore <strong>en formats aux dimensions sur mesure.<\/strong>.<\/p>\n","protected":false},"excerpt":{"rendered":"<p>DUO\u2011Pack XL est un mat\u00e9riau d&#8217;emballage bi-couche, en carton ondul\u00e9 contrecoll\u00e9. Le pelliculage int\u00e9rieur est r\u00e9alis\u00e9 dans des qualit\u00e9s de papier sp\u00e9cifiques au client ou en mousse PE, de sorte que m\u00eame les surfaces sensibles peuvent \u00eatre prot\u00e9g\u00e9es de mani\u00e8re optimale. DUO\u2011Pack XL r\u00e9pond aux exigences les plus \u00e9lev\u00e9es en mati\u00e8re de solidit\u00e9, de rembourrage [&hellip;]<\/p>\n","protected":false},"featured_media":28728,"comment_status":"closed","ping_status":"closed","template":"","meta":{"_acf_changed":false},"product_brand":[],"product_cat":[472],"product_tag":[],"class_list":{"0":"post-28890","1":"product","2":"type-product","3":"status-publish","4":"has-post-thumbnail","6":"product_cat-duo-pack-produits","8":"first","9":"instock","10":"product-type-simple"},"acf":[],"_links":{"self":[{"href":"https:\/\/papier-sprick.de\/fr\/wp-json\/wp\/v2\/product\/28890","targetHints":{"allow":["GET"]}}],"collection":[{"href":"https:\/\/papier-sprick.de\/fr\/wp-json\/wp\/v2\/product"}],"about":[{"href":"https:\/\/papier-sprick.de\/fr\/wp-json\/wp\/v2\/types\/product"}],"replies":[{"embeddable":true,"href":"https:\/\/papier-sprick.de\/fr\/wp-json\/wp\/v2\/comments?post=28890"}],"version-history":[{"count":7,"href":"https:\/\/papier-sprick.de\/fr\/wp-json\/wp\/v2\/product\/28890\/revisions"}],"predecessor-version":[{"id":43557,"href":"https:\/\/papier-sprick.de\/fr\/wp-json\/wp\/v2\/product\/28890\/revisions\/43557"}],"wp:featuredmedia":[{"embeddable":true,"href":"https:\/\/papier-sprick.de\/fr\/wp-json\/wp\/v2\/media\/28728"}],"wp:attachment":[{"href":"https:\/\/papier-sprick.de\/fr\/wp-json\/wp\/v2\/media?parent=28890"}],"wp:term":[{"taxonomy":"product_brand","embeddable":true,"href":"https:\/\/papier-sprick.de\/fr\/wp-json\/wp\/v2\/product_brand?post=28890"},{"taxonomy":"product_cat","embeddable":true,"href":"https:\/\/papier-sprick.de\/fr\/wp-json\/wp\/v2\/product_cat?post=28890"},{"taxonomy":"product_tag","embeddable":true,"href":"https:\/\/papier-sprick.de\/fr\/wp-json\/wp\/v2\/product_tag?post=28890"}],"curies":[{"name":"wp","href":"https:\/\/api.w.org\/{rel}","templated":true}]}}