{"id":28889,"date":"2023-10-11T15:37:25","date_gmt":"2023-10-11T13:37:25","guid":{"rendered":"https:\/\/papier-sprick.de\/produkt\/duo-pack-soft\/"},"modified":"2025-11-07T14:16:50","modified_gmt":"2025-11-07T12:16:50","slug":"duo-pack-soft","status":"publish","type":"product","link":"https:\/\/papier-sprick.de\/fr\/produit\/duo-pack-soft\/","title":{"rendered":"DUO\u2011Pack Soft"},"content":{"rendered":"<p><strong>DUO\u2011Pack Soft<\/strong> est un carton ondul\u00e9 sur une face, avec pelliculage de non-tiss\u00e9 \u00e9cologique sur la cannelure, qui est disponible sous forme de rouleaux ou en formats. Le pelliculage int\u00e9rieur en papier non-tiss\u00e9 \u00e0 base de cellulose est tr\u00e8s doux et respirant, de sorte que m\u00eame les surfaces particuli\u00e8rement sensibles peuvent \u00eatre prot\u00e9g\u00e9es de mani\u00e8re optimale.<\/p>\n<p>DUO\u2011Pack Soft conjugue ainsi les meilleures propri\u00e9t\u00e9s de mat\u00e9riaux diff\u00e9rents. Il est l\u00e9ger, flexible, robuste et <strong>permet d&#8217;\u00e9viter les dommages de transport<\/strong> et les r\u00e9clamations, gr\u00e2ce \u00e0 la double protection offerte par l&#8217;emballage.<\/p>\n<p>Qu&#8217;il s&#8217;agisse de verre, de porcelaine, de bois, de m\u00e9tal, de meubles ou de pi\u00e8ces de rechange \u2013 DUO\u2011Pack Soft peut \u00eatre utilis\u00e9 partout et il est <strong>enti\u00e8rement recyclable, car \u00e0 base de vieux papiers<\/strong>.<\/p>\n","protected":false},"excerpt":{"rendered":"<p>DUO\u2011Pack Soft est un carton ondul\u00e9 sur une face, avec pelliculage de non-tiss\u00e9 \u00e9cologique sur la cannelure, qui est disponible sous forme de rouleaux ou en formats. Le pelliculage int\u00e9rieur en papier non-tiss\u00e9 \u00e0 base de cellulose est tr\u00e8s doux et respirant, de sorte que m\u00eame les surfaces particuli\u00e8rement sensibles peuvent \u00eatre prot\u00e9g\u00e9es de mani\u00e8re [&hellip;]<\/p>\n","protected":false},"featured_media":28712,"comment_status":"closed","ping_status":"closed","template":"","meta":{"_acf_changed":false},"product_brand":[],"product_cat":[472],"product_tag":[],"class_list":{"0":"post-28889","1":"product","2":"type-product","3":"status-publish","4":"has-post-thumbnail","6":"product_cat-duo-pack-produits","8":"first","9":"instock","10":"product-type-simple"},"acf":[],"_links":{"self":[{"href":"https:\/\/papier-sprick.de\/fr\/wp-json\/wp\/v2\/product\/28889","targetHints":{"allow":["GET"]}}],"collection":[{"href":"https:\/\/papier-sprick.de\/fr\/wp-json\/wp\/v2\/product"}],"about":[{"href":"https:\/\/papier-sprick.de\/fr\/wp-json\/wp\/v2\/types\/product"}],"replies":[{"embeddable":true,"href":"https:\/\/papier-sprick.de\/fr\/wp-json\/wp\/v2\/comments?post=28889"}],"version-history":[{"count":8,"href":"https:\/\/papier-sprick.de\/fr\/wp-json\/wp\/v2\/product\/28889\/revisions"}],"predecessor-version":[{"id":43542,"href":"https:\/\/papier-sprick.de\/fr\/wp-json\/wp\/v2\/product\/28889\/revisions\/43542"}],"wp:featuredmedia":[{"embeddable":true,"href":"https:\/\/papier-sprick.de\/fr\/wp-json\/wp\/v2\/media\/28712"}],"wp:attachment":[{"href":"https:\/\/papier-sprick.de\/fr\/wp-json\/wp\/v2\/media?parent=28889"}],"wp:term":[{"taxonomy":"product_brand","embeddable":true,"href":"https:\/\/papier-sprick.de\/fr\/wp-json\/wp\/v2\/product_brand?post=28889"},{"taxonomy":"product_cat","embeddable":true,"href":"https:\/\/papier-sprick.de\/fr\/wp-json\/wp\/v2\/product_cat?post=28889"},{"taxonomy":"product_tag","embeddable":true,"href":"https:\/\/papier-sprick.de\/fr\/wp-json\/wp\/v2\/product_tag?post=28889"}],"curies":[{"name":"wp","href":"https:\/\/api.w.org\/{rel}","templated":true}]}}