{"id":28888,"date":"2023-10-11T15:37:25","date_gmt":"2023-10-11T13:37:25","guid":{"rendered":"https:\/\/papier-sprick.de\/produkt\/papier-duo%e2%80%91pack\/"},"modified":"2025-11-07T14:43:53","modified_gmt":"2025-11-07T12:43:53","slug":"papier-duo%e2%80%91pack","status":"publish","type":"product","link":"https:\/\/papier-sprick.de\/fr\/produit\/papier-duo%e2%80%91pack\/","title":{"rendered":"Papier DUO\u2011Pack"},"content":{"rendered":"<p>Le papier DUO-Pack est un carton ondul\u00e9 sur une face, qui est en outre rev\u00eatu de papier sur la face cannel\u00e9e. Le pelliculage est effectu\u00e9 en fonction des exigences sp\u00e9cifiques, avec diff\u00e9rents types et grammages de papier. Les diff\u00e9rents types de papier diff\u00e8rent en termes de finition de surface, de flexibilit\u00e9 et de stabilit\u00e9, de r\u00e9sistance \u00e0 la perforation et \u00e0 la d\u00e9chirure. La possibilit\u00e9 d&#8217;une <strong>composition personnalis\u00e9<\/strong>e permet d&#8217;obtenir une adaptation optimale \u00e0 l&#8217;objectif de l&#8217;emballage et \u00e0 la m\u00e9thode de traitement souhait\u00e9e &#8211; sous forme manuelle ou m\u00e9canique &#8211; ceci afin de garantir <strong>pendant le transport la meilleure protection<\/strong> possible de vos marchandises emball\u00e9es &#8211; ceci \u00e9vite les r\u00e9clamations et les pr\u00e9judices pour l&#8217;image.<\/p>\n<p>Le papier DUO\u2011Pack est disponible comme carton ondul\u00e9 en rouleaux ou en formats de carton ondul\u00e9 dans des largeurs de rouleaux, des m\u00e9trages et <strong>des dimensions personnalis\u00e9es ainsi que sous forme de compositions et dans diff\u00e9rentes qualit\u00e9s standard.<\/strong><\/p>\n","protected":false},"excerpt":{"rendered":"<p>Le papier DUO-Pack est un carton ondul\u00e9 sur une face, qui est en outre rev\u00eatu de papier sur la face cannel\u00e9e. Le pelliculage est effectu\u00e9 en fonction des exigences sp\u00e9cifiques, avec diff\u00e9rents types et grammages de papier. Les diff\u00e9rents types de papier diff\u00e8rent en termes de finition de surface, de flexibilit\u00e9 et de stabilit\u00e9, de [&hellip;]<\/p>\n","protected":false},"featured_media":28699,"comment_status":"closed","ping_status":"closed","template":"","meta":{"_acf_changed":false},"product_brand":[],"product_cat":[472],"product_tag":[],"class_list":{"0":"post-28888","1":"product","2":"type-product","3":"status-publish","4":"has-post-thumbnail","6":"product_cat-duo-pack-produits","8":"first","9":"instock","10":"product-type-simple"},"acf":[],"_links":{"self":[{"href":"https:\/\/papier-sprick.de\/fr\/wp-json\/wp\/v2\/product\/28888","targetHints":{"allow":["GET"]}}],"collection":[{"href":"https:\/\/papier-sprick.de\/fr\/wp-json\/wp\/v2\/product"}],"about":[{"href":"https:\/\/papier-sprick.de\/fr\/wp-json\/wp\/v2\/types\/product"}],"replies":[{"embeddable":true,"href":"https:\/\/papier-sprick.de\/fr\/wp-json\/wp\/v2\/comments?post=28888"}],"version-history":[{"count":7,"href":"https:\/\/papier-sprick.de\/fr\/wp-json\/wp\/v2\/product\/28888\/revisions"}],"predecessor-version":[{"id":43562,"href":"https:\/\/papier-sprick.de\/fr\/wp-json\/wp\/v2\/product\/28888\/revisions\/43562"}],"wp:featuredmedia":[{"embeddable":true,"href":"https:\/\/papier-sprick.de\/fr\/wp-json\/wp\/v2\/media\/28699"}],"wp:attachment":[{"href":"https:\/\/papier-sprick.de\/fr\/wp-json\/wp\/v2\/media?parent=28888"}],"wp:term":[{"taxonomy":"product_brand","embeddable":true,"href":"https:\/\/papier-sprick.de\/fr\/wp-json\/wp\/v2\/product_brand?post=28888"},{"taxonomy":"product_cat","embeddable":true,"href":"https:\/\/papier-sprick.de\/fr\/wp-json\/wp\/v2\/product_cat?post=28888"},{"taxonomy":"product_tag","embeddable":true,"href":"https:\/\/papier-sprick.de\/fr\/wp-json\/wp\/v2\/product_tag?post=28888"}],"curies":[{"name":"wp","href":"https:\/\/api.w.org\/{rel}","templated":true}]}}