{"id":28887,"date":"2023-10-11T15:37:10","date_gmt":"2023-10-11T13:37:10","guid":{"rendered":"https:\/\/papier-sprick.de\/produkt\/carton-ondule-en-rouleaux\/"},"modified":"2025-01-10T11:34:09","modified_gmt":"2025-01-10T09:34:09","slug":"carton-ondule-en-rouleaux","status":"publish","type":"product","link":"https:\/\/papier-sprick.de\/fr\/produit\/carton-ondule-en-rouleaux\/","title":{"rendered":"Carton ondul\u00e9 en rouleaux"},"content":{"rendered":"<p><b>Notre classique &#8211; pour l&#8217;emballage sans fin, flexible et respectueux de l&#8217;environnement<\/b><\/p>\n<p>L&#8217;atout majeur du carton ondul\u00e9 en rouleau r\u00e9side dans sa flexibilit\u00e9 en termes de <strong>possibilit\u00e9s d&#8217;application illimit\u00e9es<\/strong> et dans son <strong>prix avantageux<\/strong>.<\/p>\n<p>Nous produisons pour vous des rouleaux de carton ondul\u00e9 \u00e0 une ou plusieurs cannelures de diff\u00e9rents types &#8211; \u00e0 la demande, \u00e9galement dans des largeurs et longueurs individuelles. En fonction des exigences pos\u00e9es \u00e0 l&#8217;emballage, vous avez le choix entre diff\u00e9rentes qualit\u00e9s de papier et diff\u00e9rents grammages pour la couverture ext\u00e9rieure, le carton ondul\u00e9 et la couverture int\u00e9rieure, ou vous pouvez opter pour un <strong>contrecollage avec de la mousse ou un non-tiss\u00e9 \u00e9cologique<\/strong>, par exemple afin d&#8217;adapter de mani\u00e8re optimale la r\u00e9sistance ou la flexibilit\u00e9 du carton ondul\u00e9 aux produits \u00e0 emballer.<\/p>\n<p>Nous proposons nos <strong>qualit\u00e9s standard \u00e0 prix avantageux<\/strong> pour notre papier macul\u00e9 (papier Schrenz) 80 g issu de notre propre production, dans la cannelure et la couverture ext\u00e9rieure. Le papier Schrenz est compos\u00e9 \u00e0 <strong>100% de papier recycl\u00e9<\/strong> et il est lui-m\u00eame <strong>100% recyclable<\/strong>, ce qui le rend <strong>particuli\u00e8rement \u00e9cologique<\/strong>. Pour les emballages n\u00e9cessitant une r\u00e9sistance particuli\u00e8re, nous recommandons le carton ondul\u00e9 avec du <strong>kraftliner<\/strong> ou du <strong>testliner<\/strong> dans la couverture ext\u00e9rieure.<\/p>\n<p>Nous sommes \u00e0 votre disposition pour vous conseiller dans le choix de la composition la mieux adapt\u00e9e.<\/p>\n<p>Par ailleurs, notre carton ondul\u00e9 en rouleaux peut \u00eatre fa\u00e7onn\u00e9 de mani\u00e8re id\u00e9ale avec les dispositifs de d\u00e9coupe et les machines d&#8217;emballage de Papier Sprick. De cette fa\u00e7on, vous combinez la <strong>rentabilit\u00e9 du mat\u00e9riau<\/strong> avec la plus grande flexibilit\u00e9 d&#8217;utilisation et pouvez ainsi <strong>augmenter les performances de la zone d&#8217;emballage<\/strong>.<\/p>\n<p>Les utilisateurs typiques de notre carton ondul\u00e9 en rouleaux sont, \u00e0 titre d&#8217;exemple :<\/p>\n<ul>\n<li>Construction automobile et \u00e9quipementiers automobiles<\/li>\n<li>Construction m\u00e9canique et construction m\u00e9tallique<\/li>\n<li>Transformation des mati\u00e8res plastiques<\/li>\n<li>Exp\u00e9diteurs et secteur des transports<\/li>\n<li>VPC<\/li>\n<li>Industrie de la porcelaine\/c\u00e9ramique<\/li>\n<\/ul>\n","protected":false},"excerpt":{"rendered":"<p>Notre classique &#8211; pour l&#8217;emballage sans fin, flexible et respectueux de l&#8217;environnement L&#8217;atout majeur du carton ondul\u00e9 en rouleau r\u00e9side dans sa flexibilit\u00e9 en termes de possibilit\u00e9s d&#8217;application illimit\u00e9es et dans son prix avantageux. Nous produisons pour vous des rouleaux de carton ondul\u00e9 \u00e0 une ou plusieurs cannelures de diff\u00e9rents types &#8211; \u00e0 la demande, [&hellip;]<\/p>\n","protected":false},"featured_media":28686,"comment_status":"closed","ping_status":"closed","template":"","meta":{"_acf_changed":false},"product_brand":[],"product_cat":[471],"product_tag":[],"class_list":{"0":"post-28887","1":"product","2":"type-product","3":"status-publish","4":"has-post-thumbnail","6":"product_cat-carton-ondule","8":"first","9":"instock","10":"product-type-simple"},"acf":[],"_links":{"self":[{"href":"https:\/\/papier-sprick.de\/fr\/wp-json\/wp\/v2\/product\/28887","targetHints":{"allow":["GET"]}}],"collection":[{"href":"https:\/\/papier-sprick.de\/fr\/wp-json\/wp\/v2\/product"}],"about":[{"href":"https:\/\/papier-sprick.de\/fr\/wp-json\/wp\/v2\/types\/product"}],"replies":[{"embeddable":true,"href":"https:\/\/papier-sprick.de\/fr\/wp-json\/wp\/v2\/comments?post=28887"}],"version-history":[{"count":6,"href":"https:\/\/papier-sprick.de\/fr\/wp-json\/wp\/v2\/product\/28887\/revisions"}],"predecessor-version":[{"id":38061,"href":"https:\/\/papier-sprick.de\/fr\/wp-json\/wp\/v2\/product\/28887\/revisions\/38061"}],"wp:featuredmedia":[{"embeddable":true,"href":"https:\/\/papier-sprick.de\/fr\/wp-json\/wp\/v2\/media\/28686"}],"wp:attachment":[{"href":"https:\/\/papier-sprick.de\/fr\/wp-json\/wp\/v2\/media?parent=28887"}],"wp:term":[{"taxonomy":"product_brand","embeddable":true,"href":"https:\/\/papier-sprick.de\/fr\/wp-json\/wp\/v2\/product_brand?post=28887"},{"taxonomy":"product_cat","embeddable":true,"href":"https:\/\/papier-sprick.de\/fr\/wp-json\/wp\/v2\/product_cat?post=28887"},{"taxonomy":"product_tag","embeddable":true,"href":"https:\/\/papier-sprick.de\/fr\/wp-json\/wp\/v2\/product_tag?post=28887"}],"curies":[{"name":"wp","href":"https:\/\/api.w.org\/{rel}","templated":true}]}}