{"id":28886,"date":"2023-10-11T15:37:10","date_gmt":"2023-10-11T13:37:10","guid":{"rendered":"https:\/\/papier-sprick.de\/produkt\/duo-pack-grip\/"},"modified":"2025-11-07T14:22:55","modified_gmt":"2025-11-07T12:22:55","slug":"duo-pack-grip","status":"publish","type":"product","link":"https:\/\/papier-sprick.de\/fr\/produit\/duo-pack-grip\/","title":{"rendered":"DUO\u2011Pack GRIP"},"content":{"rendered":"<p>DUO\u2011Pack GRIP est un carton ondul\u00e9 sur une face, rev\u00eatu d&#8217;une <strong>mousse antid\u00e9rapante<\/strong>. La doublure simple ou double face avec de la mousse PU de haute qualit\u00e9 garantit un effet antid\u00e9rapant optimal et est extr\u00eamement respectueuse des surfaces.<\/p>\n<p>Utilis\u00e9 comme <strong>appui de palette ou comme intercalaire<\/strong>, DUO\u2011Pack GRIP sert \u00e0 s\u00e9curiser les charges. M\u00eame si les charges sont lourdes, DUO\u2011Pack GRIP conserve son effet amortisseur et sa capacit\u00e9 \u00e0 absorber les chocs. Pas de glissement, pas de rayures sur les surfaces sensibles : DUO\u2011Pack GRIP <strong>stabilise et prot\u00e8ge<\/strong>.<\/p>\n<p>DUO\u2011Pack GRIP est disponible en rouleaux ou en formats. Les dimensions peuvent \u00eatre sp\u00e9cifi\u00e9es individuellement.<\/p>\n","protected":false},"excerpt":{"rendered":"<p>DUO\u2011Pack GRIP est un carton ondul\u00e9 sur une face, rev\u00eatu d&#8217;une mousse antid\u00e9rapante. La doublure simple ou double face avec de la mousse PU de haute qualit\u00e9 garantit un effet antid\u00e9rapant optimal et est extr\u00eamement respectueuse des surfaces. Utilis\u00e9 comme appui de palette ou comme intercalaire, DUO\u2011Pack GRIP sert \u00e0 s\u00e9curiser les charges. M\u00eame si [&hellip;]<\/p>\n","protected":false},"featured_media":28673,"comment_status":"closed","ping_status":"closed","template":"","meta":{"_acf_changed":false},"product_brand":[],"product_cat":[472],"product_tag":[],"class_list":{"0":"post-28886","1":"product","2":"type-product","3":"status-publish","4":"has-post-thumbnail","6":"product_cat-duo-pack-produits","8":"first","9":"instock","10":"product-type-simple"},"acf":[],"_links":{"self":[{"href":"https:\/\/papier-sprick.de\/fr\/wp-json\/wp\/v2\/product\/28886","targetHints":{"allow":["GET"]}}],"collection":[{"href":"https:\/\/papier-sprick.de\/fr\/wp-json\/wp\/v2\/product"}],"about":[{"href":"https:\/\/papier-sprick.de\/fr\/wp-json\/wp\/v2\/types\/product"}],"replies":[{"embeddable":true,"href":"https:\/\/papier-sprick.de\/fr\/wp-json\/wp\/v2\/comments?post=28886"}],"version-history":[{"count":7,"href":"https:\/\/papier-sprick.de\/fr\/wp-json\/wp\/v2\/product\/28886\/revisions"}],"predecessor-version":[{"id":43547,"href":"https:\/\/papier-sprick.de\/fr\/wp-json\/wp\/v2\/product\/28886\/revisions\/43547"}],"wp:featuredmedia":[{"embeddable":true,"href":"https:\/\/papier-sprick.de\/fr\/wp-json\/wp\/v2\/media\/28673"}],"wp:attachment":[{"href":"https:\/\/papier-sprick.de\/fr\/wp-json\/wp\/v2\/media?parent=28886"}],"wp:term":[{"taxonomy":"product_brand","embeddable":true,"href":"https:\/\/papier-sprick.de\/fr\/wp-json\/wp\/v2\/product_brand?post=28886"},{"taxonomy":"product_cat","embeddable":true,"href":"https:\/\/papier-sprick.de\/fr\/wp-json\/wp\/v2\/product_cat?post=28886"},{"taxonomy":"product_tag","embeddable":true,"href":"https:\/\/papier-sprick.de\/fr\/wp-json\/wp\/v2\/product_tag?post=28886"}],"curies":[{"name":"wp","href":"https:\/\/api.w.org\/{rel}","templated":true}]}}