{"id":28885,"date":"2023-10-11T15:37:10","date_gmt":"2023-10-11T13:37:10","guid":{"rendered":"https:\/\/papier-sprick.de\/produkt\/ondule-compackt\/"},"modified":"2025-01-10T11:42:14","modified_gmt":"2025-01-10T09:42:14","slug":"ondule-compackt","status":"publish","type":"product","link":"https:\/\/papier-sprick.de\/fr\/produit\/ondule-compackt\/","title":{"rendered":"Ondul\u00e9 ComPackt\u00ae"},"content":{"rendered":"<p>Gr\u00e2ce \u00e0 sa solidit\u00e9 et \u00e0 sa faible largeur de cannelure, le carton ondul\u00e9 ComPackt<sup>\u00ae<\/sup> offre d&#8217;excellentes propri\u00e9t\u00e9s de rembourrage et d&#8217;amortissement malgr\u00e9 son faible volume et sait convaincre par son m\u00e9trage nettement plus important (ce qui implique un remplacement moins fr\u00e9quent des rouleaux). Les avantages du carton ondul\u00e9 ComPackt<sup>\u00ae<\/sup> concernent donc la logistique, mais aussi la protection des produits et leur traitement.<\/p>\n<p>Le top absolu en comparaison avec les cannelures C et B :<\/p>\n<ul>\n<li>Gain de place 114 % par \u2011 rapport \u00e0 la cannelure C<\/li>\n<li>Gain de place 43 % par rapport \u00e0 la cannelure B<\/li>\n<li>100 au lieu de 70 m\u00e8tres lin\u00e9aires<\/li>\n<li>6 au lieu de 4 rouleaux par couche<\/li>\n<li>convient aux entrep\u00f4ts \u00e0 rayonnages grande hauteur<\/li>\n<\/ul>\n<p><img fetchpriority=\"high\" decoding=\"async\" class=\"aligncenter wp-image-11892 size-full\" src=\"https:\/\/papier-sprick.de\/wp-content\/uploads\/2020\/12\/wellenhohe_low.jpg\" alt=\"\" width=\"500\" height=\"269\" title=\"\" srcset=\"https:\/\/papier-sprick.de\/wp-content\/uploads\/2020\/12\/wellenhohe_low.jpg 500w, https:\/\/papier-sprick.de\/wp-content\/uploads\/2020\/12\/wellenhohe_low-300x161.jpg 300w\" sizes=\"(max-width: 500px) 100vw, 500px\" \/><\/p>\n","protected":false},"excerpt":{"rendered":"<p>Gr\u00e2ce \u00e0 sa solidit\u00e9 et \u00e0 sa faible largeur de cannelure, le carton ondul\u00e9 ComPackt\u00ae offre d&#8217;excellentes propri\u00e9t\u00e9s de rembourrage et d&#8217;amortissement malgr\u00e9 son faible volume et sait convaincre par son m\u00e9trage nettement plus important (ce qui implique un remplacement moins fr\u00e9quent des rouleaux). Les avantages du carton ondul\u00e9 ComPackt\u00ae concernent donc la logistique, mais [&hellip;]<\/p>\n","protected":false},"featured_media":28663,"comment_status":"closed","ping_status":"closed","template":"","meta":{"_acf_changed":false},"product_brand":[],"product_cat":[471],"product_tag":[],"class_list":{"0":"post-28885","1":"product","2":"type-product","3":"status-publish","4":"has-post-thumbnail","6":"product_cat-carton-ondule","8":"first","9":"instock","10":"product-type-simple"},"acf":[],"_links":{"self":[{"href":"https:\/\/papier-sprick.de\/fr\/wp-json\/wp\/v2\/product\/28885","targetHints":{"allow":["GET"]}}],"collection":[{"href":"https:\/\/papier-sprick.de\/fr\/wp-json\/wp\/v2\/product"}],"about":[{"href":"https:\/\/papier-sprick.de\/fr\/wp-json\/wp\/v2\/types\/product"}],"replies":[{"embeddable":true,"href":"https:\/\/papier-sprick.de\/fr\/wp-json\/wp\/v2\/comments?post=28885"}],"version-history":[{"count":6,"href":"https:\/\/papier-sprick.de\/fr\/wp-json\/wp\/v2\/product\/28885\/revisions"}],"predecessor-version":[{"id":38076,"href":"https:\/\/papier-sprick.de\/fr\/wp-json\/wp\/v2\/product\/28885\/revisions\/38076"}],"wp:featuredmedia":[{"embeddable":true,"href":"https:\/\/papier-sprick.de\/fr\/wp-json\/wp\/v2\/media\/28663"}],"wp:attachment":[{"href":"https:\/\/papier-sprick.de\/fr\/wp-json\/wp\/v2\/media?parent=28885"}],"wp:term":[{"taxonomy":"product_brand","embeddable":true,"href":"https:\/\/papier-sprick.de\/fr\/wp-json\/wp\/v2\/product_brand?post=28885"},{"taxonomy":"product_cat","embeddable":true,"href":"https:\/\/papier-sprick.de\/fr\/wp-json\/wp\/v2\/product_cat?post=28885"},{"taxonomy":"product_tag","embeddable":true,"href":"https:\/\/papier-sprick.de\/fr\/wp-json\/wp\/v2\/product_tag?post=28885"}],"curies":[{"name":"wp","href":"https:\/\/api.w.org\/{rel}","templated":true}]}}