{"id":28884,"date":"2023-10-11T15:37:10","date_gmt":"2023-10-11T13:37:10","guid":{"rendered":"https:\/\/papier-sprick.de\/produkt\/variprotect-800\/"},"modified":"2025-01-10T11:41:10","modified_gmt":"2025-01-10T09:41:10","slug":"variprotect-800","status":"publish","type":"product","link":"https:\/\/papier-sprick.de\/fr\/produit\/variprotect-800\/","title":{"rendered":"VariProtect\u00ae 800"},"content":{"rendered":"<p><strong>VariProtect<sup>\u00ae<\/sup> 800<\/strong> est une <strong>machine de coupe de carton ondul\u00e9<\/strong> qui permet un gain-de-place et est facile d&#8217;utilisation, con\u00e7ue pour une laize allant jusqu&#8217;\u00e0 800 mm.<\/p>\n<p>Avec la VariProtect<sup>\u00ae<\/sup> 800, le carton ondul\u00e9 peut \u00eatre coup\u00e9 de mani\u00e8re rapide et simple dans des<strong> longueurs librement s\u00e9lectionnables<\/strong>, au moyen d&#8217;un commutateur au pied ou d&#8217;un bouton manuel, en alternative dans le mode de pr\u00e9l\u00e8vement pilot\u00e9 par capteur.<\/p>\n<p>La vitesse de transport, la longueur du papier et la quantit\u00e9 sont pr\u00e9r\u00e9gl\u00e9s via un <strong>panneau de commande innovant<\/strong>. Cela signifie que l&#8217;on n&#8217;utilise que la quantit\u00e9 de mat\u00e9riau r\u00e9ellement n\u00e9cessaire. Sans gaspillage, avec une <strong>flexibilit\u00e9 maximale<\/strong> et des co\u00fbts logistiques et de mat\u00e9riel minimes \u2013 la machine convient pour notre produit Carton ondul\u00e9 ComPackt<sup>\u00ae<\/sup> ainsi que pour les mat\u00e9riaux DUO\u2011Pack et FormPack.<\/p>\n<p>La d\u00e9coupeuse de carton ondul\u00e9 VariProtect<sup>\u00ae<\/sup> 800 est disponible dans une version sur ou sous une table et peut \u00eatre int\u00e9gr\u00e9e dans l&#8217;environnement existant du poste d&#8217;emballage, gr\u00e2ce \u00e0 sa conception compacte.<\/p>\n","protected":false},"excerpt":{"rendered":"<p>VariProtect\u00ae 800 est une machine de coupe de carton ondul\u00e9 qui permet un gain-de-place et est facile d&#8217;utilisation, con\u00e7ue pour une laize allant jusqu&#8217;\u00e0 800 mm. Avec la VariProtect\u00ae 800, le carton ondul\u00e9 peut \u00eatre coup\u00e9 de mani\u00e8re rapide et simple dans des longueurs librement s\u00e9lectionnables, au moyen d&#8217;un commutateur au pied ou d&#8217;un bouton [&hellip;]<\/p>\n","protected":false},"featured_media":36270,"comment_status":"closed","ping_status":"closed","template":"","meta":{"_acf_changed":false},"product_brand":[],"product_cat":[470],"product_tag":[],"class_list":{"0":"post-28884","1":"product","2":"type-product","3":"status-publish","4":"has-post-thumbnail","6":"product_cat-systemes-de-coupe-et-de-traitement","8":"first","9":"instock","10":"product-type-simple"},"acf":[],"_links":{"self":[{"href":"https:\/\/papier-sprick.de\/fr\/wp-json\/wp\/v2\/product\/28884","targetHints":{"allow":["GET"]}}],"collection":[{"href":"https:\/\/papier-sprick.de\/fr\/wp-json\/wp\/v2\/product"}],"about":[{"href":"https:\/\/papier-sprick.de\/fr\/wp-json\/wp\/v2\/types\/product"}],"replies":[{"embeddable":true,"href":"https:\/\/papier-sprick.de\/fr\/wp-json\/wp\/v2\/comments?post=28884"}],"version-history":[{"count":5,"href":"https:\/\/papier-sprick.de\/fr\/wp-json\/wp\/v2\/product\/28884\/revisions"}],"predecessor-version":[{"id":38074,"href":"https:\/\/papier-sprick.de\/fr\/wp-json\/wp\/v2\/product\/28884\/revisions\/38074"}],"wp:featuredmedia":[{"embeddable":true,"href":"https:\/\/papier-sprick.de\/fr\/wp-json\/wp\/v2\/media\/36270"}],"wp:attachment":[{"href":"https:\/\/papier-sprick.de\/fr\/wp-json\/wp\/v2\/media?parent=28884"}],"wp:term":[{"taxonomy":"product_brand","embeddable":true,"href":"https:\/\/papier-sprick.de\/fr\/wp-json\/wp\/v2\/product_brand?post=28884"},{"taxonomy":"product_cat","embeddable":true,"href":"https:\/\/papier-sprick.de\/fr\/wp-json\/wp\/v2\/product_cat?post=28884"},{"taxonomy":"product_tag","embeddable":true,"href":"https:\/\/papier-sprick.de\/fr\/wp-json\/wp\/v2\/product_tag?post=28884"}],"curies":[{"name":"wp","href":"https:\/\/api.w.org\/{rel}","templated":true}]}}