{"id":28883,"date":"2023-10-11T15:37:10","date_gmt":"2023-10-11T13:37:10","guid":{"rendered":"https:\/\/papier-sprick.de\/produkt\/variprotect-xl\/"},"modified":"2025-01-10T11:40:27","modified_gmt":"2025-01-10T09:40:27","slug":"variprotect-xl","status":"publish","type":"product","link":"https:\/\/papier-sprick.de\/fr\/produit\/variprotect-xl\/","title":{"rendered":"VariProtect XL\u00ae"},"content":{"rendered":"<p><strong>La machine pour la protection des bords en rouleau<\/strong><\/p>\n<p>VariProtect XL<sup>\u00ae<\/sup> est un syst\u00e8me innovant pour la protection \u00e9cologique et \u00e9conomique de vos marchandises, bas\u00e9 sur le mat\u00e9riau DUO\u2011Pack XL : la combinaison sp\u00e9ciale associant du carton double ondul\u00e9 \u00e0 une doublure papier ou \u00e0 une doublure mousse PE particuli\u00e8rement respectueuse de la surface prot\u00e8ge le produit de mani\u00e8re optimale au niveau des bords sensibles.<\/p>\n<p>Le point fort : VariProtect XL<sup>\u00ae<\/sup> est sur rouleau et l&#8217;utilisateur confectionne lui-m\u00eame \u00e0 la machine ce dont il a besoin en fonction des produits. Autrement dit, le m\u00eame rouleau peut \u00eatre utilis\u00e9 pour emballer une grande vari\u00e9t\u00e9 de dimensions, m\u00eame en lot de taille 1. On n&#8217;utilise que la quantit\u00e9 de mat\u00e9riau r\u00e9ellement n\u00e9cessaire, de sorte qu&#8217;il n&#8217;y a pas de gaspillage. La flexibilit\u00e9 est donc maximale et les co\u00fbts de mat\u00e9riau et de logistique restent minimes. La machine et le mat\u00e9riau proviennent d&#8217;une seule source et sont d\u00e9velopp\u00e9s et fabriqu\u00e9s par nos soins en fonction des sp\u00e9cifications du client.<\/p>\n","protected":false},"excerpt":{"rendered":"<p>La machine pour la protection des bords en rouleau VariProtect XL\u00ae est un syst\u00e8me innovant pour la protection \u00e9cologique et \u00e9conomique de vos marchandises, bas\u00e9 sur le mat\u00e9riau DUO\u2011Pack XL : la combinaison sp\u00e9ciale associant du carton double ondul\u00e9 \u00e0 une doublure papier ou \u00e0 une doublure mousse PE particuli\u00e8rement respectueuse de la surface prot\u00e8ge [&hellip;]<\/p>\n","protected":false},"featured_media":28643,"comment_status":"closed","ping_status":"closed","template":"","meta":{"_acf_changed":false},"product_brand":[],"product_cat":[470],"product_tag":[],"class_list":{"0":"post-28883","1":"product","2":"type-product","3":"status-publish","4":"has-post-thumbnail","6":"product_cat-systemes-de-coupe-et-de-traitement","8":"first","9":"instock","10":"product-type-simple"},"acf":[],"_links":{"self":[{"href":"https:\/\/papier-sprick.de\/fr\/wp-json\/wp\/v2\/product\/28883","targetHints":{"allow":["GET"]}}],"collection":[{"href":"https:\/\/papier-sprick.de\/fr\/wp-json\/wp\/v2\/product"}],"about":[{"href":"https:\/\/papier-sprick.de\/fr\/wp-json\/wp\/v2\/types\/product"}],"replies":[{"embeddable":true,"href":"https:\/\/papier-sprick.de\/fr\/wp-json\/wp\/v2\/comments?post=28883"}],"version-history":[{"count":5,"href":"https:\/\/papier-sprick.de\/fr\/wp-json\/wp\/v2\/product\/28883\/revisions"}],"predecessor-version":[{"id":38072,"href":"https:\/\/papier-sprick.de\/fr\/wp-json\/wp\/v2\/product\/28883\/revisions\/38072"}],"wp:featuredmedia":[{"embeddable":true,"href":"https:\/\/papier-sprick.de\/fr\/wp-json\/wp\/v2\/media\/28643"}],"wp:attachment":[{"href":"https:\/\/papier-sprick.de\/fr\/wp-json\/wp\/v2\/media?parent=28883"}],"wp:term":[{"taxonomy":"product_brand","embeddable":true,"href":"https:\/\/papier-sprick.de\/fr\/wp-json\/wp\/v2\/product_brand?post=28883"},{"taxonomy":"product_cat","embeddable":true,"href":"https:\/\/papier-sprick.de\/fr\/wp-json\/wp\/v2\/product_cat?post=28883"},{"taxonomy":"product_tag","embeddable":true,"href":"https:\/\/papier-sprick.de\/fr\/wp-json\/wp\/v2\/product_tag?post=28883"}],"curies":[{"name":"wp","href":"https:\/\/api.w.org\/{rel}","templated":true}]}}