{"id":28882,"date":"2023-10-11T15:37:10","date_gmt":"2023-10-11T13:37:10","guid":{"rendered":"https:\/\/papier-sprick.de\/produkt\/varipack\/"},"modified":"2025-01-10T11:40:00","modified_gmt":"2025-01-10T09:40:00","slug":"varipack","status":"publish","type":"product","link":"https:\/\/papier-sprick.de\/fr\/produit\/varipack\/","title":{"rendered":"Varipack"},"content":{"rendered":"<p><strong>Le carton individuel d\u00e9vid\u00e9 &#8211; exactement selon vos attentes<\/strong><\/p>\n<p>La machine d&#8217;emballage Varipack permet la <strong>production de diff\u00e9rents types de suremballages<\/strong>. Diff\u00e9rentes d\u00e9coupes sont automatiquement produites en s\u00e9quence \u00e0 partir de rouleaux de carton ondul\u00e9 sur votre site et <strong>automatiquement rainur\u00e9es, fendues et coup\u00e9es pour s&#8217;adapter au carton correspondant<\/strong>. C&#8217;est de cette mani\u00e8re que nous produisons le \u00ab <strong>carton d\u00e9vid\u00e9<\/strong> \u00bb en fonction de la quantit\u00e9 et des dimensions souhait\u00e9es.. Comme mat\u00e9riau de base pour les d\u00e9coupes, nous recommandons notre DUO\u2011Pack, qui est disponible au choix avec une doublure mousse (par exemple pour les surfaces sensibles) ou avec une doublure papier.<\/p>\n","protected":false},"excerpt":{"rendered":"<p>Le carton individuel d\u00e9vid\u00e9 &#8211; exactement selon vos attentes La machine d&#8217;emballage Varipack permet la production de diff\u00e9rents types de suremballages. Diff\u00e9rentes d\u00e9coupes sont automatiquement produites en s\u00e9quence \u00e0 partir de rouleaux de carton ondul\u00e9 sur votre site et automatiquement rainur\u00e9es, fendues et coup\u00e9es pour s&#8217;adapter au carton correspondant. C&#8217;est de cette mani\u00e8re que nous [&hellip;]<\/p>\n","protected":false},"featured_media":28630,"comment_status":"closed","ping_status":"closed","template":"","meta":{"_acf_changed":false},"product_brand":[],"product_cat":[470],"product_tag":[],"class_list":{"0":"post-28882","1":"product","2":"type-product","3":"status-publish","4":"has-post-thumbnail","6":"product_cat-systemes-de-coupe-et-de-traitement","8":"first","9":"instock","10":"product-type-simple"},"acf":[],"_links":{"self":[{"href":"https:\/\/papier-sprick.de\/fr\/wp-json\/wp\/v2\/product\/28882","targetHints":{"allow":["GET"]}}],"collection":[{"href":"https:\/\/papier-sprick.de\/fr\/wp-json\/wp\/v2\/product"}],"about":[{"href":"https:\/\/papier-sprick.de\/fr\/wp-json\/wp\/v2\/types\/product"}],"replies":[{"embeddable":true,"href":"https:\/\/papier-sprick.de\/fr\/wp-json\/wp\/v2\/comments?post=28882"}],"version-history":[{"count":6,"href":"https:\/\/papier-sprick.de\/fr\/wp-json\/wp\/v2\/product\/28882\/revisions"}],"predecessor-version":[{"id":38071,"href":"https:\/\/papier-sprick.de\/fr\/wp-json\/wp\/v2\/product\/28882\/revisions\/38071"}],"wp:featuredmedia":[{"embeddable":true,"href":"https:\/\/papier-sprick.de\/fr\/wp-json\/wp\/v2\/media\/28630"}],"wp:attachment":[{"href":"https:\/\/papier-sprick.de\/fr\/wp-json\/wp\/v2\/media?parent=28882"}],"wp:term":[{"taxonomy":"product_brand","embeddable":true,"href":"https:\/\/papier-sprick.de\/fr\/wp-json\/wp\/v2\/product_brand?post=28882"},{"taxonomy":"product_cat","embeddable":true,"href":"https:\/\/papier-sprick.de\/fr\/wp-json\/wp\/v2\/product_cat?post=28882"},{"taxonomy":"product_tag","embeddable":true,"href":"https:\/\/papier-sprick.de\/fr\/wp-json\/wp\/v2\/product_tag?post=28882"}],"curies":[{"name":"wp","href":"https:\/\/api.w.org\/{rel}","templated":true}]}}