{"id":28881,"date":"2023-10-11T15:37:10","date_gmt":"2023-10-11T13:37:10","guid":{"rendered":"https:\/\/papier-sprick.de\/produkt\/support-de-coupe\/"},"modified":"2025-01-10T11:37:09","modified_gmt":"2025-01-10T09:37:09","slug":"support-de-coupe","status":"publish","type":"product","link":"https:\/\/papier-sprick.de\/fr\/produit\/support-de-coupe\/","title":{"rendered":"Support de coupe"},"content":{"rendered":"<p>Pour l&#8217;utilisation de nos rouleaux de papier, nous proposons des <strong>syst\u00e8mes de coupe particuli\u00e8rement stables avec d\u00e9rouleurs<\/strong> \u2013 au choix, en tant que support de coupe autonome avec <strong>socle<\/strong> ou avec <strong>support de table et mura<\/strong>l.<\/p>\n<p>Gr\u00e2ce \u00e0 leur grande stabilit\u00e9 et au rail d&#8217;arrachage \u00e0 ressort, vous pouvez facilement couper le mat\u00e9riau d&#8217;une seule main. Comme les mat\u00e9riaux en rouleaux sont \u00e0 un <strong>prix plus avantageux<\/strong> que les coupes, l&#8217;acquisition des supports de coupe est rapidement amortie.<\/p>\n","protected":false},"excerpt":{"rendered":"<p>Pour l&#8217;utilisation de nos rouleaux de papier, nous proposons des syst\u00e8mes de coupe particuli\u00e8rement stables avec d\u00e9rouleurs \u2013 au choix, en tant que support de coupe autonome avec socle ou avec support de table et mural. Gr\u00e2ce \u00e0 leur grande stabilit\u00e9 et au rail d&#8217;arrachage \u00e0 ressort, vous pouvez facilement couper le mat\u00e9riau d&#8217;une seule [&hellip;]<\/p>\n","protected":false},"featured_media":28617,"comment_status":"closed","ping_status":"closed","template":"","meta":{"_acf_changed":false},"product_brand":[],"product_cat":[470],"product_tag":[],"class_list":{"0":"post-28881","1":"product","2":"type-product","3":"status-publish","4":"has-post-thumbnail","6":"product_cat-systemes-de-coupe-et-de-traitement","8":"first","9":"instock","10":"product-type-simple"},"acf":[],"_links":{"self":[{"href":"https:\/\/papier-sprick.de\/fr\/wp-json\/wp\/v2\/product\/28881","targetHints":{"allow":["GET"]}}],"collection":[{"href":"https:\/\/papier-sprick.de\/fr\/wp-json\/wp\/v2\/product"}],"about":[{"href":"https:\/\/papier-sprick.de\/fr\/wp-json\/wp\/v2\/types\/product"}],"replies":[{"embeddable":true,"href":"https:\/\/papier-sprick.de\/fr\/wp-json\/wp\/v2\/comments?post=28881"}],"version-history":[{"count":5,"href":"https:\/\/papier-sprick.de\/fr\/wp-json\/wp\/v2\/product\/28881\/revisions"}],"predecessor-version":[{"id":38066,"href":"https:\/\/papier-sprick.de\/fr\/wp-json\/wp\/v2\/product\/28881\/revisions\/38066"}],"wp:featuredmedia":[{"embeddable":true,"href":"https:\/\/papier-sprick.de\/fr\/wp-json\/wp\/v2\/media\/28617"}],"wp:attachment":[{"href":"https:\/\/papier-sprick.de\/fr\/wp-json\/wp\/v2\/media?parent=28881"}],"wp:term":[{"taxonomy":"product_brand","embeddable":true,"href":"https:\/\/papier-sprick.de\/fr\/wp-json\/wp\/v2\/product_brand?post=28881"},{"taxonomy":"product_cat","embeddable":true,"href":"https:\/\/papier-sprick.de\/fr\/wp-json\/wp\/v2\/product_cat?post=28881"},{"taxonomy":"product_tag","embeddable":true,"href":"https:\/\/papier-sprick.de\/fr\/wp-json\/wp\/v2\/product_tag?post=28881"}],"curies":[{"name":"wp","href":"https:\/\/api.w.org\/{rel}","templated":true}]}}