{"id":28880,"date":"2023-10-11T15:37:10","date_gmt":"2023-10-11T13:37:10","guid":{"rendered":"https:\/\/papier-sprick.de\/produkt\/papier-schrenz\/"},"modified":"2025-01-10T11:39:28","modified_gmt":"2025-01-10T09:39:28","slug":"papier-schrenz","status":"publish","type":"product","link":"https:\/\/papier-sprick.de\/fr\/produit\/papier-schrenz\/","title":{"rendered":"Papier schrenz"},"content":{"rendered":"<p>Le papier schrenz <strong>d&#8217;un bon rapport qualit\u00e9-prix<\/strong>, est id\u00e9al pour <strong>couvrir, emballer, comme couche intercalaire ou comme papier de rembourrage<\/strong> (papier de calage). En remplissant les espaces (cavit\u00e9s) du carton d&#8217;exp\u00e9dition, <strong>vous fixez vos marchandises pour les prot\u00e9ger contre les glissements, les chocs et l&#8217;abrasion pendant le transport et dans l&#8217;entrep\u00f4t<\/strong>.<\/p>\n<p>Gr\u00e2ce \u00e0 son <strong>toucher doux<\/strong>, le papier schrenz est <strong>tr\u00e8s flexible, formable et d\u00e9chirable<\/strong> et peut donc \u00eatre facilement travaill\u00e9 \u00e0 la main. Pour plus de commodit\u00e9 et pour une <strong>d\u00e9coupe individuelle<\/strong> de vos rouleaux de papier schrenz sur place, nous proposons diff\u00e9rents <strong>syst\u00e8mes de coupe et de traitement<\/strong> tels que le syst\u00e8me de d\u00e9coupe compact <strong>VariProtect<sup>\u00ae <\/sup>800<\/strong>.<\/p>\n<p>Pour <strong>augmenter la productivit\u00e9<\/strong> et la <strong>conception ergonomique<\/strong> des postes d&#8217;emballage, nous recommandons nos <strong>syst\u00e8mes de remplissage<\/strong> <strong>SpeedMan<sup>\u00ae<\/sup><\/strong> ou notre <strong>syst\u00e8me de coussins de calage<\/strong> <strong>PaperJet<sup>\u00ae<\/sup><\/strong> aux utilisateurs professionnels ayant de grandes zones d&#8217;emballage et\/ou des exigences de remplissage d&#8217;espaces vides.<\/p>\n<p>En tant que fabricant allemand parmi les leaders de la branche, nous sommes en mesure de proposer <strong>une large gamme de formats en rouleaux et d\u00e9coupes<\/strong> \u00e0 nos clients. Notre papier schrenz est compos\u00e9 <strong>\u00e0 100 % de papier recycl\u00e9<\/strong> et est produit exclusivement sur nos propres sites de production en Allemagne, conform\u00e9ment aux normes environnementales les plus r\u00e9centes et certifi\u00e9es, de mani\u00e8re particuli\u00e8rement durable.<\/p>\n<p>Notre papier schrenz est disponible comme produit de finition en formats et rouleaux <strong>(rouleaux Secare, rouleaux d&#8217;emballage, rouleaux peintre etc.)<\/strong>. Les deux produits sont <strong>disponibles selon les besoins individuels et les dimensions sur mesure<\/strong>.<\/p>\n","protected":false},"excerpt":{"rendered":"<p>Le papier schrenz d&#8217;un bon rapport qualit\u00e9-prix, est id\u00e9al pour couvrir, emballer, comme couche intercalaire ou comme papier de rembourrage (papier de calage). En remplissant les espaces (cavit\u00e9s) du carton d&#8217;exp\u00e9dition, vous fixez vos marchandises pour les prot\u00e9ger contre les glissements, les chocs et l&#8217;abrasion pendant le transport et dans l&#8217;entrep\u00f4t. Gr\u00e2ce \u00e0 son toucher [&hellip;]<\/p>\n","protected":false},"featured_media":28604,"comment_status":"closed","ping_status":"closed","template":"","meta":{"_acf_changed":false},"product_brand":[],"product_cat":[460,465,469],"product_tag":[],"class_list":{"0":"post-28880","1":"product","2":"type-product","3":"status-publish","4":"has-post-thumbnail","6":"product_cat-besoins-en-produits-de-calage-et-de-rembourrage","7":"product_cat-materiau-de-calage-et-de-capitonnage","8":"product_cat-papiers-demballage","10":"first","11":"instock","12":"product-type-simple"},"acf":[],"_links":{"self":[{"href":"https:\/\/papier-sprick.de\/fr\/wp-json\/wp\/v2\/product\/28880","targetHints":{"allow":["GET"]}}],"collection":[{"href":"https:\/\/papier-sprick.de\/fr\/wp-json\/wp\/v2\/product"}],"about":[{"href":"https:\/\/papier-sprick.de\/fr\/wp-json\/wp\/v2\/types\/product"}],"replies":[{"embeddable":true,"href":"https:\/\/papier-sprick.de\/fr\/wp-json\/wp\/v2\/comments?post=28880"}],"version-history":[{"count":6,"href":"https:\/\/papier-sprick.de\/fr\/wp-json\/wp\/v2\/product\/28880\/revisions"}],"predecessor-version":[{"id":38070,"href":"https:\/\/papier-sprick.de\/fr\/wp-json\/wp\/v2\/product\/28880\/revisions\/38070"}],"wp:featuredmedia":[{"embeddable":true,"href":"https:\/\/papier-sprick.de\/fr\/wp-json\/wp\/v2\/media\/28604"}],"wp:attachment":[{"href":"https:\/\/papier-sprick.de\/fr\/wp-json\/wp\/v2\/media?parent=28880"}],"wp:term":[{"taxonomy":"product_brand","embeddable":true,"href":"https:\/\/papier-sprick.de\/fr\/wp-json\/wp\/v2\/product_brand?post=28880"},{"taxonomy":"product_cat","embeddable":true,"href":"https:\/\/papier-sprick.de\/fr\/wp-json\/wp\/v2\/product_cat?post=28880"},{"taxonomy":"product_tag","embeddable":true,"href":"https:\/\/papier-sprick.de\/fr\/wp-json\/wp\/v2\/product_tag?post=28880"}],"curies":[{"name":"wp","href":"https:\/\/api.w.org\/{rel}","templated":true}]}}