{"id":28879,"date":"2023-10-11T15:37:10","date_gmt":"2023-10-11T13:37:10","guid":{"rendered":"https:\/\/papier-sprick.de\/produkt\/palfix\/"},"modified":"2025-01-10T11:39:00","modified_gmt":"2025-01-10T09:39:00","slug":"palfix","status":"publish","type":"product","link":"https:\/\/papier-sprick.de\/fr\/produit\/palfix\/","title":{"rendered":"PalFix\u00ae"},"content":{"rendered":"<p>Le <strong>papier anti-glisse PalFix<sup>\u00ae<\/sup><\/strong> est un papier particuli\u00e8rement hydrofuge, rev\u00eatu double face, extr\u00eamement antid\u00e9rapant.<\/p>\n<ul>\n<li>Compos\u00e9 \u00e0 100 % de papier recycl\u00e9<\/li>\n<li>Rev\u00eatement \u00e0 base d&#8217;eau, donc inoffensif pour l&#8217;environnement<\/li>\n<li>Pr\u00e9vention des dommages pendant le transport<\/li>\n<li>Antid\u00e9rapant en cas d&#8217;inclinaison jusqu&#8217;\u00e0 plus de 45\u00b0<\/li>\n<li>Optimisation de la logistique et maximisation de l&#8217;espace de stockage<\/li>\n<li>Convient \u00e0 la palettisation automatis\u00e9e<\/li>\n<li>Convient comme emballage tertiaire pour le contact alimentaire indirect<\/li>\n<\/ul>\n","protected":false},"excerpt":{"rendered":"<p>Le papier anti-glisse PalFix\u00ae est un papier particuli\u00e8rement hydrofuge, rev\u00eatu double face, extr\u00eamement antid\u00e9rapant. Compos\u00e9 \u00e0 100 % de papier recycl\u00e9 Rev\u00eatement \u00e0 base d&#8217;eau, donc inoffensif pour l&#8217;environnement Pr\u00e9vention des dommages pendant le transport Antid\u00e9rapant en cas d&#8217;inclinaison jusqu&#8217;\u00e0 plus de 45\u00b0 Optimisation de la logistique et maximisation de l&#8217;espace de stockage Convient \u00e0 [&hellip;]<\/p>\n","protected":false},"featured_media":28591,"comment_status":"closed","ping_status":"closed","template":"","meta":{"_acf_changed":false},"product_brand":[],"product_cat":[469],"product_tag":[],"class_list":{"0":"post-28879","1":"product","2":"type-product","3":"status-publish","4":"has-post-thumbnail","6":"product_cat-papiers-demballage","8":"first","9":"instock","10":"product-type-simple"},"acf":[],"_links":{"self":[{"href":"https:\/\/papier-sprick.de\/fr\/wp-json\/wp\/v2\/product\/28879","targetHints":{"allow":["GET"]}}],"collection":[{"href":"https:\/\/papier-sprick.de\/fr\/wp-json\/wp\/v2\/product"}],"about":[{"href":"https:\/\/papier-sprick.de\/fr\/wp-json\/wp\/v2\/types\/product"}],"replies":[{"embeddable":true,"href":"https:\/\/papier-sprick.de\/fr\/wp-json\/wp\/v2\/comments?post=28879"}],"version-history":[{"count":9,"href":"https:\/\/papier-sprick.de\/fr\/wp-json\/wp\/v2\/product\/28879\/revisions"}],"predecessor-version":[{"id":38069,"href":"https:\/\/papier-sprick.de\/fr\/wp-json\/wp\/v2\/product\/28879\/revisions\/38069"}],"wp:featuredmedia":[{"embeddable":true,"href":"https:\/\/papier-sprick.de\/fr\/wp-json\/wp\/v2\/media\/28591"}],"wp:attachment":[{"href":"https:\/\/papier-sprick.de\/fr\/wp-json\/wp\/v2\/media?parent=28879"}],"wp:term":[{"taxonomy":"product_brand","embeddable":true,"href":"https:\/\/papier-sprick.de\/fr\/wp-json\/wp\/v2\/product_brand?post=28879"},{"taxonomy":"product_cat","embeddable":true,"href":"https:\/\/papier-sprick.de\/fr\/wp-json\/wp\/v2\/product_cat?post=28879"},{"taxonomy":"product_tag","embeddable":true,"href":"https:\/\/papier-sprick.de\/fr\/wp-json\/wp\/v2\/product_tag?post=28879"}],"curies":[{"name":"wp","href":"https:\/\/api.w.org\/{rel}","templated":true}]}}