{"id":28878,"date":"2023-10-11T15:37:10","date_gmt":"2023-10-11T13:37:10","guid":{"rendered":"https:\/\/papier-sprick.de\/produkt\/papier-de-soie-demballage\/"},"modified":"2025-01-10T11:38:27","modified_gmt":"2025-01-10T09:38:27","slug":"papier-de-soie-demballage","status":"publish","type":"product","link":"https:\/\/papier-sprick.de\/fr\/produit\/papier-de-soie-demballage\/","title":{"rendered":"Papier de soie d\u2019emballage"},"content":{"rendered":"<p>Avec la soie d&#8217;emballage, vous pouvez prot\u00e9ger de mani\u00e8re fiable des marchandises d\u00e9licates et de haute qualit\u00e9. En m\u00eame temps, <strong>vous prot\u00e9gez notre environnement<\/strong>, car notre soie d&#8217;emballage est faite de vieux papiers 100% recycl\u00e9s et elle est \u00e9galement <strong>100% recyclable<\/strong>.<\/p>\n<p>Le papier d&#8217;emballage souple peut \u00eatre <strong>utilis\u00e9 de mani\u00e8re flexible<\/strong> et prot\u00e8ge \u00e9galement de mani\u00e8re fiable <strong>les surfaces d\u00e9licates et sensibles aux \u00e9raflures<\/strong>. Les feuilles, qui sont d\u00e9j\u00e0 pr\u00e9confectionn\u00e9es et mises \u00e0 disposition dans des <strong>emballages pratiques<\/strong>, peuvent \u00eatre utilis\u00e9es de mani\u00e8re peu encombrante et soign\u00e9e sur le comptoir de vente, par exemple dans un magasin d&#8217;articles-cadeaux ou de d\u00e9coration, chez un fleuriste ou dans un service d&#8217;exp\u00e9dition. Les soies d&#8217;emballage \u00e0 l&#8217;aspect noble sont <strong>disponibles dans diff\u00e9rentes couleurs et dimensions et divers grammages<\/strong>. Malgr\u00e9 son faible grammage, le papier de soie pr\u00e9sente un niveau \u00e9lev\u00e9 de <strong>durabilit\u00e9 et de r\u00e9sistance<\/strong> et offre une <strong>grande capacit\u00e9 d&#8217;absorption<\/strong>, ce qui lui permet de prot\u00e9ger de mani\u00e8re fiable les articles qui y sont emball\u00e9s contre les influences ext\u00e9rieures telles que les chocs, l&#8217;abrasion ou l&#8217;humidit\u00e9.<\/p>\n<p>Nos sp\u00e9cialistes de l&#8217;emballage se feront un plaisir de vous conseiller sur le choix et les possibilit\u00e9s de livraison <strong>de soies d&#8217;emballage sp\u00e9ciales pour votre application individuelle<\/strong>.<\/p>\n","protected":false},"excerpt":{"rendered":"<p>Avec la soie d&#8217;emballage, vous pouvez prot\u00e9ger de mani\u00e8re fiable des marchandises d\u00e9licates et de haute qualit\u00e9. En m\u00eame temps, vous prot\u00e9gez notre environnement, car notre soie d&#8217;emballage est faite de vieux papiers 100% recycl\u00e9s et elle est \u00e9galement 100% recyclable. Le papier d&#8217;emballage souple peut \u00eatre utilis\u00e9 de mani\u00e8re flexible et prot\u00e8ge \u00e9galement de [&hellip;]<\/p>\n","protected":false},"featured_media":28578,"comment_status":"closed","ping_status":"closed","template":"","meta":{"_acf_changed":false},"product_brand":[],"product_cat":[469],"product_tag":[],"class_list":{"0":"post-28878","1":"product","2":"type-product","3":"status-publish","4":"has-post-thumbnail","6":"product_cat-papiers-demballage","8":"first","9":"instock","10":"product-type-simple"},"acf":[],"_links":{"self":[{"href":"https:\/\/papier-sprick.de\/fr\/wp-json\/wp\/v2\/product\/28878","targetHints":{"allow":["GET"]}}],"collection":[{"href":"https:\/\/papier-sprick.de\/fr\/wp-json\/wp\/v2\/product"}],"about":[{"href":"https:\/\/papier-sprick.de\/fr\/wp-json\/wp\/v2\/types\/product"}],"replies":[{"embeddable":true,"href":"https:\/\/papier-sprick.de\/fr\/wp-json\/wp\/v2\/comments?post=28878"}],"version-history":[{"count":6,"href":"https:\/\/papier-sprick.de\/fr\/wp-json\/wp\/v2\/product\/28878\/revisions"}],"predecessor-version":[{"id":38068,"href":"https:\/\/papier-sprick.de\/fr\/wp-json\/wp\/v2\/product\/28878\/revisions\/38068"}],"wp:featuredmedia":[{"embeddable":true,"href":"https:\/\/papier-sprick.de\/fr\/wp-json\/wp\/v2\/media\/28578"}],"wp:attachment":[{"href":"https:\/\/papier-sprick.de\/fr\/wp-json\/wp\/v2\/media?parent=28878"}],"wp:term":[{"taxonomy":"product_brand","embeddable":true,"href":"https:\/\/papier-sprick.de\/fr\/wp-json\/wp\/v2\/product_brand?post=28878"},{"taxonomy":"product_cat","embeddable":true,"href":"https:\/\/papier-sprick.de\/fr\/wp-json\/wp\/v2\/product_cat?post=28878"},{"taxonomy":"product_tag","embeddable":true,"href":"https:\/\/papier-sprick.de\/fr\/wp-json\/wp\/v2\/product_tag?post=28878"}],"curies":[{"name":"wp","href":"https:\/\/api.w.org\/{rel}","templated":true}]}}