{"id":28877,"date":"2023-10-11T15:37:10","date_gmt":"2023-10-11T13:37:10","guid":{"rendered":"https:\/\/papier-sprick.de\/produkt\/formpack\/"},"modified":"2025-01-10T11:37:44","modified_gmt":"2025-01-10T09:37:44","slug":"formpack","status":"publish","type":"product","link":"https:\/\/papier-sprick.de\/fr\/produit\/formpack\/","title":{"rendered":"FormPack papier de rembourrage"},"content":{"rendered":"<p><strong>L&#8217;alternative \u00e9cologique avec des qualit\u00e9s hors pair<\/strong><\/p>\n<p>FormPack est l&#8217;alternative \u00e9cologique au film \u00e0 bulles d&#8217;air traditionnel. Le papier \u00e0 picots \u00e9cologique est compos\u00e9 \u00e0 <strong>100 % de vieux papiers<\/strong>, sans ingr\u00e9dients chimiques, il est enti\u00e8rement recyclable et certifi\u00e9 FSC<sup>\u00ae<\/sup>.<\/p>\n<p>Le mat\u00e9riau gaufr\u00e9, dot\u00e9 d&#8217;excellentes propri\u00e9t\u00e9s de rembourrage et d&#8217;un pouvoir d&#8217;absorption extr\u00eamement \u00e9lev\u00e9, est id\u00e9al pour emballer les articles d&#8217;exp\u00e9dition,<strong> pour doubler les cartons ou les bo\u00eetes grillag\u00e9es, comme couche intercalaire ou pour recouvrir les marchandises.<\/strong> FormPack est une protection fiable contre les dommages dus au transport, \u00e0 la corrosion et \u00e0 l&#8217;humidit\u00e9.<\/p>\n<p>Nous fournissons FormPack en diff\u00e9rents grammages, sous forme de rouleau sur mesure ou de formats individuels, ainsi que dans une bo\u00eete distributrice de papier pratique et maniable.<\/p>\n<p><strong>Domaines d&#8217;application \/ Secteurs pr\u00e9f\u00e9r\u00e9s :<\/strong><\/p>\n<ul>\n<li>Industrie automobile<\/li>\n<li>Industrie de la porcelaine<\/li>\n<li>Industrie du b\u00e2timent<\/li>\n<li>Transports<\/li>\n<li>Services d&#8217;exp\u00e9dition<\/li>\n<\/ul>\n","protected":false},"excerpt":{"rendered":"<p>L&#8217;alternative \u00e9cologique avec des qualit\u00e9s hors pair FormPack est l&#8217;alternative \u00e9cologique au film \u00e0 bulles d&#8217;air traditionnel. Le papier \u00e0 picots \u00e9cologique est compos\u00e9 \u00e0 100 % de vieux papiers, sans ingr\u00e9dients chimiques, il est enti\u00e8rement recyclable et certifi\u00e9 FSC\u00ae. Le mat\u00e9riau gaufr\u00e9, dot\u00e9 d&#8217;excellentes propri\u00e9t\u00e9s de rembourrage et d&#8217;un pouvoir d&#8217;absorption extr\u00eamement \u00e9lev\u00e9, est [&hellip;]<\/p>\n","protected":false},"featured_media":28562,"comment_status":"closed","ping_status":"closed","template":"","meta":{"_acf_changed":false},"product_brand":[],"product_cat":[460,465,469],"product_tag":[],"class_list":{"0":"post-28877","1":"product","2":"type-product","3":"status-publish","4":"has-post-thumbnail","6":"product_cat-besoins-en-produits-de-calage-et-de-rembourrage","7":"product_cat-materiau-de-calage-et-de-capitonnage","8":"product_cat-papiers-demballage","10":"first","11":"instock","12":"product-type-simple"},"acf":[],"_links":{"self":[{"href":"https:\/\/papier-sprick.de\/fr\/wp-json\/wp\/v2\/product\/28877","targetHints":{"allow":["GET"]}}],"collection":[{"href":"https:\/\/papier-sprick.de\/fr\/wp-json\/wp\/v2\/product"}],"about":[{"href":"https:\/\/papier-sprick.de\/fr\/wp-json\/wp\/v2\/types\/product"}],"replies":[{"embeddable":true,"href":"https:\/\/papier-sprick.de\/fr\/wp-json\/wp\/v2\/comments?post=28877"}],"version-history":[{"count":7,"href":"https:\/\/papier-sprick.de\/fr\/wp-json\/wp\/v2\/product\/28877\/revisions"}],"predecessor-version":[{"id":38067,"href":"https:\/\/papier-sprick.de\/fr\/wp-json\/wp\/v2\/product\/28877\/revisions\/38067"}],"wp:featuredmedia":[{"embeddable":true,"href":"https:\/\/papier-sprick.de\/fr\/wp-json\/wp\/v2\/media\/28562"}],"wp:attachment":[{"href":"https:\/\/papier-sprick.de\/fr\/wp-json\/wp\/v2\/media?parent=28877"}],"wp:term":[{"taxonomy":"product_brand","embeddable":true,"href":"https:\/\/papier-sprick.de\/fr\/wp-json\/wp\/v2\/product_brand?post=28877"},{"taxonomy":"product_cat","embeddable":true,"href":"https:\/\/papier-sprick.de\/fr\/wp-json\/wp\/v2\/product_cat?post=28877"},{"taxonomy":"product_tag","embeddable":true,"href":"https:\/\/papier-sprick.de\/fr\/wp-json\/wp\/v2\/product_tag?post=28877"}],"curies":[{"name":"wp","href":"https:\/\/api.w.org\/{rel}","templated":true}]}}