{"id":28876,"date":"2023-10-11T15:37:10","date_gmt":"2023-10-11T13:37:10","guid":{"rendered":"https:\/\/papier-sprick.de\/produkt\/ruban-adhesif-davertissement-et-de-signalisation\/"},"modified":"2025-01-10T11:57:02","modified_gmt":"2025-01-10T09:57:02","slug":"ruban-adhesif-davertissement-et-de-signalisation","status":"publish","type":"product","link":"https:\/\/papier-sprick.de\/fr\/produit\/ruban-adhesif-davertissement-et-de-signalisation\/","title":{"rendered":"Ruban adh\u00e9sif d\u2019avertissement et de signalisation"},"content":{"rendered":"<p>Pour <strong>l&#8217;exp\u00e9dition de produits sensibles et fragiles<\/strong>, vous pouvez vous procurer chez nous des rubans adh\u00e9sifs d&#8217;avertissement et de signalisation \u2013 comme <strong>alternative \u00e9cologique<\/strong>, \u00e9galement sous forme de ruban adh\u00e9sif en papier \u2013 en <strong>rouge vif avec des caract\u00e8res noirs<\/strong> pour faciliter la reconnaissance des textes d&#8217;information.<\/p>\n<p><strong>Les variantes suivantes sont disponibles chez nous en standard comme ruban adh\u00e9sif en papier et ruban adh\u00e9sif en PP ou PVC :<\/strong><\/p>\n<ul>\n<li>Attention fragile &#8211; verre (allemand\/anglais\/fran\u00e7ais\/espagnol)<\/li>\n<li>Risque de cassure (allemand\/anglais)<\/li>\n<li>Verrouill\u00e9 (allemand)\/li&gt;<\/li>\n<li>Ne pas surcharger la palette (allemand\/anglais)<\/li>\n<li>Appareils \u00e9lectriques ultrasensibles (allemand\/anglais)<\/li>\n<\/ul>\n","protected":false},"excerpt":{"rendered":"<p>Pour l&#8217;exp\u00e9dition de produits sensibles et fragiles, vous pouvez vous procurer chez nous des rubans adh\u00e9sifs d&#8217;avertissement et de signalisation \u2013 comme alternative \u00e9cologique, \u00e9galement sous forme de ruban adh\u00e9sif en papier \u2013 en rouge vif avec des caract\u00e8res noirs pour faciliter la reconnaissance des textes d&#8217;information. Les variantes suivantes sont disponibles chez nous en [&hellip;]<\/p>\n","protected":false},"featured_media":28558,"comment_status":"closed","ping_status":"closed","template":"","meta":{"_acf_changed":false},"product_brand":[],"product_cat":[468],"product_tag":[],"class_list":{"0":"post-28876","1":"product","2":"type-product","3":"status-publish","4":"has-post-thumbnail","6":"product_cat-rubans-adhesifs-et-cerclage","8":"first","9":"instock","10":"product-type-simple"},"acf":[],"_links":{"self":[{"href":"https:\/\/papier-sprick.de\/fr\/wp-json\/wp\/v2\/product\/28876","targetHints":{"allow":["GET"]}}],"collection":[{"href":"https:\/\/papier-sprick.de\/fr\/wp-json\/wp\/v2\/product"}],"about":[{"href":"https:\/\/papier-sprick.de\/fr\/wp-json\/wp\/v2\/types\/product"}],"replies":[{"embeddable":true,"href":"https:\/\/papier-sprick.de\/fr\/wp-json\/wp\/v2\/comments?post=28876"}],"version-history":[{"count":6,"href":"https:\/\/papier-sprick.de\/fr\/wp-json\/wp\/v2\/product\/28876\/revisions"}],"predecessor-version":[{"id":38084,"href":"https:\/\/papier-sprick.de\/fr\/wp-json\/wp\/v2\/product\/28876\/revisions\/38084"}],"wp:featuredmedia":[{"embeddable":true,"href":"https:\/\/papier-sprick.de\/fr\/wp-json\/wp\/v2\/media\/28558"}],"wp:attachment":[{"href":"https:\/\/papier-sprick.de\/fr\/wp-json\/wp\/v2\/media?parent=28876"}],"wp:term":[{"taxonomy":"product_brand","embeddable":true,"href":"https:\/\/papier-sprick.de\/fr\/wp-json\/wp\/v2\/product_brand?post=28876"},{"taxonomy":"product_cat","embeddable":true,"href":"https:\/\/papier-sprick.de\/fr\/wp-json\/wp\/v2\/product_cat?post=28876"},{"taxonomy":"product_tag","embeddable":true,"href":"https:\/\/papier-sprick.de\/fr\/wp-json\/wp\/v2\/product_tag?post=28876"}],"curies":[{"name":"wp","href":"https:\/\/api.w.org\/{rel}","templated":true}]}}