{"id":28875,"date":"2023-10-11T15:37:10","date_gmt":"2023-10-11T13:37:10","guid":{"rendered":"https:\/\/papier-sprick.de\/produkt\/cerclage\/"},"modified":"2025-01-10T11:58:04","modified_gmt":"2025-01-10T09:58:04","slug":"cerclage","status":"publish","type":"product","link":"https:\/\/papier-sprick.de\/fr\/produit\/cerclage\/","title":{"rendered":"Cerclage"},"content":{"rendered":"<p>Le feuillard de cerclage est id\u00e9al pour sceller, renforcer et regrouper des colis, ainsi que pour s\u00e9curiser des charges palettis\u00e9es, que ce soit manuellement, de mani\u00e8re semi-automatique ou enti\u00e8rement automatis\u00e9e. Une distinction est faite entre le feuillard PP, polyester ou textile. En stock, nous disposons exclusivement du feuillard PP, d&#8217;une part pour le traitement automatique et d&#8217;autre part pour le traitement manuel.<\/p>\n<p>Si vous n&#8217;avez pas encore trouv\u00e9 le syst\u00e8me de cerclage le mieux appropri\u00e9 \u00e0 vos besoins, nous nous ferons un plaisir de vous conseiller. Nous proposons des outils manuels, des d\u00e9vidoirs l\u00e9gers et mobiles, des outils de cerclage \u00e0 batterie rechargeable robustes et n\u00e9cessitant peu d&#8217;entretien, ainsi que des machines de cerclage automatiques et faciles \u00e0 utiliser.<\/p>\n","protected":false},"excerpt":{"rendered":"<p>Le feuillard de cerclage est id\u00e9al pour sceller, renforcer et regrouper des colis, ainsi que pour s\u00e9curiser des charges palettis\u00e9es, que ce soit manuellement, de mani\u00e8re semi-automatique ou enti\u00e8rement automatis\u00e9e. Une distinction est faite entre le feuillard PP, polyester ou textile. En stock, nous disposons exclusivement du feuillard PP, d&#8217;une part pour le traitement automatique [&hellip;]<\/p>\n","protected":false},"featured_media":28551,"comment_status":"closed","ping_status":"closed","template":"","meta":{"_acf_changed":false},"product_brand":[],"product_cat":[468],"product_tag":[],"class_list":{"0":"post-28875","1":"product","2":"type-product","3":"status-publish","4":"has-post-thumbnail","6":"product_cat-rubans-adhesifs-et-cerclage","8":"first","9":"instock","10":"product-type-simple"},"acf":[],"_links":{"self":[{"href":"https:\/\/papier-sprick.de\/fr\/wp-json\/wp\/v2\/product\/28875","targetHints":{"allow":["GET"]}}],"collection":[{"href":"https:\/\/papier-sprick.de\/fr\/wp-json\/wp\/v2\/product"}],"about":[{"href":"https:\/\/papier-sprick.de\/fr\/wp-json\/wp\/v2\/types\/product"}],"replies":[{"embeddable":true,"href":"https:\/\/papier-sprick.de\/fr\/wp-json\/wp\/v2\/comments?post=28875"}],"version-history":[{"count":7,"href":"https:\/\/papier-sprick.de\/fr\/wp-json\/wp\/v2\/product\/28875\/revisions"}],"predecessor-version":[{"id":38086,"href":"https:\/\/papier-sprick.de\/fr\/wp-json\/wp\/v2\/product\/28875\/revisions\/38086"}],"wp:featuredmedia":[{"embeddable":true,"href":"https:\/\/papier-sprick.de\/fr\/wp-json\/wp\/v2\/media\/28551"}],"wp:attachment":[{"href":"https:\/\/papier-sprick.de\/fr\/wp-json\/wp\/v2\/media?parent=28875"}],"wp:term":[{"taxonomy":"product_brand","embeddable":true,"href":"https:\/\/papier-sprick.de\/fr\/wp-json\/wp\/v2\/product_brand?post=28875"},{"taxonomy":"product_cat","embeddable":true,"href":"https:\/\/papier-sprick.de\/fr\/wp-json\/wp\/v2\/product_cat?post=28875"},{"taxonomy":"product_tag","embeddable":true,"href":"https:\/\/papier-sprick.de\/fr\/wp-json\/wp\/v2\/product_tag?post=28875"}],"curies":[{"name":"wp","href":"https:\/\/api.w.org\/{rel}","templated":true}]}}