{"id":28874,"date":"2023-10-11T15:37:10","date_gmt":"2023-10-11T13:37:10","guid":{"rendered":"https:\/\/papier-sprick.de\/produkt\/ruban-adhesif-pp-et-pvc\/"},"modified":"2025-01-10T11:57:37","modified_gmt":"2025-01-10T09:57:37","slug":"ruban-adhesif-pp-et-pvc","status":"publish","type":"product","link":"https:\/\/papier-sprick.de\/fr\/produit\/ruban-adhesif-pp-et-pvc\/","title":{"rendered":"Ruban adh\u00e9sif PP et PVC"},"content":{"rendered":"<p>Nos rubans adh\u00e9sifs en PP se d\u00e9roulent tous de mani\u00e8re r\u00e9guli\u00e8re, sans exception. Ils r\u00e9sistent aux intemp\u00e9ries et aux UV et conviennent aussi au domaine de la cong\u00e9lation \/ surg\u00e9lation.<\/p>\n<p>Les rubans adh\u00e9sifs en PVC avec adh\u00e9sif en caoutchouc naturel se d\u00e9vident de mani\u00e8re r\u00e9guli\u00e8re et silencieuse. Le ruban adh\u00e9sif stable peut \u00eatre retir\u00e9 de toutes les surfaces sans laisser de traces et est \u00e9galement facile \u00e0 imprimer.<\/p>\n","protected":false},"excerpt":{"rendered":"<p>Nos rubans adh\u00e9sifs en PP se d\u00e9roulent tous de mani\u00e8re r\u00e9guli\u00e8re, sans exception. Ils r\u00e9sistent aux intemp\u00e9ries et aux UV et conviennent aussi au domaine de la cong\u00e9lation \/ surg\u00e9lation. Les rubans adh\u00e9sifs en PVC avec adh\u00e9sif en caoutchouc naturel se d\u00e9vident de mani\u00e8re r\u00e9guli\u00e8re et silencieuse. Le ruban adh\u00e9sif stable peut \u00eatre retir\u00e9 de [&hellip;]<\/p>\n","protected":false},"featured_media":28544,"comment_status":"closed","ping_status":"closed","template":"","meta":{"_acf_changed":false},"product_brand":[],"product_cat":[468],"product_tag":[],"class_list":{"0":"post-28874","1":"product","2":"type-product","3":"status-publish","4":"has-post-thumbnail","6":"product_cat-rubans-adhesifs-et-cerclage","8":"first","9":"instock","10":"product-type-simple"},"acf":[],"_links":{"self":[{"href":"https:\/\/papier-sprick.de\/fr\/wp-json\/wp\/v2\/product\/28874","targetHints":{"allow":["GET"]}}],"collection":[{"href":"https:\/\/papier-sprick.de\/fr\/wp-json\/wp\/v2\/product"}],"about":[{"href":"https:\/\/papier-sprick.de\/fr\/wp-json\/wp\/v2\/types\/product"}],"replies":[{"embeddable":true,"href":"https:\/\/papier-sprick.de\/fr\/wp-json\/wp\/v2\/comments?post=28874"}],"version-history":[{"count":6,"href":"https:\/\/papier-sprick.de\/fr\/wp-json\/wp\/v2\/product\/28874\/revisions"}],"predecessor-version":[{"id":38085,"href":"https:\/\/papier-sprick.de\/fr\/wp-json\/wp\/v2\/product\/28874\/revisions\/38085"}],"wp:featuredmedia":[{"embeddable":true,"href":"https:\/\/papier-sprick.de\/fr\/wp-json\/wp\/v2\/media\/28544"}],"wp:attachment":[{"href":"https:\/\/papier-sprick.de\/fr\/wp-json\/wp\/v2\/media?parent=28874"}],"wp:term":[{"taxonomy":"product_brand","embeddable":true,"href":"https:\/\/papier-sprick.de\/fr\/wp-json\/wp\/v2\/product_brand?post=28874"},{"taxonomy":"product_cat","embeddable":true,"href":"https:\/\/papier-sprick.de\/fr\/wp-json\/wp\/v2\/product_cat?post=28874"},{"taxonomy":"product_tag","embeddable":true,"href":"https:\/\/papier-sprick.de\/fr\/wp-json\/wp\/v2\/product_tag?post=28874"}],"curies":[{"name":"wp","href":"https:\/\/api.w.org\/{rel}","templated":true}]}}