{"id":28873,"date":"2023-10-11T15:37:10","date_gmt":"2023-10-11T13:37:10","guid":{"rendered":"https:\/\/papier-sprick.de\/produkt\/ruban-adhesif-en-papier\/"},"modified":"2025-01-10T11:56:11","modified_gmt":"2025-01-10T09:56:11","slug":"ruban-adhesif-en-papier","status":"publish","type":"product","link":"https:\/\/papier-sprick.de\/fr\/produit\/ruban-adhesif-en-papier\/","title":{"rendered":"Ruban adh\u00e9sif en papier"},"content":{"rendered":"<p>Le ruban en papier avec adh\u00e9sif en caoutchouc naturel de haute qualit\u00e9 se d\u00e9vide de mani\u00e8re r\u00e9guli\u00e8re et silencieuse. Le ruban adh\u00e9sif s&#8217;enl\u00e8ve sans laisser de traces. Un \u00ab ruban adh\u00e9sif universel \u00bb pour toutes surfaces \u2013 convient m\u00eame au domaine de la cong\u00e9lation \/ surg\u00e9lation. Le ruban adh\u00e9sif en papier renforc\u00e9 fil \u00e0 fil est pratiquement ind\u00e9chirable et particuli\u00e8rement respectueux de l&#8217;environnement.<\/p>\n","protected":false},"excerpt":{"rendered":"<p>Le ruban en papier avec adh\u00e9sif en caoutchouc naturel de haute qualit\u00e9 se d\u00e9vide de mani\u00e8re r\u00e9guli\u00e8re et silencieuse. Le ruban adh\u00e9sif s&#8217;enl\u00e8ve sans laisser de traces. Un \u00ab ruban adh\u00e9sif universel \u00bb pour toutes surfaces \u2013 convient m\u00eame au domaine de la cong\u00e9lation \/ surg\u00e9lation. Le ruban adh\u00e9sif en papier renforc\u00e9 fil \u00e0 fil [&hellip;]<\/p>\n","protected":false},"featured_media":28537,"comment_status":"closed","ping_status":"closed","template":"","meta":{"_acf_changed":false},"product_brand":[],"product_cat":[468],"product_tag":[],"class_list":{"0":"post-28873","1":"product","2":"type-product","3":"status-publish","4":"has-post-thumbnail","6":"product_cat-rubans-adhesifs-et-cerclage","8":"first","9":"instock","10":"product-type-simple"},"acf":[],"_links":{"self":[{"href":"https:\/\/papier-sprick.de\/fr\/wp-json\/wp\/v2\/product\/28873","targetHints":{"allow":["GET"]}}],"collection":[{"href":"https:\/\/papier-sprick.de\/fr\/wp-json\/wp\/v2\/product"}],"about":[{"href":"https:\/\/papier-sprick.de\/fr\/wp-json\/wp\/v2\/types\/product"}],"replies":[{"embeddable":true,"href":"https:\/\/papier-sprick.de\/fr\/wp-json\/wp\/v2\/comments?post=28873"}],"version-history":[{"count":6,"href":"https:\/\/papier-sprick.de\/fr\/wp-json\/wp\/v2\/product\/28873\/revisions"}],"predecessor-version":[{"id":38083,"href":"https:\/\/papier-sprick.de\/fr\/wp-json\/wp\/v2\/product\/28873\/revisions\/38083"}],"wp:featuredmedia":[{"embeddable":true,"href":"https:\/\/papier-sprick.de\/fr\/wp-json\/wp\/v2\/media\/28537"}],"wp:attachment":[{"href":"https:\/\/papier-sprick.de\/fr\/wp-json\/wp\/v2\/media?parent=28873"}],"wp:term":[{"taxonomy":"product_brand","embeddable":true,"href":"https:\/\/papier-sprick.de\/fr\/wp-json\/wp\/v2\/product_brand?post=28873"},{"taxonomy":"product_cat","embeddable":true,"href":"https:\/\/papier-sprick.de\/fr\/wp-json\/wp\/v2\/product_cat?post=28873"},{"taxonomy":"product_tag","embeddable":true,"href":"https:\/\/papier-sprick.de\/fr\/wp-json\/wp\/v2\/product_tag?post=28873"}],"curies":[{"name":"wp","href":"https:\/\/api.w.org\/{rel}","templated":true}]}}