{"id":28872,"date":"2023-10-11T15:37:10","date_gmt":"2023-10-11T13:37:10","guid":{"rendered":"https:\/\/papier-sprick.de\/produkt\/devidoir-dadhesif\/"},"modified":"2025-01-10T11:55:43","modified_gmt":"2025-01-10T09:55:43","slug":"devidoir-dadhesif","status":"publish","type":"product","link":"https:\/\/papier-sprick.de\/fr\/produit\/devidoir-dadhesif\/","title":{"rendered":"D\u00e9vidoir d\u2019adh\u00e9sif"},"content":{"rendered":"<p><strong>D\u00e9vidoirs manuels<\/strong><\/p>\n<p>Pour le traitement rapide des rubans adh\u00e9sifs et le scellement facile et s\u00fbr des cartons et des colis, utilisez nos d\u00e9vidoirs manuels pratiques. Vous pouvez ainsi couper les longueurs n\u00e9cessaires et appliquer proprement le ruban adh\u00e9sif sur les cartons.<\/p>\n<p><strong>Distributeur de bande gomm\u00e9e<\/strong><\/p>\n<p>Avec le distributeur de bande gomm\u00e9e particuli\u00e8rement robuste en m\u00e9tal lourd de haute qualit\u00e9, l&#8217;application de notre bande gomm\u00e9e est particuli\u00e8rement rapide et simple. La bande gomm\u00e9e en papier hydroactive est humidifi\u00e9e automatiquement lors de la distribution et \u00ab se confond \u00bb avec le carton ondul\u00e9 de l&#8217;emballage, apr\u00e8s son application. Convient particuli\u00e8rement aux bo\u00eetes lourdes en carton ondul\u00e9 et aux grandes variations de temp\u00e9rature. L&#8217;atout majeur en faveur de la protection de l&#8217;environnement : une colle v\u00e9g\u00e9tale sans solvants. Vous trouverez ICI notre bande gomm\u00e9e.<\/p>\n","protected":false},"excerpt":{"rendered":"<p>D\u00e9vidoirs manuels Pour le traitement rapide des rubans adh\u00e9sifs et le scellement facile et s\u00fbr des cartons et des colis, utilisez nos d\u00e9vidoirs manuels pratiques. Vous pouvez ainsi couper les longueurs n\u00e9cessaires et appliquer proprement le ruban adh\u00e9sif sur les cartons. Distributeur de bande gomm\u00e9e Avec le distributeur de bande gomm\u00e9e particuli\u00e8rement robuste en m\u00e9tal [&hellip;]<\/p>\n","protected":false},"featured_media":28129,"comment_status":"closed","ping_status":"closed","template":"","meta":{"_acf_changed":false},"product_brand":[],"product_cat":[468],"product_tag":[],"class_list":{"0":"post-28872","1":"product","2":"type-product","3":"status-publish","4":"has-post-thumbnail","6":"product_cat-rubans-adhesifs-et-cerclage","8":"first","9":"instock","10":"product-type-simple"},"acf":[],"_links":{"self":[{"href":"https:\/\/papier-sprick.de\/fr\/wp-json\/wp\/v2\/product\/28872","targetHints":{"allow":["GET"]}}],"collection":[{"href":"https:\/\/papier-sprick.de\/fr\/wp-json\/wp\/v2\/product"}],"about":[{"href":"https:\/\/papier-sprick.de\/fr\/wp-json\/wp\/v2\/types\/product"}],"replies":[{"embeddable":true,"href":"https:\/\/papier-sprick.de\/fr\/wp-json\/wp\/v2\/comments?post=28872"}],"version-history":[{"count":6,"href":"https:\/\/papier-sprick.de\/fr\/wp-json\/wp\/v2\/product\/28872\/revisions"}],"predecessor-version":[{"id":38082,"href":"https:\/\/papier-sprick.de\/fr\/wp-json\/wp\/v2\/product\/28872\/revisions\/38082"}],"wp:featuredmedia":[{"embeddable":true,"href":"https:\/\/papier-sprick.de\/fr\/wp-json\/wp\/v2\/media\/28129"}],"wp:attachment":[{"href":"https:\/\/papier-sprick.de\/fr\/wp-json\/wp\/v2\/media?parent=28872"}],"wp:term":[{"taxonomy":"product_brand","embeddable":true,"href":"https:\/\/papier-sprick.de\/fr\/wp-json\/wp\/v2\/product_brand?post=28872"},{"taxonomy":"product_cat","embeddable":true,"href":"https:\/\/papier-sprick.de\/fr\/wp-json\/wp\/v2\/product_cat?post=28872"},{"taxonomy":"product_tag","embeddable":true,"href":"https:\/\/papier-sprick.de\/fr\/wp-json\/wp\/v2\/product_tag?post=28872"}],"curies":[{"name":"wp","href":"https:\/\/api.w.org\/{rel}","templated":true}]}}