{"id":28871,"date":"2023-10-11T15:37:10","date_gmt":"2023-10-11T13:37:10","guid":{"rendered":"https:\/\/papier-sprick.de\/produkt\/ruban-adhesif-personnalise\/"},"modified":"2025-01-10T11:55:15","modified_gmt":"2025-01-10T09:55:15","slug":"ruban-adhesif-personnalise","status":"publish","type":"product","link":"https:\/\/papier-sprick.de\/fr\/produit\/ruban-adhesif-personnalise\/","title":{"rendered":"Ruban adh\u00e9sif personnalis\u00e9"},"content":{"rendered":"<p>Chez nous, vous obtenez des rubans adh\u00e9sifs avec votre impression personnalis\u00e9e de haute qualit\u00e9. D\u00e8s l&#8217;achat de 3 cartons (108 rouleaux), nous vous proposons une production rapide, flexible et \u00e0 un prix avantageux. Cerise sur le g\u00e2teau : nous ne vous facturons pas de frais de clich\u00e9 suppl\u00e9mentaires !<\/p>\n<p>Ruban adh\u00e9sif PP avec adh\u00e9sif acrylique (d\u00e9roulement silencieux) ou adh\u00e9sif Hot melt (d\u00e9roulement bruyant)<br \/>\nRuban adh\u00e9sif PVC avec adh\u00e9sif en caoutchouc naturel (d\u00e9roulement silencieux)<br \/>\nRuban adh\u00e9sif en papier avec adh\u00e9sif en caoutchouc naturel (d\u00e9roulement silencieux)<\/p>\n","protected":false},"excerpt":{"rendered":"<p>Chez nous, vous obtenez des rubans adh\u00e9sifs avec votre impression personnalis\u00e9e de haute qualit\u00e9. D\u00e8s l&#8217;achat de 3 cartons (108 rouleaux), nous vous proposons une production rapide, flexible et \u00e0 un prix avantageux. Cerise sur le g\u00e2teau : nous ne vous facturons pas de frais de clich\u00e9 suppl\u00e9mentaires ! Ruban adh\u00e9sif PP avec adh\u00e9sif acrylique [&hellip;]<\/p>\n","protected":false},"featured_media":28511,"comment_status":"closed","ping_status":"closed","template":"","meta":{"_acf_changed":false},"product_brand":[],"product_cat":[468],"product_tag":[],"class_list":{"0":"post-28871","1":"product","2":"type-product","3":"status-publish","4":"has-post-thumbnail","6":"product_cat-rubans-adhesifs-et-cerclage","8":"first","9":"instock","10":"product-type-simple"},"acf":[],"_links":{"self":[{"href":"https:\/\/papier-sprick.de\/fr\/wp-json\/wp\/v2\/product\/28871","targetHints":{"allow":["GET"]}}],"collection":[{"href":"https:\/\/papier-sprick.de\/fr\/wp-json\/wp\/v2\/product"}],"about":[{"href":"https:\/\/papier-sprick.de\/fr\/wp-json\/wp\/v2\/types\/product"}],"replies":[{"embeddable":true,"href":"https:\/\/papier-sprick.de\/fr\/wp-json\/wp\/v2\/comments?post=28871"}],"version-history":[{"count":6,"href":"https:\/\/papier-sprick.de\/fr\/wp-json\/wp\/v2\/product\/28871\/revisions"}],"predecessor-version":[{"id":38081,"href":"https:\/\/papier-sprick.de\/fr\/wp-json\/wp\/v2\/product\/28871\/revisions\/38081"}],"wp:featuredmedia":[{"embeddable":true,"href":"https:\/\/papier-sprick.de\/fr\/wp-json\/wp\/v2\/media\/28511"}],"wp:attachment":[{"href":"https:\/\/papier-sprick.de\/fr\/wp-json\/wp\/v2\/media?parent=28871"}],"wp:term":[{"taxonomy":"product_brand","embeddable":true,"href":"https:\/\/papier-sprick.de\/fr\/wp-json\/wp\/v2\/product_brand?post=28871"},{"taxonomy":"product_cat","embeddable":true,"href":"https:\/\/papier-sprick.de\/fr\/wp-json\/wp\/v2\/product_cat?post=28871"},{"taxonomy":"product_tag","embeddable":true,"href":"https:\/\/papier-sprick.de\/fr\/wp-json\/wp\/v2\/product_tag?post=28871"}],"curies":[{"name":"wp","href":"https:\/\/api.w.org\/{rel}","templated":true}]}}