{"id":28870,"date":"2023-10-11T15:37:10","date_gmt":"2023-10-11T13:37:10","guid":{"rendered":"https:\/\/papier-sprick.de\/produkt\/cartonnages-estampes\/"},"modified":"2025-01-10T11:54:37","modified_gmt":"2025-01-10T09:54:37","slug":"cartonnages-estampes","status":"publish","type":"product","link":"https:\/\/papier-sprick.de\/fr\/produit\/cartonnages-estampes\/","title":{"rendered":"Cartonnages estamp\u00e9s"},"content":{"rendered":"<p>Papier Sprick vous propose des cartonnages en carton ondul\u00e9 estamp\u00e9s, respectueux de l&#8217;environnement, comme emballage de transport pour vos marchandises.<\/p>\n<p>Nous produisons votre carton conform\u00e9ment \u00e0 vos besoins sp\u00e9cifiques, dans diff\u00e9rentes dimensions, qualit\u00e9s et \u00e9paisseurs de mat\u00e9riau.<\/p>\n<p>La fabrication de votre emballage de transport est effectu\u00e9e selon la norme FEFCO : qu&#8217;il soit dot\u00e9 de compartiments, d&#8217;inserts, de couches intercalaires, de fond automatique ou d&#8217;une impression personnalis\u00e9e &#8211; il n&#8217;y a (presque) aucune limite au choix et \u00e0 la conception de votre emballage sp\u00e9cifique.<\/p>\n<p>Les emballages estamp\u00e9s sont livr\u00e9s \u00e0 plat, de sorte qu&#8217;ils prennent tr\u00e8s peu de place dans vos entrep\u00f4ts \u2013 d\u00e9pli\u00e9s, ils offrent une protection fiable pendant le transport et le stockage de vos marchandises et produits.<\/p>\n<p>Si vous souhaitez b\u00e9n\u00e9ficier du maximum d&#8217;avantages en termes de prix et\/ou si vous ne disposez que d&#8217;une capacit\u00e9 de stockage limit\u00e9e, nous vous proposons de stocker, moyennant commission, vos cartonnages sur mesure, que nous vous livrons ensuite de mani\u00e8re flexible sur appel. En raison des quantit\u00e9s d&#8217;achat fermes, nous pouvons vous offrir des conditions plus int\u00e9ressantes.<\/p>\n","protected":false},"excerpt":{"rendered":"<p>Papier Sprick vous propose des cartonnages en carton ondul\u00e9 estamp\u00e9s, respectueux de l&#8217;environnement, comme emballage de transport pour vos marchandises. Nous produisons votre carton conform\u00e9ment \u00e0 vos besoins sp\u00e9cifiques, dans diff\u00e9rentes dimensions, qualit\u00e9s et \u00e9paisseurs de mat\u00e9riau. La fabrication de votre emballage de transport est effectu\u00e9e selon la norme FEFCO : qu&#8217;il soit dot\u00e9 de [&hellip;]<\/p>\n","protected":false},"featured_media":28495,"comment_status":"closed","ping_status":"closed","template":"","meta":{"_acf_changed":false},"product_brand":[],"product_cat":[463],"product_tag":[],"class_list":{"0":"post-28870","1":"product","2":"type-product","3":"status-publish","4":"has-post-thumbnail","6":"product_cat-cartons","8":"first","9":"instock","10":"product-type-simple"},"acf":[],"_links":{"self":[{"href":"https:\/\/papier-sprick.de\/fr\/wp-json\/wp\/v2\/product\/28870","targetHints":{"allow":["GET"]}}],"collection":[{"href":"https:\/\/papier-sprick.de\/fr\/wp-json\/wp\/v2\/product"}],"about":[{"href":"https:\/\/papier-sprick.de\/fr\/wp-json\/wp\/v2\/types\/product"}],"replies":[{"embeddable":true,"href":"https:\/\/papier-sprick.de\/fr\/wp-json\/wp\/v2\/comments?post=28870"}],"version-history":[{"count":6,"href":"https:\/\/papier-sprick.de\/fr\/wp-json\/wp\/v2\/product\/28870\/revisions"}],"predecessor-version":[{"id":38080,"href":"https:\/\/papier-sprick.de\/fr\/wp-json\/wp\/v2\/product\/28870\/revisions\/38080"}],"wp:featuredmedia":[{"embeddable":true,"href":"https:\/\/papier-sprick.de\/fr\/wp-json\/wp\/v2\/media\/28495"}],"wp:attachment":[{"href":"https:\/\/papier-sprick.de\/fr\/wp-json\/wp\/v2\/media?parent=28870"}],"wp:term":[{"taxonomy":"product_brand","embeddable":true,"href":"https:\/\/papier-sprick.de\/fr\/wp-json\/wp\/v2\/product_brand?post=28870"},{"taxonomy":"product_cat","embeddable":true,"href":"https:\/\/papier-sprick.de\/fr\/wp-json\/wp\/v2\/product_cat?post=28870"},{"taxonomy":"product_tag","embeddable":true,"href":"https:\/\/papier-sprick.de\/fr\/wp-json\/wp\/v2\/product_tag?post=28870"}],"curies":[{"name":"wp","href":"https:\/\/api.w.org\/{rel}","templated":true}]}}