{"id":28869,"date":"2023-10-11T15:37:10","date_gmt":"2023-10-11T13:37:10","guid":{"rendered":"https:\/\/papier-sprick.de\/produkt\/boites-pliantes-en-carton-ondule\/"},"modified":"2025-01-10T11:54:08","modified_gmt":"2025-01-10T09:54:08","slug":"boites-pliantes-en-carton-ondule","status":"publish","type":"product","link":"https:\/\/papier-sprick.de\/fr\/produit\/boites-pliantes-en-carton-ondule\/","title":{"rendered":"Bo\u00eetes pliantes en carton ondul\u00e9"},"content":{"rendered":"<p>Papier Sprick vous fournit des bo\u00eetes pliantes \u00e0 cannelure simple ou double en carton ondul\u00e9 de diff\u00e9rentes dimensions et conformes \u00e0 la norme FEFCO, en tant qu&#8217;articles en stock rapidement disponibles.<\/p>\n<p>Si nous ne disposons pas en stock des dimensions requises ou si vous souhaitez imprimer le logo de votre entreprise sur votre emballage de transport, par exemple, nous pouvons dans ce cas fabriquer pour vous le carton dans des dimensions individuelles conformes \u00e0 vos sp\u00e9cifications jusqu&#8217;\u00e0 la qualit\u00e9 triple cannelure &#8211; m\u00eame dans les plus petites unit\u00e9s quantitatives, ceci rapidement et \u00e0 un prix int\u00e9ressant.<\/p>\n<p>En tant que service, nous vous proposons de stocker chez nous, moyennant commission, les cartons command\u00e9s. Vous pouvez ensuite en demander la livraison au fur et \u00e0 mesure des besoins, de mani\u00e8re simple et flexible. De cette fa\u00e7on, non seulement vous \u00e9conomisez de l&#8217;espace de stockage, mais vous b\u00e9n\u00e9ficiez \u00e9galement d&#8217;un net avantage en termes de prix gr\u00e2ce \u00e0 des quantit\u00e9s d&#8217;achat fermes plus importantes.<\/p>\n<p>\u00c0 la demande, nous fabriquons \u00e9galement des \u00e9chantillons, pour vous mettre en mesure de tester votre emballage avant la mise en \u0153uvre, ce qui vous permet de choisir votre solution optimale.<\/p>\n<p>Papier Sprick vous propose \u00e9galement la meilleure qualit\u00e9, respectueuse de l&#8217;environnement, \u00e0 des prix avantageux pour les d\u00e9coupes ou les cartonnages dans une version estamp\u00e9e.<\/p>\n<p>Bien entendu, vous pouvez \u00e9galement vous procurer chez nous tous les accessoires d&#8217;emballage, tels que les rubans adh\u00e9sifs, les mat\u00e9riaux de calage et de remplissage, les papiers d&#8217;emballage, etc. et, si vous le souhaitez, la technique associ\u00e9e et des conseils permettant d&#8217;optimiser votre process d&#8217;emballage.<\/p>\n","protected":false},"excerpt":{"rendered":"<p>Papier Sprick vous fournit des bo\u00eetes pliantes \u00e0 cannelure simple ou double en carton ondul\u00e9 de diff\u00e9rentes dimensions et conformes \u00e0 la norme FEFCO, en tant qu&#8217;articles en stock rapidement disponibles. Si nous ne disposons pas en stock des dimensions requises ou si vous souhaitez imprimer le logo de votre entreprise sur votre emballage de [&hellip;]<\/p>\n","protected":false},"featured_media":28482,"comment_status":"closed","ping_status":"closed","template":"","meta":{"_acf_changed":false},"product_brand":[],"product_cat":[463],"product_tag":[],"class_list":{"0":"post-28869","1":"product","2":"type-product","3":"status-publish","4":"has-post-thumbnail","6":"product_cat-cartons","8":"first","9":"instock","10":"product-type-simple"},"acf":[],"_links":{"self":[{"href":"https:\/\/papier-sprick.de\/fr\/wp-json\/wp\/v2\/product\/28869","targetHints":{"allow":["GET"]}}],"collection":[{"href":"https:\/\/papier-sprick.de\/fr\/wp-json\/wp\/v2\/product"}],"about":[{"href":"https:\/\/papier-sprick.de\/fr\/wp-json\/wp\/v2\/types\/product"}],"replies":[{"embeddable":true,"href":"https:\/\/papier-sprick.de\/fr\/wp-json\/wp\/v2\/comments?post=28869"}],"version-history":[{"count":6,"href":"https:\/\/papier-sprick.de\/fr\/wp-json\/wp\/v2\/product\/28869\/revisions"}],"predecessor-version":[{"id":38079,"href":"https:\/\/papier-sprick.de\/fr\/wp-json\/wp\/v2\/product\/28869\/revisions\/38079"}],"wp:featuredmedia":[{"embeddable":true,"href":"https:\/\/papier-sprick.de\/fr\/wp-json\/wp\/v2\/media\/28482"}],"wp:attachment":[{"href":"https:\/\/papier-sprick.de\/fr\/wp-json\/wp\/v2\/media?parent=28869"}],"wp:term":[{"taxonomy":"product_brand","embeddable":true,"href":"https:\/\/papier-sprick.de\/fr\/wp-json\/wp\/v2\/product_brand?post=28869"},{"taxonomy":"product_cat","embeddable":true,"href":"https:\/\/papier-sprick.de\/fr\/wp-json\/wp\/v2\/product_cat?post=28869"},{"taxonomy":"product_tag","embeddable":true,"href":"https:\/\/papier-sprick.de\/fr\/wp-json\/wp\/v2\/product_tag?post=28869"}],"curies":[{"name":"wp","href":"https:\/\/api.w.org\/{rel}","templated":true}]}}