{"id":28868,"date":"2023-10-11T15:37:10","date_gmt":"2023-10-11T13:37:10","guid":{"rendered":"https:\/\/papier-sprick.de\/produkt\/carton-ondule-profiles-en-u-et-en-l\/"},"modified":"2025-11-07T14:36:12","modified_gmt":"2025-11-07T12:36:12","slug":"carton-ondule-profiles-en-u-et-en-l","status":"publish","type":"product","link":"https:\/\/papier-sprick.de\/fr\/produit\/carton-ondule-profiles-en-u-et-en-l\/","title":{"rendered":"Carton ondul\u00e9 Profil\u00e9s en U et en L"},"content":{"rendered":"<p>Protection fiable et sur mesure pour les bords fragiles, disponible en forme de L ou de U. Carton ondul\u00e9 multicouche associ\u00e9 \u00e0 une doublure int\u00e9rieure en papier, en mousse ou en non tiss\u00e9, offre \u00e0 la fois un amortissement optimal et une protection id\u00e9ale de la surface. Les profil\u00e9s en L et en U sont fabriqu\u00e9s sur mesure en fonction des besoins du client et livr\u00e9s avec un ajustement exact.<\/p>\n<p>La protection des bords : comment l&#8217;utiliser<\/p>\n<p>Les profil\u00e9s en U et en L sont utilis\u00e9s pour prot\u00e9ger les bords de toutes sortes, tels que les plans de travail, les portes, les extr\u00e9mit\u00e9s et coins sensibles des meubles. La protection flexible des bords est facilement adaptable manuellement. En option, nous vous proposons le syst\u00e8me VariProtect XL\u00ae pour la confection m\u00e9canique sur place de la protection des bords, avec lequel vous pouvez fabriquer vous-m\u00eame et \u00e0 moindre co\u00fbt, \u00e0 partir d&#8217;un lot de taille 1, des corni\u00e8res de protection optimis\u00e9es en fonction du produit et de dimensions individuelles, par exemple DUO\u2011Pack XL\u00ae en carton ondul\u00e9 en rouleaux.<\/p>\n<p>Coussinets d&#8217;\u00e9cartement<\/p>\n<p>Les coussinets d&#8217;\u00e9cartement de Papier Sprick sont eux aussi disponibles en tant que produits sur mesure avec diff\u00e9rents rev\u00eatements. Id\u00e9al comme amortisseurs, espaceurs et pour les interstices.<\/p>\n","protected":false},"excerpt":{"rendered":"<p>Protection fiable et sur mesure pour les bords fragiles, disponible en forme de L ou de U. Carton ondul\u00e9 multicouche associ\u00e9 \u00e0 une doublure int\u00e9rieure en papier, en mousse ou en non tiss\u00e9, offre \u00e0 la fois un amortissement optimal et une protection id\u00e9ale de la surface. Les profil\u00e9s en L et en U sont [&hellip;]<\/p>\n","protected":false},"featured_media":28123,"comment_status":"closed","ping_status":"closed","template":"","meta":{"_acf_changed":false},"product_brand":[],"product_cat":[462],"product_tag":[],"class_list":{"0":"post-28868","1":"product","2":"type-product","3":"status-publish","4":"has-post-thumbnail","6":"product_cat-protection-des-bords-et-des-coins","8":"first","9":"instock","10":"product-type-simple"},"acf":[],"_links":{"self":[{"href":"https:\/\/papier-sprick.de\/fr\/wp-json\/wp\/v2\/product\/28868","targetHints":{"allow":["GET"]}}],"collection":[{"href":"https:\/\/papier-sprick.de\/fr\/wp-json\/wp\/v2\/product"}],"about":[{"href":"https:\/\/papier-sprick.de\/fr\/wp-json\/wp\/v2\/types\/product"}],"replies":[{"embeddable":true,"href":"https:\/\/papier-sprick.de\/fr\/wp-json\/wp\/v2\/comments?post=28868"}],"version-history":[{"count":8,"href":"https:\/\/papier-sprick.de\/fr\/wp-json\/wp\/v2\/product\/28868\/revisions"}],"predecessor-version":[{"id":43553,"href":"https:\/\/papier-sprick.de\/fr\/wp-json\/wp\/v2\/product\/28868\/revisions\/43553"}],"wp:featuredmedia":[{"embeddable":true,"href":"https:\/\/papier-sprick.de\/fr\/wp-json\/wp\/v2\/media\/28123"}],"wp:attachment":[{"href":"https:\/\/papier-sprick.de\/fr\/wp-json\/wp\/v2\/media?parent=28868"}],"wp:term":[{"taxonomy":"product_brand","embeddable":true,"href":"https:\/\/papier-sprick.de\/fr\/wp-json\/wp\/v2\/product_brand?post=28868"},{"taxonomy":"product_cat","embeddable":true,"href":"https:\/\/papier-sprick.de\/fr\/wp-json\/wp\/v2\/product_cat?post=28868"},{"taxonomy":"product_tag","embeddable":true,"href":"https:\/\/papier-sprick.de\/fr\/wp-json\/wp\/v2\/product_tag?post=28868"}],"curies":[{"name":"wp","href":"https:\/\/api.w.org\/{rel}","templated":true}]}}