{"id":28867,"date":"2023-10-11T15:36:55","date_gmt":"2023-10-11T13:36:55","guid":{"rendered":"https:\/\/papier-sprick.de\/produkt\/carton-compact-profiles-en-u-et-en-l\/"},"modified":"2025-01-10T11:53:02","modified_gmt":"2025-01-10T09:53:02","slug":"carton-compact-profiles-en-u-et-en-l","status":"publish","type":"product","link":"https:\/\/papier-sprick.de\/fr\/produit\/carton-compact-profiles-en-u-et-en-l\/","title":{"rendered":"Carton compact Profil\u00e9s en U et en L"},"content":{"rendered":"<p>Protection pendant le transport, avec les meilleures forces d\u00e9fensives<\/p>\n<p>Les corni\u00e8res de protection en carton compact prot\u00e8gent votre produit \u2013 quelle que soit la fixation, qu&#8217;il s&#8217;agisse de cerclage, d&#8217;\u00e9tirage, de r\u00e9traction, de l&#8217;int\u00e9rieur ou de l&#8217;ext\u00e9rieur \u2013 contre les dommages, les d\u00e9formations ou le glissement. Vous pouvez vous procurer chez nous des protections des angles dans diff\u00e9rentes versions en termes de longueurs, d&#8217;\u00e9paisseurs, de types de papier, de longueurs de pans ou de propri\u00e9t\u00e9s adh\u00e9sives, m\u00eame en petites quantit\u00e9s. Faites d\u00e9sormais confiance aux protecteurs des bords en carton compact \u00e9prouv\u00e9s de Papier Sprick.<\/p>\n<p>\u00c0 propos : pour des quantit\u00e9s plus importantes avec des dimensions diff\u00e9rentes, nous recommandons en option notre syst\u00e8me d&#8217;emballage VariProtect XL\u00ae, la protection des bords en rouleau.<\/p>\n","protected":false},"excerpt":{"rendered":"<p>Protection pendant le transport, avec les meilleures forces d\u00e9fensives Les corni\u00e8res de protection en carton compact prot\u00e8gent votre produit \u2013 quelle que soit la fixation, qu&#8217;il s&#8217;agisse de cerclage, d&#8217;\u00e9tirage, de r\u00e9traction, de l&#8217;int\u00e9rieur ou de l&#8217;ext\u00e9rieur \u2013 contre les dommages, les d\u00e9formations ou le glissement. Vous pouvez vous procurer chez nous des protections des [&hellip;]<\/p>\n","protected":false},"featured_media":28457,"comment_status":"closed","ping_status":"closed","template":"","meta":{"_acf_changed":false},"product_brand":[],"product_cat":[462],"product_tag":[],"class_list":{"0":"post-28867","1":"product","2":"type-product","3":"status-publish","4":"has-post-thumbnail","6":"product_cat-protection-des-bords-et-des-coins","8":"first","9":"instock","10":"product-type-simple"},"acf":[],"_links":{"self":[{"href":"https:\/\/papier-sprick.de\/fr\/wp-json\/wp\/v2\/product\/28867","targetHints":{"allow":["GET"]}}],"collection":[{"href":"https:\/\/papier-sprick.de\/fr\/wp-json\/wp\/v2\/product"}],"about":[{"href":"https:\/\/papier-sprick.de\/fr\/wp-json\/wp\/v2\/types\/product"}],"replies":[{"embeddable":true,"href":"https:\/\/papier-sprick.de\/fr\/wp-json\/wp\/v2\/comments?post=28867"}],"version-history":[{"count":6,"href":"https:\/\/papier-sprick.de\/fr\/wp-json\/wp\/v2\/product\/28867\/revisions"}],"predecessor-version":[{"id":38078,"href":"https:\/\/papier-sprick.de\/fr\/wp-json\/wp\/v2\/product\/28867\/revisions\/38078"}],"wp:featuredmedia":[{"embeddable":true,"href":"https:\/\/papier-sprick.de\/fr\/wp-json\/wp\/v2\/media\/28457"}],"wp:attachment":[{"href":"https:\/\/papier-sprick.de\/fr\/wp-json\/wp\/v2\/media?parent=28867"}],"wp:term":[{"taxonomy":"product_brand","embeddable":true,"href":"https:\/\/papier-sprick.de\/fr\/wp-json\/wp\/v2\/product_brand?post=28867"},{"taxonomy":"product_cat","embeddable":true,"href":"https:\/\/papier-sprick.de\/fr\/wp-json\/wp\/v2\/product_cat?post=28867"},{"taxonomy":"product_tag","embeddable":true,"href":"https:\/\/papier-sprick.de\/fr\/wp-json\/wp\/v2\/product_tag?post=28867"}],"curies":[{"name":"wp","href":"https:\/\/api.w.org\/{rel}","templated":true}]}}