{"id":28866,"date":"2023-10-11T15:36:55","date_gmt":"2023-10-11T13:36:55","guid":{"rendered":"https:\/\/papier-sprick.de\/produkt\/emballage-tubulaire\/"},"modified":"2025-11-07T14:45:47","modified_gmt":"2025-11-07T12:45:47","slug":"emballage-tubulaire","status":"publish","type":"product","link":"https:\/\/papier-sprick.de\/fr\/produit\/emballage-tubulaire\/","title":{"rendered":"Emballage tubulaire"},"content":{"rendered":"<p>Nous fabriquons pour vous des emballages tubulaires de n&#8217;importe quelle longueur souhait\u00e9e et d&#8217;une largeur \u00e0 plat de 50 \u00e0 360 mm sur mesure, au choix avec une doublure int\u00e9rieure en papier ou en mousse pour encore mieux prot\u00e9ger les surfaces sensibles. Les emballages tubulaires n\u00e9cessitent peu d&#8217;espace car ils sont fournis enroul\u00e9s \u00e0 plat. Ils sont tr\u00e8s faciles \u00e0 redresser et donc rapidement pr\u00eats \u00e0 l&#8217;utilisation.<\/p>\n<p>L&#8217;id\u00e9al pour l&#8217;emballage simple de marchandises longues, droites ou courbes, par exemple des tubes, des tiges, des plinthes, des profil\u00e9s, etc., ainsi que pour une excellente protection des pieds de chaises et de tables.<\/p>\n","protected":false},"excerpt":{"rendered":"<p>Nous fabriquons pour vous des emballages tubulaires de n&#8217;importe quelle longueur souhait\u00e9e et d&#8217;une largeur \u00e0 plat de 50 \u00e0 360 mm sur mesure, au choix avec une doublure int\u00e9rieure en papier ou en mousse pour encore mieux prot\u00e9ger les surfaces sensibles. Les emballages tubulaires n\u00e9cessitent peu d&#8217;espace car ils sont fournis enroul\u00e9s \u00e0 plat. [&hellip;]<\/p>\n","protected":false},"featured_media":28444,"comment_status":"closed","ping_status":"closed","template":"","meta":{"_acf_changed":false},"product_brand":[],"product_cat":[462],"product_tag":[],"class_list":{"0":"post-28866","1":"product","2":"type-product","3":"status-publish","4":"has-post-thumbnail","6":"product_cat-protection-des-bords-et-des-coins","8":"first","9":"instock","10":"product-type-simple"},"acf":[],"_links":{"self":[{"href":"https:\/\/papier-sprick.de\/fr\/wp-json\/wp\/v2\/product\/28866","targetHints":{"allow":["GET"]}}],"collection":[{"href":"https:\/\/papier-sprick.de\/fr\/wp-json\/wp\/v2\/product"}],"about":[{"href":"https:\/\/papier-sprick.de\/fr\/wp-json\/wp\/v2\/types\/product"}],"replies":[{"embeddable":true,"href":"https:\/\/papier-sprick.de\/fr\/wp-json\/wp\/v2\/comments?post=28866"}],"version-history":[{"count":7,"href":"https:\/\/papier-sprick.de\/fr\/wp-json\/wp\/v2\/product\/28866\/revisions"}],"predecessor-version":[{"id":43564,"href":"https:\/\/papier-sprick.de\/fr\/wp-json\/wp\/v2\/product\/28866\/revisions\/43564"}],"wp:featuredmedia":[{"embeddable":true,"href":"https:\/\/papier-sprick.de\/fr\/wp-json\/wp\/v2\/media\/28444"}],"wp:attachment":[{"href":"https:\/\/papier-sprick.de\/fr\/wp-json\/wp\/v2\/media?parent=28866"}],"wp:term":[{"taxonomy":"product_brand","embeddable":true,"href":"https:\/\/papier-sprick.de\/fr\/wp-json\/wp\/v2\/product_brand?post=28866"},{"taxonomy":"product_cat","embeddable":true,"href":"https:\/\/papier-sprick.de\/fr\/wp-json\/wp\/v2\/product_cat?post=28866"},{"taxonomy":"product_tag","embeddable":true,"href":"https:\/\/papier-sprick.de\/fr\/wp-json\/wp\/v2\/product_tag?post=28866"}],"curies":[{"name":"wp","href":"https:\/\/api.w.org\/{rel}","templated":true}]}}