{"id":28865,"date":"2023-10-11T15:36:55","date_gmt":"2023-10-11T13:36:55","guid":{"rendered":"https:\/\/papier-sprick.de\/produkt\/wheel\/"},"modified":"2025-01-10T11:58:34","modified_gmt":"2025-01-10T09:58:34","slug":"wheel","status":"publish","type":"product","link":"https:\/\/papier-sprick.de\/fr\/produit\/wheel\/","title":{"rendered":"Wheel"},"content":{"rendered":"<p>Wheel vient compl\u00e9ter de mani\u00e8re id\u00e9ale le syst\u00e8me de remplissage papier SpeedMan\u00ae ou bien encore votre syst\u00e8me de coussins papier PaperJet\u00ae.<\/p>\n<p>Wheel permet d&#8217;enrouler tr\u00e8s rapidement des escargots de papier (coils papier) stables, avec lesquels vous pouvez \u00e9galement prot\u00e9ger contre les dommages, de mani\u00e8re optimale, les marchandises plus lourdes dans les cartons d&#8217;exp\u00e9dition et ainsi \u00e9viter les retours.<\/p>\n<p>Intuitive, sa commande est tr\u00e8s simple et m\u00e9nage les efforts de l&#8217;utilisateur, par rapport au syst\u00e8me d&#8217;enroulement manuel des escargots de papier.<\/p>\n<p>Les coils de papier conviennent particuli\u00e8rement bien \u00e0 l&#8217;exp\u00e9dition de produits lourds et repr\u00e9sentent une alternative \u00e9cologique et flexible aux solutions en styropore et mousse PU &#8211; m\u00eame lorsqu&#8217;il s&#8217;agit de petites quantit\u00e9s. Les syst\u00e8mes d&#8217;enroulement co\u00fbteux et complexes font partie du pass\u00e9 gr\u00e2ce au syst\u00e8me Wheel.<\/p>\n<p>Wheel ne n\u00e9cessite pas de maintenance et fonctionne sans courant \u00e9lectrique. Deux options de fixation sont disponibles sous forme d&#8217;un ch\u00e2ssis de table avec bras pivotant ou d&#8217;un support \u00e0 roulettes et peuvent compl\u00e9ter les syst\u00e8mes de calage et de rembourrage SpeedMan\u00ae ou PaperJet\u00ae.<\/p>\n","protected":false},"excerpt":{"rendered":"<p>Wheel vient compl\u00e9ter de mani\u00e8re id\u00e9ale le syst\u00e8me de remplissage papier SpeedMan\u00ae ou bien encore votre syst\u00e8me de coussins papier PaperJet\u00ae. Wheel permet d&#8217;enrouler tr\u00e8s rapidement des escargots de papier (coils papier) stables, avec lesquels vous pouvez \u00e9galement prot\u00e9ger contre les dommages, de mani\u00e8re optimale, les marchandises plus lourdes dans les cartons d&#8217;exp\u00e9dition et ainsi [&hellip;]<\/p>\n","protected":false},"featured_media":28430,"comment_status":"closed","ping_status":"closed","template":"","meta":{"_acf_changed":false},"product_brand":[],"product_cat":[467,460],"product_tag":[],"class_list":{"0":"post-28865","1":"product","2":"type-product","3":"status-publish","4":"has-post-thumbnail","6":"product_cat-accessoires-et-extensions","7":"product_cat-besoins-en-produits-de-calage-et-de-rembourrage","9":"first","10":"instock","11":"product-type-simple"},"acf":[],"_links":{"self":[{"href":"https:\/\/papier-sprick.de\/fr\/wp-json\/wp\/v2\/product\/28865","targetHints":{"allow":["GET"]}}],"collection":[{"href":"https:\/\/papier-sprick.de\/fr\/wp-json\/wp\/v2\/product"}],"about":[{"href":"https:\/\/papier-sprick.de\/fr\/wp-json\/wp\/v2\/types\/product"}],"replies":[{"embeddable":true,"href":"https:\/\/papier-sprick.de\/fr\/wp-json\/wp\/v2\/comments?post=28865"}],"version-history":[{"count":4,"href":"https:\/\/papier-sprick.de\/fr\/wp-json\/wp\/v2\/product\/28865\/revisions"}],"predecessor-version":[{"id":38087,"href":"https:\/\/papier-sprick.de\/fr\/wp-json\/wp\/v2\/product\/28865\/revisions\/38087"}],"wp:featuredmedia":[{"embeddable":true,"href":"https:\/\/papier-sprick.de\/fr\/wp-json\/wp\/v2\/media\/28430"}],"wp:attachment":[{"href":"https:\/\/papier-sprick.de\/fr\/wp-json\/wp\/v2\/media?parent=28865"}],"wp:term":[{"taxonomy":"product_brand","embeddable":true,"href":"https:\/\/papier-sprick.de\/fr\/wp-json\/wp\/v2\/product_brand?post=28865"},{"taxonomy":"product_cat","embeddable":true,"href":"https:\/\/papier-sprick.de\/fr\/wp-json\/wp\/v2\/product_cat?post=28865"},{"taxonomy":"product_tag","embeddable":true,"href":"https:\/\/papier-sprick.de\/fr\/wp-json\/wp\/v2\/product_tag?post=28865"}],"curies":[{"name":"wp","href":"https:\/\/api.w.org\/{rel}","templated":true}]}}