{"id":28863,"date":"2023-10-11T15:36:55","date_gmt":"2023-10-11T13:36:55","guid":{"rendered":"https:\/\/papier-sprick.de\/produkt\/table-demballage\/"},"modified":"2025-01-10T12:09:08","modified_gmt":"2025-01-10T10:09:08","slug":"table-demballage","status":"publish","type":"product","link":"https:\/\/papier-sprick.de\/fr\/produit\/table-demballage\/","title":{"rendered":"Table d\u2019emballage"},"content":{"rendered":"<p>Le choix de la bonne table d&#8217;emballage est la base d&#8217;un poste de travail ergonomique \u2013 la fonctionnalit\u00e9, la flexibilit\u00e9 et une conception modulaire personnalis\u00e9e ont une influence significative sur les performances des manutentionnaires et donc sur l&#8217;efficacit\u00e9 et la rentabilit\u00e9 de votre processus d&#8217;emballage.<\/p>\n<p>Nos tables d&#8217;emballage de haute qualit\u00e9 sont robustes, durables et vous offrent un large \u00e9ventail d&#8217;options pour une conception optimale du poste d&#8217;emballage. Des possibilit\u00e9s de fixation stables pour divers \u00e9l\u00e9ments suppl\u00e9mentaires modulaires facilitent le tri, la d\u00e9pose, le stockage et enfin l&#8217;emballage et rendent toutes ces \u00e9tapes agr\u00e9ables et ergonomiques.<\/p>\n","protected":false},"excerpt":{"rendered":"<p>Le choix de la bonne table d&#8217;emballage est la base d&#8217;un poste de travail ergonomique \u2013 la fonctionnalit\u00e9, la flexibilit\u00e9 et une conception modulaire personnalis\u00e9e ont une influence significative sur les performances des manutentionnaires et donc sur l&#8217;efficacit\u00e9 et la rentabilit\u00e9 de votre processus d&#8217;emballage. Nos tables d&#8217;emballage de haute qualit\u00e9 sont robustes, durables et [&hellip;]<\/p>\n","protected":false},"featured_media":28408,"comment_status":"closed","ping_status":"closed","template":"","meta":{"_acf_changed":false},"product_brand":[],"product_cat":[467,460],"product_tag":[],"class_list":{"0":"post-28863","1":"product","2":"type-product","3":"status-publish","4":"has-post-thumbnail","6":"product_cat-accessoires-et-extensions","7":"product_cat-besoins-en-produits-de-calage-et-de-rembourrage","9":"first","10":"instock","11":"product-type-simple"},"acf":[],"_links":{"self":[{"href":"https:\/\/papier-sprick.de\/fr\/wp-json\/wp\/v2\/product\/28863","targetHints":{"allow":["GET"]}}],"collection":[{"href":"https:\/\/papier-sprick.de\/fr\/wp-json\/wp\/v2\/product"}],"about":[{"href":"https:\/\/papier-sprick.de\/fr\/wp-json\/wp\/v2\/types\/product"}],"replies":[{"embeddable":true,"href":"https:\/\/papier-sprick.de\/fr\/wp-json\/wp\/v2\/comments?post=28863"}],"version-history":[{"count":7,"href":"https:\/\/papier-sprick.de\/fr\/wp-json\/wp\/v2\/product\/28863\/revisions"}],"predecessor-version":[{"id":38109,"href":"https:\/\/papier-sprick.de\/fr\/wp-json\/wp\/v2\/product\/28863\/revisions\/38109"}],"wp:featuredmedia":[{"embeddable":true,"href":"https:\/\/papier-sprick.de\/fr\/wp-json\/wp\/v2\/media\/28408"}],"wp:attachment":[{"href":"https:\/\/papier-sprick.de\/fr\/wp-json\/wp\/v2\/media?parent=28863"}],"wp:term":[{"taxonomy":"product_brand","embeddable":true,"href":"https:\/\/papier-sprick.de\/fr\/wp-json\/wp\/v2\/product_brand?post=28863"},{"taxonomy":"product_cat","embeddable":true,"href":"https:\/\/papier-sprick.de\/fr\/wp-json\/wp\/v2\/product_cat?post=28863"},{"taxonomy":"product_tag","embeddable":true,"href":"https:\/\/papier-sprick.de\/fr\/wp-json\/wp\/v2\/product_tag?post=28863"}],"curies":[{"name":"wp","href":"https:\/\/api.w.org\/{rel}","templated":true}]}}