{"id":28862,"date":"2023-10-11T15:36:55","date_gmt":"2023-10-11T13:36:55","guid":{"rendered":"https:\/\/papier-sprick.de\/produkt\/compackt-lifter\/"},"modified":"2025-01-10T12:09:51","modified_gmt":"2025-01-10T10:09:51","slug":"compackt-lifter","status":"publish","type":"product","link":"https:\/\/papier-sprick.de\/fr\/produit\/compackt-lifter\/","title":{"rendered":"ComPackt\u00ae Lifter"},"content":{"rendered":"<p>Avec le ComPackt\u00ae Lifter, recharger le SpeedMan\u00ae MAX avec du papier ComPackt\u00ae ne prend que quelques secondes. Les interruptions de processus sont ainsi r\u00e9duites au minimum. Comme il devient superflu de soulever les unit\u00e9s de papier, les collaborateurs b\u00e9n\u00e9ficient \u00e9galement d&#8217;avantages ergonomiques importants.<\/p>\n","protected":false},"excerpt":{"rendered":"<p>Avec le ComPackt\u00ae Lifter, recharger le SpeedMan\u00ae MAX avec du papier ComPackt\u00ae ne prend que quelques secondes. Les interruptions de processus sont ainsi r\u00e9duites au minimum. Comme il devient superflu de soulever les unit\u00e9s de papier, les collaborateurs b\u00e9n\u00e9ficient \u00e9galement d&#8217;avantages ergonomiques importants.<\/p>\n","protected":false},"featured_media":28395,"comment_status":"closed","ping_status":"closed","template":"","meta":{"_acf_changed":false},"product_brand":[],"product_cat":[467,460],"product_tag":[],"class_list":{"0":"post-28862","1":"product","2":"type-product","3":"status-publish","4":"has-post-thumbnail","6":"product_cat-accessoires-et-extensions","7":"product_cat-besoins-en-produits-de-calage-et-de-rembourrage","9":"first","10":"instock","11":"product-type-simple"},"acf":[],"_links":{"self":[{"href":"https:\/\/papier-sprick.de\/fr\/wp-json\/wp\/v2\/product\/28862","targetHints":{"allow":["GET"]}}],"collection":[{"href":"https:\/\/papier-sprick.de\/fr\/wp-json\/wp\/v2\/product"}],"about":[{"href":"https:\/\/papier-sprick.de\/fr\/wp-json\/wp\/v2\/types\/product"}],"replies":[{"embeddable":true,"href":"https:\/\/papier-sprick.de\/fr\/wp-json\/wp\/v2\/comments?post=28862"}],"version-history":[{"count":6,"href":"https:\/\/papier-sprick.de\/fr\/wp-json\/wp\/v2\/product\/28862\/revisions"}],"predecessor-version":[{"id":38111,"href":"https:\/\/papier-sprick.de\/fr\/wp-json\/wp\/v2\/product\/28862\/revisions\/38111"}],"wp:featuredmedia":[{"embeddable":true,"href":"https:\/\/papier-sprick.de\/fr\/wp-json\/wp\/v2\/media\/28395"}],"wp:attachment":[{"href":"https:\/\/papier-sprick.de\/fr\/wp-json\/wp\/v2\/media?parent=28862"}],"wp:term":[{"taxonomy":"product_brand","embeddable":true,"href":"https:\/\/papier-sprick.de\/fr\/wp-json\/wp\/v2\/product_brand?post=28862"},{"taxonomy":"product_cat","embeddable":true,"href":"https:\/\/papier-sprick.de\/fr\/wp-json\/wp\/v2\/product_cat?post=28862"},{"taxonomy":"product_tag","embeddable":true,"href":"https:\/\/papier-sprick.de\/fr\/wp-json\/wp\/v2\/product_tag?post=28862"}],"curies":[{"name":"wp","href":"https:\/\/api.w.org\/{rel}","templated":true}]}}