{"id":28861,"date":"2023-10-11T15:36:55","date_gmt":"2023-10-11T13:36:55","guid":{"rendered":"https:\/\/papier-sprick.de\/produkt\/speedman-smart-box\/"},"modified":"2025-01-10T12:08:37","modified_gmt":"2025-01-10T10:08:37","slug":"speedman-smart-box","status":"publish","type":"product","link":"https:\/\/papier-sprick.de\/fr\/produit\/speedman-smart-box\/","title":{"rendered":"SpeedMan\u00ae SMART BOX"},"content":{"rendered":"<p>La <strong>SpeedMan\u00ae SMART BOX<\/strong> est la bo\u00eete de distribution de papier pratique pour le remplissage des colis d&#8217;exp\u00e9dition. En particulier pour les petits exp\u00e9diteurs qui souhaitent professionnaliser leur processus d&#8217;emballage, la SpeedMan\u00ae SMART BOX est la solution id\u00e9ale, manuelle et \u00e9cologique pour remplir et caler.<\/p>\n<p>Pour remplir des espaces vides, envelopper des produits sensibles ou en tant que protection intercalaire, la SpeedMan\u00ae SMART BOX r\u00e9unit plusieurs possibilit\u00e9s d&#8217;application en une seule et permet ainsi de prot\u00e9ger les produits en fonction des besoins. L&#8217;ouverture avant permet de pr\u00e9lever le papier comme mat\u00e9riau de remplissage, id\u00e9al pour stabiliser les produits dans le carton d&#8217;exp\u00e9dition. Pour utiliser le papier comme intercalaire ou pour envelopper les produits, il suffit de tirer le mat\u00e9riau sur le c\u00f4t\u00e9 et de le d\u00e9tacher. En outre, la SpeedMan\u00ae SMART BOX peut \u00eatre facilement transport\u00e9e et positionn\u00e9e de mani\u00e8re flexible sur le lieu d&#8217;emballage.<\/p>\n<p>M\u00eame en cas de faible volume d&#8217;exp\u00e9dition, les exp\u00e9diteurs peuvent organiser leur processus d&#8217;emballage de mani\u00e8re durable et ergonomique gr\u00e2ce \u00e0 la SpeedMan\u00ae SMART BOX. Le mat\u00e9riau de remplissage est compos\u00e9 \u00e0 100 % de papier recycl\u00e9 et porte le label Ange bleu, ainsi que le certificat FSC\u00ae. La SpeedMan\u00ae SMART BOX est donc une alternative peu encombrante aux mat\u00e9riaux de remplissage \u00e0 base de plastique comme les chips de remplissage ou les coussins d&#8217;air.<\/p>\n","protected":false},"excerpt":{"rendered":"<p>La SpeedMan\u00ae SMART BOX est la bo\u00eete de distribution de papier pratique pour le remplissage des colis d&#8217;exp\u00e9dition. En particulier pour les petits exp\u00e9diteurs qui souhaitent professionnaliser leur processus d&#8217;emballage, la SpeedMan\u00ae SMART BOX est la solution id\u00e9ale, manuelle et \u00e9cologique pour remplir et caler. Pour remplir des espaces vides, envelopper des produits sensibles ou [&hellip;]<\/p>\n","protected":false},"featured_media":28376,"comment_status":"closed","ping_status":"closed","template":"","meta":{"_acf_changed":false},"product_brand":[],"product_cat":[460,466],"product_tag":[],"class_list":{"0":"post-28861","1":"product","2":"type-product","3":"status-publish","4":"has-post-thumbnail","6":"product_cat-besoins-en-produits-de-calage-et-de-rembourrage","7":"product_cat-boites-distributrices-de-papier","9":"first","10":"instock","11":"product-type-simple"},"acf":[],"_links":{"self":[{"href":"https:\/\/papier-sprick.de\/fr\/wp-json\/wp\/v2\/product\/28861","targetHints":{"allow":["GET"]}}],"collection":[{"href":"https:\/\/papier-sprick.de\/fr\/wp-json\/wp\/v2\/product"}],"about":[{"href":"https:\/\/papier-sprick.de\/fr\/wp-json\/wp\/v2\/types\/product"}],"replies":[{"embeddable":true,"href":"https:\/\/papier-sprick.de\/fr\/wp-json\/wp\/v2\/comments?post=28861"}],"version-history":[{"count":8,"href":"https:\/\/papier-sprick.de\/fr\/wp-json\/wp\/v2\/product\/28861\/revisions"}],"predecessor-version":[{"id":38108,"href":"https:\/\/papier-sprick.de\/fr\/wp-json\/wp\/v2\/product\/28861\/revisions\/38108"}],"wp:featuredmedia":[{"embeddable":true,"href":"https:\/\/papier-sprick.de\/fr\/wp-json\/wp\/v2\/media\/28376"}],"wp:attachment":[{"href":"https:\/\/papier-sprick.de\/fr\/wp-json\/wp\/v2\/media?parent=28861"}],"wp:term":[{"taxonomy":"product_brand","embeddable":true,"href":"https:\/\/papier-sprick.de\/fr\/wp-json\/wp\/v2\/product_brand?post=28861"},{"taxonomy":"product_cat","embeddable":true,"href":"https:\/\/papier-sprick.de\/fr\/wp-json\/wp\/v2\/product_cat?post=28861"},{"taxonomy":"product_tag","embeddable":true,"href":"https:\/\/papier-sprick.de\/fr\/wp-json\/wp\/v2\/product_tag?post=28861"}],"curies":[{"name":"wp","href":"https:\/\/api.w.org\/{rel}","templated":true}]}}