{"id":28860,"date":"2023-10-11T15:36:55","date_gmt":"2023-10-11T13:36:55","guid":{"rendered":"https:\/\/papier-sprick.de\/produkt\/speedman-box\/"},"modified":"2025-01-10T12:07:54","modified_gmt":"2025-01-10T10:07:54","slug":"speedman-box","status":"publish","type":"product","link":"https:\/\/papier-sprick.de\/fr\/produit\/speedman-box\/","title":{"rendered":"SpeedMan BOX\u00ae"},"content":{"rendered":"<p>SpeedMan BOX\u00ae est l&#8217;outil id\u00e9al pour l&#8217;emballage \u00e9cologique, simple et professionnel \u00e0 la fois. Il convient non seulement \u00e0 l&#8217;exp\u00e9dition occasionnelle de colis par des particuliers, mais encore aux besoins professionnels irr\u00e9guliers dans le secteur de l&#8217; e\u2011commerce. Convient aussi parfaitement au service postal ou d&#8217;exp\u00e9dition d&#8217;\u00e9chantillons de votre entreprise, ou encore aux v\u00e9hicules de service mobiles ou aux services\u00a0de courrier (par ex. pour l&#8217;exp\u00e9dition des articles retourn\u00e9s).<\/p>\n<p>La bo\u00eete distributrice de papier est compacte et tr\u00e8s maniable. La solution est pr\u00eate \u00e0 l\u2019emploi et ne n\u00e9cessite aucun outils auxiliaires pour \u00eatre utilis\u00e9e.<\/p>\n<p>La bo\u00eete distributrice de papier tr\u00e8s maniable et gain-de-place est pr\u00eate \u00e0 l&#8217;emploi, sans outils auxiliaires :<\/p>\n<p>Il suffit de d\u00e9baller et de d\u00e9chirer, puis de la placer dans l&#8217;\u00e9tag\u00e8re au-dessus du poste d&#8217;emballage, sur la table d&#8217;emballage ou bien \u00e0 c\u00f4t\u00e9 ; tirer sur le papier SpeedMan\u00ae labellis\u00e9 \u00ab Blauer Engel \u00bb (Ange bleu) pour l&#8217;extraire, le d\u00e9chirer puis caler directement la marchandise dans le carton d&#8217;exp\u00e9dition.<\/p>\n<p>Pour une protection optimale des produits plus fragiles, nous recommandons de former des escargots de calage en enroulant le papier SpeedMan\u00ae sur lui-m\u00eame. Ces escargots pourront \u00eatre plac\u00e9s en-dessous et au-dessus du produit.<\/p>\n<p>Pour le capitonnage, nous recommandons d&#8217;enrouler un matelas en escargot autour du tube papier et de placer l&#8217;objet par-dessus et en-dessous. Ainsi, vos marchandises sont parfaitement prot\u00e9g\u00e9es pour l&#8217;exp\u00e9dition.<\/p>\n<p>La SpeedMan BOX\u00ae permet un gain de place cons\u00e9quent par rapport aux chips de calage classiques, car le volume de remplissage qui peut \u00eatre produit au poste d&#8217;emballage \u00e0 partir d&#8217;une seule bo\u00eete correspond au volume de 3 sacs de chips de calage conventionnels.<\/p>\n<p>Pour un besoin sup\u00e9rieur \u00e0 3 SpeedMan BOX\u00ae par mois, nous vous recommandons notre SpeedMan\u00aeClassic.L\u2019utilisation d\u2019une machine vous permettra de gagner en confort et en ergonomie.<\/p>\n","protected":false},"excerpt":{"rendered":"<p>SpeedMan BOX\u00ae est l&#8217;outil id\u00e9al pour l&#8217;emballage \u00e9cologique, simple et professionnel \u00e0 la fois. Il convient non seulement \u00e0 l&#8217;exp\u00e9dition occasionnelle de colis par des particuliers, mais encore aux besoins professionnels irr\u00e9guliers dans le secteur de l&#8217; e\u2011commerce. Convient aussi parfaitement au service postal ou d&#8217;exp\u00e9dition d&#8217;\u00e9chantillons de votre entreprise, ou encore aux v\u00e9hicules de [&hellip;]<\/p>\n","protected":false},"featured_media":36274,"comment_status":"closed","ping_status":"closed","template":"","meta":{"_acf_changed":false},"product_brand":[],"product_cat":[460,466,465],"product_tag":[],"class_list":{"0":"post-28860","1":"product","2":"type-product","3":"status-publish","4":"has-post-thumbnail","6":"product_cat-besoins-en-produits-de-calage-et-de-rembourrage","7":"product_cat-boites-distributrices-de-papier","8":"product_cat-materiau-de-calage-et-de-capitonnage","10":"first","11":"instock","12":"product-type-simple"},"acf":[],"_links":{"self":[{"href":"https:\/\/papier-sprick.de\/fr\/wp-json\/wp\/v2\/product\/28860","targetHints":{"allow":["GET"]}}],"collection":[{"href":"https:\/\/papier-sprick.de\/fr\/wp-json\/wp\/v2\/product"}],"about":[{"href":"https:\/\/papier-sprick.de\/fr\/wp-json\/wp\/v2\/types\/product"}],"replies":[{"embeddable":true,"href":"https:\/\/papier-sprick.de\/fr\/wp-json\/wp\/v2\/comments?post=28860"}],"version-history":[{"count":6,"href":"https:\/\/papier-sprick.de\/fr\/wp-json\/wp\/v2\/product\/28860\/revisions"}],"predecessor-version":[{"id":38106,"href":"https:\/\/papier-sprick.de\/fr\/wp-json\/wp\/v2\/product\/28860\/revisions\/38106"}],"wp:featuredmedia":[{"embeddable":true,"href":"https:\/\/papier-sprick.de\/fr\/wp-json\/wp\/v2\/media\/36274"}],"wp:attachment":[{"href":"https:\/\/papier-sprick.de\/fr\/wp-json\/wp\/v2\/media?parent=28860"}],"wp:term":[{"taxonomy":"product_brand","embeddable":true,"href":"https:\/\/papier-sprick.de\/fr\/wp-json\/wp\/v2\/product_brand?post=28860"},{"taxonomy":"product_cat","embeddable":true,"href":"https:\/\/papier-sprick.de\/fr\/wp-json\/wp\/v2\/product_cat?post=28860"},{"taxonomy":"product_tag","embeddable":true,"href":"https:\/\/papier-sprick.de\/fr\/wp-json\/wp\/v2\/product_tag?post=28860"}],"curies":[{"name":"wp","href":"https:\/\/api.w.org\/{rel}","templated":true}]}}