{"id":28859,"date":"2023-10-11T15:36:55","date_gmt":"2023-10-11T13:36:55","guid":{"rendered":"https:\/\/papier-sprick.de\/produkt\/formpack-box\/"},"modified":"2025-01-10T12:07:11","modified_gmt":"2025-01-10T10:07:11","slug":"formpack-box","status":"publish","type":"product","link":"https:\/\/papier-sprick.de\/fr\/produit\/formpack-box\/","title":{"rendered":"FormPack BOX"},"content":{"rendered":"<p>La Formpack Box est la solution id\u00e9ale pour des envois de colis rapides et respectueux de l\u2019environnement. Que vous soyez d\u00e9butant ou expert du E-Commerce, ce produit vous permet de prot\u00e9ger au mieux vos articles de mani\u00e8re \u00e9cologique.<\/p>\n<p>Formpack est une solution \u00e9conomique et pr\u00eate \u00e0 l\u2019emploi. Elle sert aussi bien \u00e0 remplir qu\u2019\u00e0 rembourrer et prot\u00e9ger.<\/p>\n<p>Le \u00ab papier bulles 100 % recycl\u00e9\u00bb FormPack contenu dans la bo\u00eete distributrice de papier pratique FormPack Box peut \u00eatre utlis\u00e9 comme enveloppe, comme couche intercalaire ou pour recouvrir des marchandises dans la bo\u00eete d\u2019exp\u00e9dition ou sur une palette. Gr\u00e2ce \u00e0 sa structure gaufr\u00e9e et \u00e0 ses excellentes propri\u00e9t\u00e9s de rembourrage, il permet de prot\u00e9ger aux mieux vos articles pendant l\u2019exp\u00e9dition. Le pouvoir absorbant extr\u00eamement \u00e9lev\u00e9 prot\u00e8ge \u00e9galement vos marchandises contre les dommages caus\u00e9s par l\u2019humidit\u00e9.<\/p>\n<p>FormPack est constitu\u00e9 \u00e0 100 % de papier recycl\u00e9, ne contient pas de substances chimiques, est enti\u00e8rement recyclable et certifi\u00e9 FSC\u00ae.<\/p>\n<p>Avec une surface d\u2019encombrement de seulement 30 x 40 cm, la bo\u00eete distributrice FormPack Box occupe peu de place et peut \u00eatre facilement d\u00e9plac\u00e9e. Elle peut \u00eatre utilis\u00e9e \u00e0 l\u2019horizontale ou \u00e0 la verticale et le papier se d\u00e9chire facilement \u00e0 l\u2019aide du bord crant\u00e9.<\/p>\n<p>Pour les g\u00e9rants de boutiques en ligne ou l\u2019exp\u00e9dition par des particuliers \u2013 pour tous ceux qui veulent renoncer sciemment au film \u00e0 bulles plastique et prot\u00e9ger activement l\u2019environnement.<\/p>\n","protected":false},"excerpt":{"rendered":"<p>La Formpack Box est la solution id\u00e9ale pour des envois de colis rapides et respectueux de l\u2019environnement. Que vous soyez d\u00e9butant ou expert du E-Commerce, ce produit vous permet de prot\u00e9ger au mieux vos articles de mani\u00e8re \u00e9cologique. Formpack est une solution \u00e9conomique et pr\u00eate \u00e0 l\u2019emploi. Elle sert aussi bien \u00e0 remplir qu\u2019\u00e0 rembourrer [&hellip;]<\/p>\n","protected":false},"featured_media":36267,"comment_status":"closed","ping_status":"closed","template":"","meta":{"_acf_changed":false},"product_brand":[],"product_cat":[460,466,465],"product_tag":[],"class_list":{"0":"post-28859","1":"product","2":"type-product","3":"status-publish","4":"has-post-thumbnail","6":"product_cat-besoins-en-produits-de-calage-et-de-rembourrage","7":"product_cat-boites-distributrices-de-papier","8":"product_cat-materiau-de-calage-et-de-capitonnage","10":"first","11":"instock","12":"product-type-simple"},"acf":[],"_links":{"self":[{"href":"https:\/\/papier-sprick.de\/fr\/wp-json\/wp\/v2\/product\/28859","targetHints":{"allow":["GET"]}}],"collection":[{"href":"https:\/\/papier-sprick.de\/fr\/wp-json\/wp\/v2\/product"}],"about":[{"href":"https:\/\/papier-sprick.de\/fr\/wp-json\/wp\/v2\/types\/product"}],"replies":[{"embeddable":true,"href":"https:\/\/papier-sprick.de\/fr\/wp-json\/wp\/v2\/comments?post=28859"}],"version-history":[{"count":6,"href":"https:\/\/papier-sprick.de\/fr\/wp-json\/wp\/v2\/product\/28859\/revisions"}],"predecessor-version":[{"id":38104,"href":"https:\/\/papier-sprick.de\/fr\/wp-json\/wp\/v2\/product\/28859\/revisions\/38104"}],"wp:featuredmedia":[{"embeddable":true,"href":"https:\/\/papier-sprick.de\/fr\/wp-json\/wp\/v2\/media\/36267"}],"wp:attachment":[{"href":"https:\/\/papier-sprick.de\/fr\/wp-json\/wp\/v2\/media?parent=28859"}],"wp:term":[{"taxonomy":"product_brand","embeddable":true,"href":"https:\/\/papier-sprick.de\/fr\/wp-json\/wp\/v2\/product_brand?post=28859"},{"taxonomy":"product_cat","embeddable":true,"href":"https:\/\/papier-sprick.de\/fr\/wp-json\/wp\/v2\/product_cat?post=28859"},{"taxonomy":"product_tag","embeddable":true,"href":"https:\/\/papier-sprick.de\/fr\/wp-json\/wp\/v2\/product_tag?post=28859"}],"curies":[{"name":"wp","href":"https:\/\/api.w.org\/{rel}","templated":true}]}}