{"id":28858,"date":"2023-10-11T15:36:55","date_gmt":"2023-10-11T13:36:55","guid":{"rendered":"https:\/\/papier-sprick.de\/produkt\/rouleaux-speedman\/"},"modified":"2025-01-10T12:06:42","modified_gmt":"2025-01-10T10:06:42","slug":"rouleaux-speedman","status":"publish","type":"product","link":"https:\/\/papier-sprick.de\/fr\/produit\/rouleaux-speedman\/","title":{"rendered":"Rouleaux SpeedMan\u00ae"},"content":{"rendered":"<p>SpeedMan\u00ae est constitu\u00e9 \u00e0 100 % de papier recycl\u00e9 et le label \u00ab Blauer Engel \u00bb (Ange bleu) d\u00e9cern\u00e9 par RAL aux produits particuli\u00e8rement respectueux de l&#8217;environnement lui a \u00e9t\u00e9 attribu\u00e9.<\/p>\n<p>Ce papier de rembourrage \u00e9conomique et facile \u00e0 utiliser est id\u00e9al pour combler les cavit\u00e9s dans les cartons d&#8217;exp\u00e9dition ou pour y fixer des marchandises de toute nature pendant le transport, afin de les emp\u00eacher de glisser et de les prot\u00e9ger contre la destruction due aux chocs.<\/p>\n<p>Un seul rouleau de papier SpeedMan\u00ae vous permet d&#8217;obtenir un volume de remplissage d&#8217;environ 1,5 m\u00b3, ce qui est suffisant pour 1000 colis. C&#8217;est un moyen id\u00e9al de gagner de l&#8217;espace de stockage et l&#8217;alternative \u00e9cologique aux chips de calage classiques, dont il faudrait stocker 3 grands sacs en comparaison.<\/p>\n<p>Le papier SpeedMan\u00ae en rouleaux peut \u00eatre trait\u00e9 de mani\u00e8re particuli\u00e8rement efficace et ergonomique, en combinaison avec les syst\u00e8mes de remplissage conviviaux de la famille SpeedMan\u00ae de chez Papier Sprick.<\/p>\n<p>Le saviez-vous&#8230; ?<br \/>\nPapier Sprick produit exclusivement en Allemagne ! Qu&#8217;il s&#8217;agisse de la production en s\u00e9rie des syst\u00e8mes de calage, machines de remplissage et machines de transformation du papier que nous d\u00e9veloppons nous-m\u00eames, ou bien encore de nos propres produits complets en papier et en carton ondul\u00e9, tout est 100 % made in Germany. Nous fabriquons nos produits \u00e9cologiques de mani\u00e8re durable sur nos propres sites de production certifi\u00e9s ISO 50001 en Allemagne, selon des normes environnementales modernes et dans des conditions \u00e9quitables. Un grand nombre de nos produits sont labellis\u00e9s \u00ab Blauer Engel \u00bb (Ange bleu) et certifi\u00e9s FSC\u00ae (FSC\u00ae C151439).<\/p>\n","protected":false},"excerpt":{"rendered":"<p>SpeedMan\u00ae est constitu\u00e9 \u00e0 100 % de papier recycl\u00e9 et le label \u00ab Blauer Engel \u00bb (Ange bleu) d\u00e9cern\u00e9 par RAL aux produits particuli\u00e8rement respectueux de l&#8217;environnement lui a \u00e9t\u00e9 attribu\u00e9. Ce papier de rembourrage \u00e9conomique et facile \u00e0 utiliser est id\u00e9al pour combler les cavit\u00e9s dans les cartons d&#8217;exp\u00e9dition ou pour y fixer des [&hellip;]<\/p>\n","protected":false},"featured_media":28329,"comment_status":"closed","ping_status":"closed","template":"","meta":{"_acf_changed":false},"product_brand":[],"product_cat":[460,465],"product_tag":[],"class_list":{"0":"post-28858","1":"product","2":"type-product","3":"status-publish","4":"has-post-thumbnail","6":"product_cat-besoins-en-produits-de-calage-et-de-rembourrage","7":"product_cat-materiau-de-calage-et-de-capitonnage","9":"first","10":"instock","11":"product-type-simple"},"acf":[],"_links":{"self":[{"href":"https:\/\/papier-sprick.de\/fr\/wp-json\/wp\/v2\/product\/28858","targetHints":{"allow":["GET"]}}],"collection":[{"href":"https:\/\/papier-sprick.de\/fr\/wp-json\/wp\/v2\/product"}],"about":[{"href":"https:\/\/papier-sprick.de\/fr\/wp-json\/wp\/v2\/types\/product"}],"replies":[{"embeddable":true,"href":"https:\/\/papier-sprick.de\/fr\/wp-json\/wp\/v2\/comments?post=28858"}],"version-history":[{"count":6,"href":"https:\/\/papier-sprick.de\/fr\/wp-json\/wp\/v2\/product\/28858\/revisions"}],"predecessor-version":[{"id":38103,"href":"https:\/\/papier-sprick.de\/fr\/wp-json\/wp\/v2\/product\/28858\/revisions\/38103"}],"wp:featuredmedia":[{"embeddable":true,"href":"https:\/\/papier-sprick.de\/fr\/wp-json\/wp\/v2\/media\/28329"}],"wp:attachment":[{"href":"https:\/\/papier-sprick.de\/fr\/wp-json\/wp\/v2\/media?parent=28858"}],"wp:term":[{"taxonomy":"product_brand","embeddable":true,"href":"https:\/\/papier-sprick.de\/fr\/wp-json\/wp\/v2\/product_brand?post=28858"},{"taxonomy":"product_cat","embeddable":true,"href":"https:\/\/papier-sprick.de\/fr\/wp-json\/wp\/v2\/product_cat?post=28858"},{"taxonomy":"product_tag","embeddable":true,"href":"https:\/\/papier-sprick.de\/fr\/wp-json\/wp\/v2\/product_tag?post=28858"}],"curies":[{"name":"wp","href":"https:\/\/api.w.org\/{rel}","templated":true}]}}