{"id":28857,"date":"2023-10-11T15:36:55","date_gmt":"2023-10-11T13:36:55","guid":{"rendered":"https:\/\/papier-sprick.de\/produkt\/coussins-de-papier\/"},"modified":"2025-01-10T12:05:56","modified_gmt":"2025-01-10T10:05:56","slug":"coussins-de-papier","status":"publish","type":"product","link":"https:\/\/papier-sprick.de\/fr\/produit\/coussins-de-papier\/","title":{"rendered":"Coussins de papier"},"content":{"rendered":"<p>Simple et rapide : Avec des coussins de papier pr\u00e9fabriqu\u00e9s, vous pouvez prot\u00e9ger fiablement vos marchandises d\u00e9licates et fragiles, tout comme les colis lourds ou tranchants, dans l&#8217;emballage de transport.<\/p>\n<p>Le papier est \u00e0 100 % \u00e0 base de papier recycl\u00e9 labellis\u00e9 \u00ab Blauer Engel \u00bb (Ange bleu). Nous vous livrons les coussins pr\u00eats \u00e0 l&#8217;emploi dans un carton sur palette (1 180 x 780 x 1 070 mm). Longueurs individuelles sur demande.<\/p>\n<p>Pour les exp\u00e9diteurs r\u00e9guliers ayant des besoins plus importants, nous proposons le syst\u00e8me de coussins papier PaperJet\u00ae. Avec le PaperJet\u00ae, vous pouvez produire vous-m\u00eame, rapidement et facilement, des coussins papier \u00e9conomiques. Cela vous permet d&#8217;acc\u00e9l\u00e9rer efficacement votre processus d&#8217;emballage et, en m\u00eame temps, d&#8217;assurer une protection de transport s\u00fbre pour les marchandises que vous exp\u00e9diez, ce qui r\u00e9duit le nombre de r\u00e9clamations et de retours de marchandises dus \u00e0 des dommages survenus pendant le transport.<\/p>\n","protected":false},"excerpt":{"rendered":"<p>Simple et rapide : Avec des coussins de papier pr\u00e9fabriqu\u00e9s, vous pouvez prot\u00e9ger fiablement vos marchandises d\u00e9licates et fragiles, tout comme les colis lourds ou tranchants, dans l&#8217;emballage de transport. Le papier est \u00e0 100 % \u00e0 base de papier recycl\u00e9 labellis\u00e9 \u00ab Blauer Engel \u00bb (Ange bleu). Nous vous livrons les coussins pr\u00eats \u00e0 [&hellip;]<\/p>\n","protected":false},"featured_media":28323,"comment_status":"closed","ping_status":"closed","template":"","meta":{"_acf_changed":false},"product_brand":[],"product_cat":[465],"product_tag":[],"class_list":{"0":"post-28857","1":"product","2":"type-product","3":"status-publish","4":"has-post-thumbnail","6":"product_cat-materiau-de-calage-et-de-capitonnage","8":"first","9":"instock","10":"product-type-simple"},"acf":[],"_links":{"self":[{"href":"https:\/\/papier-sprick.de\/fr\/wp-json\/wp\/v2\/product\/28857","targetHints":{"allow":["GET"]}}],"collection":[{"href":"https:\/\/papier-sprick.de\/fr\/wp-json\/wp\/v2\/product"}],"about":[{"href":"https:\/\/papier-sprick.de\/fr\/wp-json\/wp\/v2\/types\/product"}],"replies":[{"embeddable":true,"href":"https:\/\/papier-sprick.de\/fr\/wp-json\/wp\/v2\/comments?post=28857"}],"version-history":[{"count":7,"href":"https:\/\/papier-sprick.de\/fr\/wp-json\/wp\/v2\/product\/28857\/revisions"}],"predecessor-version":[{"id":38101,"href":"https:\/\/papier-sprick.de\/fr\/wp-json\/wp\/v2\/product\/28857\/revisions\/38101"}],"wp:featuredmedia":[{"embeddable":true,"href":"https:\/\/papier-sprick.de\/fr\/wp-json\/wp\/v2\/media\/28323"}],"wp:attachment":[{"href":"https:\/\/papier-sprick.de\/fr\/wp-json\/wp\/v2\/media?parent=28857"}],"wp:term":[{"taxonomy":"product_brand","embeddable":true,"href":"https:\/\/papier-sprick.de\/fr\/wp-json\/wp\/v2\/product_brand?post=28857"},{"taxonomy":"product_cat","embeddable":true,"href":"https:\/\/papier-sprick.de\/fr\/wp-json\/wp\/v2\/product_cat?post=28857"},{"taxonomy":"product_tag","embeddable":true,"href":"https:\/\/papier-sprick.de\/fr\/wp-json\/wp\/v2\/product_tag?post=28857"}],"curies":[{"name":"wp","href":"https:\/\/api.w.org\/{rel}","templated":true}]}}