{"id":28856,"date":"2023-10-11T15:36:55","date_gmt":"2023-10-11T13:36:55","guid":{"rendered":"https:\/\/papier-sprick.de\/produkt\/chips-de-calage-en-papier\/"},"modified":"2025-01-10T12:05:26","modified_gmt":"2025-01-10T10:05:26","slug":"chips-de-calage-en-papier","status":"publish","type":"product","link":"https:\/\/papier-sprick.de\/fr\/produit\/chips-de-calage-en-papier\/","title":{"rendered":"Chips de calage en papier"},"content":{"rendered":"<p>Ces chips de calage tr\u00e8s stables, constitu\u00e9s de papier 100 % recycl\u00e9 et respectueux de l&#8217;environnement, sont l&#8217;alternative id\u00e9ale aux chips de calage classiques. Les chips de calage en papier peuvent \u00eatre \u00e9limin\u00e9s sans probl\u00e8me dans la poubelle pour papier et emballages et peuvent donc \u00eatre r\u00e9int\u00e9grer \u00e0 100 % le circuit de recyclage. Ils sont antistatiques et exempts de poussi\u00e8re et conviennent donc parfaitement \u00e0 l&#8217;exp\u00e9dition de pi\u00e8ces \u00e9lectroniques, de composants de machines et de pi\u00e8ces d\u00e9tach\u00e9es, par exemple.<\/p>\n","protected":false},"excerpt":{"rendered":"<p>Ces chips de calage tr\u00e8s stables, constitu\u00e9s de papier 100 % recycl\u00e9 et respectueux de l&#8217;environnement, sont l&#8217;alternative id\u00e9ale aux chips de calage classiques. Les chips de calage en papier peuvent \u00eatre \u00e9limin\u00e9s sans probl\u00e8me dans la poubelle pour papier et emballages et peuvent donc \u00eatre r\u00e9int\u00e9grer \u00e0 100 % le circuit de recyclage. Ils [&hellip;]<\/p>\n","protected":false},"featured_media":28313,"comment_status":"closed","ping_status":"closed","template":"","meta":{"_acf_changed":false},"product_brand":[],"product_cat":[465],"product_tag":[],"class_list":{"0":"post-28856","1":"product","2":"type-product","3":"status-publish","4":"has-post-thumbnail","6":"product_cat-materiau-de-calage-et-de-capitonnage","8":"first","9":"instock","10":"product-type-simple"},"acf":[],"_links":{"self":[{"href":"https:\/\/papier-sprick.de\/fr\/wp-json\/wp\/v2\/product\/28856","targetHints":{"allow":["GET"]}}],"collection":[{"href":"https:\/\/papier-sprick.de\/fr\/wp-json\/wp\/v2\/product"}],"about":[{"href":"https:\/\/papier-sprick.de\/fr\/wp-json\/wp\/v2\/types\/product"}],"replies":[{"embeddable":true,"href":"https:\/\/papier-sprick.de\/fr\/wp-json\/wp\/v2\/comments?post=28856"}],"version-history":[{"count":6,"href":"https:\/\/papier-sprick.de\/fr\/wp-json\/wp\/v2\/product\/28856\/revisions"}],"predecessor-version":[{"id":38100,"href":"https:\/\/papier-sprick.de\/fr\/wp-json\/wp\/v2\/product\/28856\/revisions\/38100"}],"wp:featuredmedia":[{"embeddable":true,"href":"https:\/\/papier-sprick.de\/fr\/wp-json\/wp\/v2\/media\/28313"}],"wp:attachment":[{"href":"https:\/\/papier-sprick.de\/fr\/wp-json\/wp\/v2\/media?parent=28856"}],"wp:term":[{"taxonomy":"product_brand","embeddable":true,"href":"https:\/\/papier-sprick.de\/fr\/wp-json\/wp\/v2\/product_brand?post=28856"},{"taxonomy":"product_cat","embeddable":true,"href":"https:\/\/papier-sprick.de\/fr\/wp-json\/wp\/v2\/product_cat?post=28856"},{"taxonomy":"product_tag","embeddable":true,"href":"https:\/\/papier-sprick.de\/fr\/wp-json\/wp\/v2\/product_tag?post=28856"}],"curies":[{"name":"wp","href":"https:\/\/api.w.org\/{rel}","templated":true}]}}