{"id":28855,"date":"2023-10-11T15:36:55","date_gmt":"2023-10-11T13:36:55","guid":{"rendered":"https:\/\/papier-sprick.de\/produkt\/papier-compackt\/"},"modified":"2025-01-10T12:04:56","modified_gmt":"2025-01-10T10:04:56","slug":"papier-compackt","status":"publish","type":"product","link":"https:\/\/papier-sprick.de\/fr\/produit\/papier-compackt\/","title":{"rendered":"Papier ComPackt\u00ae"},"content":{"rendered":"<p>Le papier ComPackt\u00ae est un papier recycl\u00e9 respectueux de l&#8217;environnement, \u00e0 pliage Leporello gain-de-place. Il peut \u00eatre utilis\u00e9 de mani\u00e8re particuli\u00e8rement efficace et rapide avec nos syst\u00e8mes d&#8217;emballage SpeedMan\u00ae et PaperJet\u00ae pour la production de mat\u00e9riaux de calage ou la fabrication de coussins papier stables. En particulier, les entreprises qui traitent des volumes de remplissage importants dans la zone d&#8217;exp\u00e9dition, comme les plateformes e-commerce, les centres d&#8217;ex\u00e9cution et de distribution ou les 3PL b\u00e9n\u00e9ficient de la grande quantit\u00e9 de m\u00e8tres lin\u00e9aires par palette. La &#8220;palette en continu&#8221; peut contenir 7 600 m\u00e8tres lin\u00e9aires de papier ComPackt\u00ae. Cette grande quantit\u00e9 de m\u00e8tres lin\u00e9aires r\u00e9duit les intervalles de r\u00e9approvisionnement, de sorte que les interruptions fr\u00e9quentes du process d&#8217;emballage sont r\u00e9duites au minimum. Les palettes contenant le papier ComPackt\u00ae peuvent \u00eatre mises \u00e0 disposition par chariot \u00e9l\u00e9vateur sans trop de manutention ni d&#8217;efforts. Aucune pr\u00e9paration sp\u00e9ciale du mat\u00e9riau n&#8217;est n\u00e9cessaire &#8211; apr\u00e8s l&#8217;\u00e9change de palette, le papier ComPackt\u00ae est imm\u00e9diatement pr\u00eat \u00e0 l&#8217;emploi. D\u00e9sormais, vos collaborateurs n&#8217;auront plus besoin de soulever et de manipuler des rouleaux lourds ou diverses piles de papier.<\/p>\n<p>En comparaison avec la fourniture en rouleaux, le papier peut \u00eatre trait\u00e9 beaucoup plus rapidement gr\u00e2ce au pliage sp\u00e9cial et \u00e0 l&#8217;alimentation par palette, ce qui permet de r\u00e9duire consid\u00e9rablement les cadences dans votre process d&#8217;emballage.<\/p>\n<p>Optimisez votre zone d&#8217;emballage ou votre process d&#8217;emballage en utilisant le papier ComPackt\u00ae, par exemple, en association avec le PaperJet\u00ae pour la pr\u00e9production centralis\u00e9e. Il est \u00e9galement possible d&#8217;alimenter directement des lignes d&#8217;emballage enti\u00e8res avec le syst\u00e8me de coussins papier PaperJet\u00ae, gr\u00e2ce \u00e0 diverses options d&#8217;int\u00e9gration et \u00e0 des bacs de stockage. Si les besoins en volume de remplissage sont particuli\u00e8rement \u00e9lev\u00e9s \u00e0 bref d\u00e9lai, le papier peut aussi \u00eatre trait\u00e9 directement au poste d&#8217;emballage \u00e0 l&#8217;aide du SpeedMan\u00ae Max, par exemple.<\/p>\n","protected":false},"excerpt":{"rendered":"<p>Le papier ComPackt\u00ae est un papier recycl\u00e9 respectueux de l&#8217;environnement, \u00e0 pliage Leporello gain-de-place. Il peut \u00eatre utilis\u00e9 de mani\u00e8re particuli\u00e8rement efficace et rapide avec nos syst\u00e8mes d&#8217;emballage SpeedMan\u00ae et PaperJet\u00ae pour la production de mat\u00e9riaux de calage ou la fabrication de coussins papier stables. En particulier, les entreprises qui traitent des volumes de remplissage [&hellip;]<\/p>\n","protected":false},"featured_media":28297,"comment_status":"closed","ping_status":"closed","template":"","meta":{"_acf_changed":false},"product_brand":[],"product_cat":[460,465],"product_tag":[],"class_list":{"0":"post-28855","1":"product","2":"type-product","3":"status-publish","4":"has-post-thumbnail","6":"product_cat-besoins-en-produits-de-calage-et-de-rembourrage","7":"product_cat-materiau-de-calage-et-de-capitonnage","9":"first","10":"instock","11":"product-type-simple"},"acf":[],"_links":{"self":[{"href":"https:\/\/papier-sprick.de\/fr\/wp-json\/wp\/v2\/product\/28855","targetHints":{"allow":["GET"]}}],"collection":[{"href":"https:\/\/papier-sprick.de\/fr\/wp-json\/wp\/v2\/product"}],"about":[{"href":"https:\/\/papier-sprick.de\/fr\/wp-json\/wp\/v2\/types\/product"}],"replies":[{"embeddable":true,"href":"https:\/\/papier-sprick.de\/fr\/wp-json\/wp\/v2\/comments?post=28855"}],"version-history":[{"count":6,"href":"https:\/\/papier-sprick.de\/fr\/wp-json\/wp\/v2\/product\/28855\/revisions"}],"predecessor-version":[{"id":38099,"href":"https:\/\/papier-sprick.de\/fr\/wp-json\/wp\/v2\/product\/28855\/revisions\/38099"}],"wp:featuredmedia":[{"embeddable":true,"href":"https:\/\/papier-sprick.de\/fr\/wp-json\/wp\/v2\/media\/28297"}],"wp:attachment":[{"href":"https:\/\/papier-sprick.de\/fr\/wp-json\/wp\/v2\/media?parent=28855"}],"wp:term":[{"taxonomy":"product_brand","embeddable":true,"href":"https:\/\/papier-sprick.de\/fr\/wp-json\/wp\/v2\/product_brand?post=28855"},{"taxonomy":"product_cat","embeddable":true,"href":"https:\/\/papier-sprick.de\/fr\/wp-json\/wp\/v2\/product_cat?post=28855"},{"taxonomy":"product_tag","embeddable":true,"href":"https:\/\/papier-sprick.de\/fr\/wp-json\/wp\/v2\/product_tag?post=28855"}],"curies":[{"name":"wp","href":"https:\/\/api.w.org\/{rel}","templated":true}]}}