{"id":28854,"date":"2023-10-11T15:36:55","date_gmt":"2023-10-11T13:36:55","guid":{"rendered":"https:\/\/papier-sprick.de\/produkt\/winder\/"},"modified":"2025-01-10T12:04:00","modified_gmt":"2025-01-10T10:04:00","slug":"winder","status":"publish","type":"product","link":"https:\/\/papier-sprick.de\/fr\/produit\/winder\/","title":{"rendered":"PaperJet<sup>\u00ae<\/sup> Winder"},"content":{"rendered":"<p>Avec le <strong>Winder<\/strong>, associ\u00e9 au syst\u00e8me de coussins papier PaperJet\u00ae, vous pouvez produire des coils ultra r\u00e9sistants constitu\u00e9s de papier \u00e9cologique labellis\u00e9 \u00ab Blauer Engel \u00bb (Ange bleu). Ces escargots papier sont particuli\u00e8rement adapt\u00e9s \u00e0 la protection des marchandises d&#8217;exp\u00e9dition lourdes et peuvent \u00eatre produits \u00e0 l&#8217;avance ou en \u00ab juste \u00e0 temps \u00bb pendant le processus d&#8217;emballage.<\/p>\n<p>Afin d&#8217;optimiser votre processus d&#8217;emballage et d&#8217;\u00e9conomiser le <strong>mat\u00e9riel respectueux des ressources<\/strong>, le diam\u00e8tre (compris entre 30 et 80 cm au maximum) et le degr\u00e9 de fermet\u00e9 des coils peuvent \u00eatre d\u00e9termin\u00e9s \u00e0 l&#8217;avance. Au moyen d&#8217;un s\u00e9lecteur rotatif configur\u00e9 individuellement avec trois positions au choix, vous s\u00e9lectionnez le coil de papier souhait\u00e9.<\/p>\n<p>Chaque coil en papier est automatiquement fix\u00e9 par un ruban papier adh\u00e9sif \u00e9galement respectueux de l&#8217;environnement. Des capteurs <strong>intelligents signalent<\/strong> les changements de papier ou de ruban adh\u00e9sif imminents, de sorte que l&#8217;approvisionnement en mat\u00e9riau appropri\u00e9 peut \u00eatre r\u00e9alis\u00e9 en temps utile au poste d&#8217;emballage.<\/p>\n<p>L&#8217;\u00e9cran \u00e0 commande intuitive du winder guide l&#8217;utilisateur de mani\u00e8re s\u00fbre et rapide \u00e0 travers les diff\u00e9rentes \u00e9tapes d&#8217;application et de maintenance, \u00e0 l&#8217;aide d&#8217;images et de textes. Le winder se distingue par ses performances \u00e9lev\u00e9es et sa <strong>conception compacte<\/strong> &#8211; il n\u00e9cessite seulement environ 2 emplacements d&#8217;europalettes.<\/p>\n<p>En plus, vous pouvez \u00e9galement utiliser le PaperJet\u00ae de mani\u00e8re autonome pour produire des coussins papier stables destin\u00e9s au calage et au rembourrage des cartons d&#8217;exp\u00e9dition dans le cadre de vos autres processus d&#8217;exp\u00e9dition.<\/p>\n","protected":false},"excerpt":{"rendered":"<p>Avec le Winder, associ\u00e9 au syst\u00e8me de coussins papier PaperJet\u00ae, vous pouvez produire des coils ultra r\u00e9sistants constitu\u00e9s de papier \u00e9cologique labellis\u00e9 \u00ab Blauer Engel \u00bb (Ange bleu). Ces escargots papier sont particuli\u00e8rement adapt\u00e9s \u00e0 la protection des marchandises d&#8217;exp\u00e9dition lourdes et peuvent \u00eatre produits \u00e0 l&#8217;avance ou en \u00ab juste \u00e0 temps \u00bb pendant [&hellip;]<\/p>\n","protected":false},"featured_media":28284,"comment_status":"closed","ping_status":"closed","template":"","meta":{"_acf_changed":false},"product_brand":[],"product_cat":[460,464],"product_tag":[],"class_list":{"0":"post-28854","1":"product","2":"type-product","3":"status-publish","4":"has-post-thumbnail","6":"product_cat-besoins-en-produits-de-calage-et-de-rembourrage","7":"product_cat-systemes-de-calage-et-de-remplissage-de-vide","9":"first","10":"instock","11":"product-type-simple"},"acf":[],"_links":{"self":[{"href":"https:\/\/papier-sprick.de\/fr\/wp-json\/wp\/v2\/product\/28854","targetHints":{"allow":["GET"]}}],"collection":[{"href":"https:\/\/papier-sprick.de\/fr\/wp-json\/wp\/v2\/product"}],"about":[{"href":"https:\/\/papier-sprick.de\/fr\/wp-json\/wp\/v2\/types\/product"}],"replies":[{"embeddable":true,"href":"https:\/\/papier-sprick.de\/fr\/wp-json\/wp\/v2\/comments?post=28854"}],"version-history":[{"count":8,"href":"https:\/\/papier-sprick.de\/fr\/wp-json\/wp\/v2\/product\/28854\/revisions"}],"predecessor-version":[{"id":38097,"href":"https:\/\/papier-sprick.de\/fr\/wp-json\/wp\/v2\/product\/28854\/revisions\/38097"}],"wp:featuredmedia":[{"embeddable":true,"href":"https:\/\/papier-sprick.de\/fr\/wp-json\/wp\/v2\/media\/28284"}],"wp:attachment":[{"href":"https:\/\/papier-sprick.de\/fr\/wp-json\/wp\/v2\/media?parent=28854"}],"wp:term":[{"taxonomy":"product_brand","embeddable":true,"href":"https:\/\/papier-sprick.de\/fr\/wp-json\/wp\/v2\/product_brand?post=28854"},{"taxonomy":"product_cat","embeddable":true,"href":"https:\/\/papier-sprick.de\/fr\/wp-json\/wp\/v2\/product_cat?post=28854"},{"taxonomy":"product_tag","embeddable":true,"href":"https:\/\/papier-sprick.de\/fr\/wp-json\/wp\/v2\/product_tag?post=28854"}],"curies":[{"name":"wp","href":"https:\/\/api.w.org\/{rel}","templated":true}]}}