{"id":28853,"date":"2023-10-11T15:36:55","date_gmt":"2023-10-11T13:36:55","guid":{"rendered":"https:\/\/papier-sprick.de\/produkt\/speedman-pro\/"},"modified":"2025-01-10T12:02:40","modified_gmt":"2025-01-10T10:02:40","slug":"speedman-pro","status":"publish","type":"product","link":"https:\/\/papier-sprick.de\/fr\/produit\/speedman-pro\/","title":{"rendered":"SpeedMan\u00ae Pro"},"content":{"rendered":"<p>Le syst\u00e8me de remplissage papier \u00e9lectrique SpeedMan\u00ae Pro est con\u00e7u pour les exp\u00e9diteurs professionnels avec un volume d&#8217;exp\u00e9dition r\u00e9gulier en grandes quantit\u00e9s quotidiennes.<\/p>\n<p>Avec SpeedMan\u00ae Pro, vous gagnez en flexibilit\u00e9 &#8211; le syst\u00e8me de remplissage papier peut \u00eatre mis en \u0153uvre dans des zones d&#8217;emballage d\u00e9centralis\u00e9es ou centralis\u00e9es. Ainsi, <strong>le mat\u00e9riel de remplissage<\/strong> n\u00e9cessaire pour vos colis d&#8217;exp\u00e9dition est toujours disponible de mani\u00e8re variable \u00e0 l&#8217;endroit souhait\u00e9 dans l&#8217;entreprise.<\/p>\n<p><strong>D&#8217;excellentes et multiples options d&#8217;int\u00e9gration<\/strong> vous mettent en mesure de satisfaire \u00e0 toutes les exigences ergonomiques d&#8217;un poste d&#8217;emballage professionnel.<\/p>\n<p>La commande de la machine de remplissage papier s&#8217;effectue confortablement par p\u00e9dale &#8211; <strong>la vitesse est r\u00e9glable en continu en fonction de votre process d&#8217;emballage<\/strong>.<\/p>\n<p>En utilisant le syst\u00e8me distributeur de papier SpeedMan\u00ae Pro, <strong>vous acc\u00e9l\u00e9rez consid\u00e9rablement votre processus d&#8217;emballage<\/strong>. Avec l&#8217;utilisation du SpeedMan\u00ae Pro, vous prot\u00e9gez aussi activement notre environnement, car le papier de remplissage SpeedMan\u00ae est labellis\u00e9 \u00ab Blauer Engel \u00bb (Ange bleu) et <strong>constitu\u00e9 \u00e0 100 % de papier recycl\u00e9<\/strong>.<\/p>\n","protected":false},"excerpt":{"rendered":"<p>Le syst\u00e8me de remplissage papier \u00e9lectrique SpeedMan\u00ae Pro est con\u00e7u pour les exp\u00e9diteurs professionnels avec un volume d&#8217;exp\u00e9dition r\u00e9gulier en grandes quantit\u00e9s quotidiennes. Avec SpeedMan\u00ae Pro, vous gagnez en flexibilit\u00e9 &#8211; le syst\u00e8me de remplissage papier peut \u00eatre mis en \u0153uvre dans des zones d&#8217;emballage d\u00e9centralis\u00e9es ou centralis\u00e9es. Ainsi, le mat\u00e9riel de remplissage n\u00e9cessaire pour [&hellip;]<\/p>\n","protected":false},"featured_media":28265,"comment_status":"closed","ping_status":"closed","template":"","meta":{"_acf_changed":false},"product_brand":[],"product_cat":[460,464],"product_tag":[],"class_list":{"0":"post-28853","1":"product","2":"type-product","3":"status-publish","4":"has-post-thumbnail","6":"product_cat-besoins-en-produits-de-calage-et-de-rembourrage","7":"product_cat-systemes-de-calage-et-de-remplissage-de-vide","9":"first","10":"instock","11":"product-type-simple"},"acf":[],"_links":{"self":[{"href":"https:\/\/papier-sprick.de\/fr\/wp-json\/wp\/v2\/product\/28853","targetHints":{"allow":["GET"]}}],"collection":[{"href":"https:\/\/papier-sprick.de\/fr\/wp-json\/wp\/v2\/product"}],"about":[{"href":"https:\/\/papier-sprick.de\/fr\/wp-json\/wp\/v2\/types\/product"}],"replies":[{"embeddable":true,"href":"https:\/\/papier-sprick.de\/fr\/wp-json\/wp\/v2\/comments?post=28853"}],"version-history":[{"count":7,"href":"https:\/\/papier-sprick.de\/fr\/wp-json\/wp\/v2\/product\/28853\/revisions"}],"predecessor-version":[{"id":38095,"href":"https:\/\/papier-sprick.de\/fr\/wp-json\/wp\/v2\/product\/28853\/revisions\/38095"}],"wp:featuredmedia":[{"embeddable":true,"href":"https:\/\/papier-sprick.de\/fr\/wp-json\/wp\/v2\/media\/28265"}],"wp:attachment":[{"href":"https:\/\/papier-sprick.de\/fr\/wp-json\/wp\/v2\/media?parent=28853"}],"wp:term":[{"taxonomy":"product_brand","embeddable":true,"href":"https:\/\/papier-sprick.de\/fr\/wp-json\/wp\/v2\/product_brand?post=28853"},{"taxonomy":"product_cat","embeddable":true,"href":"https:\/\/papier-sprick.de\/fr\/wp-json\/wp\/v2\/product_cat?post=28853"},{"taxonomy":"product_tag","embeddable":true,"href":"https:\/\/papier-sprick.de\/fr\/wp-json\/wp\/v2\/product_tag?post=28853"}],"curies":[{"name":"wp","href":"https:\/\/api.w.org\/{rel}","templated":true}]}}