{"id":28852,"date":"2023-10-11T15:36:55","date_gmt":"2023-10-11T13:36:55","guid":{"rendered":"https:\/\/papier-sprick.de\/produkt\/speedman-max\/"},"modified":"2025-01-10T11:59:48","modified_gmt":"2025-01-10T09:59:48","slug":"speedman-max","status":"publish","type":"product","link":"https:\/\/papier-sprick.de\/fr\/produit\/speedman-max\/","title":{"rendered":"SpeedMan\u00ae MAX"},"content":{"rendered":"<p><strong>SpeedMan\u00ae MAX<\/strong> convient aux exp\u00e9diteurs \u00e0 besoins \u00e9lev\u00e9s en mat\u00e9riau de protection pour le remplissage centralis\u00e9 en un minimum de temps. Qu&#8217;il s&#8217;agisse de <strong>grandes quantit\u00e9s ou de volumes<\/strong> importants: SpeedMan\u00ae MAX transporte <strong>ultra rapidement<\/strong>, dispose <strong>d&#8217;une fonction de coupe automatique<\/strong> ainsi que d&#8217;une programmation de longueur personnalis\u00e9e. Chez SpeedMan\u00ae MAX, les intervalles de r\u00e9approvisionnement sont r\u00e9duits \u00e0 un minimum et en plus tr\u00e8s simples, car SpeedMan\u00ae MAX est \u00e9quip\u00e9 <strong>d&#8217;une palette en continu<\/strong> de papier ComPackt\u00ae \u00e0 pliage Leporello.<\/p>\n<p>SpeedMan\u00ae MAX est le syst\u00e8me de remplissage papier le plus rapide du monde entier et peut \u00eatre id\u00e9alement mis en \u0153uvre dans les zones d&#8217;emballage centralis\u00e9es ou comme solution End\u2011of\u2011Line, pour permettre d&#8217;acc\u00e9l\u00e9rer nettement le processus de calage.<\/p>\n","protected":false},"excerpt":{"rendered":"<p>SpeedMan\u00ae MAX convient aux exp\u00e9diteurs \u00e0 besoins \u00e9lev\u00e9s en mat\u00e9riau de protection pour le remplissage centralis\u00e9 en un minimum de temps. Qu&#8217;il s&#8217;agisse de grandes quantit\u00e9s ou de volumes importants: SpeedMan\u00ae MAX transporte ultra rapidement, dispose d&#8217;une fonction de coupe automatique ainsi que d&#8217;une programmation de longueur personnalis\u00e9e. Chez SpeedMan\u00ae MAX, les intervalles de r\u00e9approvisionnement [&hellip;]<\/p>\n","protected":false},"featured_media":28250,"comment_status":"closed","ping_status":"closed","template":"","meta":{"_acf_changed":false},"product_brand":[],"product_cat":[460,464],"product_tag":[],"class_list":{"0":"post-28852","1":"product","2":"type-product","3":"status-publish","4":"has-post-thumbnail","6":"product_cat-besoins-en-produits-de-calage-et-de-rembourrage","7":"product_cat-systemes-de-calage-et-de-remplissage-de-vide","9":"first","10":"instock","11":"product-type-simple"},"acf":[],"_links":{"self":[{"href":"https:\/\/papier-sprick.de\/fr\/wp-json\/wp\/v2\/product\/28852","targetHints":{"allow":["GET"]}}],"collection":[{"href":"https:\/\/papier-sprick.de\/fr\/wp-json\/wp\/v2\/product"}],"about":[{"href":"https:\/\/papier-sprick.de\/fr\/wp-json\/wp\/v2\/types\/product"}],"replies":[{"embeddable":true,"href":"https:\/\/papier-sprick.de\/fr\/wp-json\/wp\/v2\/comments?post=28852"}],"version-history":[{"count":6,"href":"https:\/\/papier-sprick.de\/fr\/wp-json\/wp\/v2\/product\/28852\/revisions"}],"predecessor-version":[{"id":38090,"href":"https:\/\/papier-sprick.de\/fr\/wp-json\/wp\/v2\/product\/28852\/revisions\/38090"}],"wp:featuredmedia":[{"embeddable":true,"href":"https:\/\/papier-sprick.de\/fr\/wp-json\/wp\/v2\/media\/28250"}],"wp:attachment":[{"href":"https:\/\/papier-sprick.de\/fr\/wp-json\/wp\/v2\/media?parent=28852"}],"wp:term":[{"taxonomy":"product_brand","embeddable":true,"href":"https:\/\/papier-sprick.de\/fr\/wp-json\/wp\/v2\/product_brand?post=28852"},{"taxonomy":"product_cat","embeddable":true,"href":"https:\/\/papier-sprick.de\/fr\/wp-json\/wp\/v2\/product_cat?post=28852"},{"taxonomy":"product_tag","embeddable":true,"href":"https:\/\/papier-sprick.de\/fr\/wp-json\/wp\/v2\/product_tag?post=28852"}],"curies":[{"name":"wp","href":"https:\/\/api.w.org\/{rel}","templated":true}]}}