{"id":28851,"date":"2023-10-11T15:36:55","date_gmt":"2023-10-11T13:36:55","guid":{"rendered":"https:\/\/papier-sprick.de\/produkt\/speedman-flex\/"},"modified":"2025-01-10T12:00:16","modified_gmt":"2025-01-10T10:00:16","slug":"speedman-flex","status":"publish","type":"product","link":"https:\/\/papier-sprick.de\/fr\/produit\/speedman-flex\/","title":{"rendered":"SpeedMan\u00ae FleX"},"content":{"rendered":"<p><strong>SpeedMan\u00ae\u00a0FleX<\/strong> est un syst\u00e8me de remplissage papier semi-automatique avec fonction de coupe.<\/p>\n<p>Ce syst\u00e8me de remplissage papier est nettement plus compact et <strong>plus rapide que les autres syst\u00e8mes<\/strong> de remplissage papier <strong>avec fonction de coupe<\/strong> actuellement disponibles sur le march\u00e9.<\/p>\n<p>Gr\u00e2ce \u00e0 sa conception extr\u00eamement compacte, le SpeedMan<sup>\u00ae<\/sup> FleX peut \u00eatre <strong>int\u00e9gr\u00e9<\/strong> avantageusement m\u00eame \u00e0 des postes d&#8217;emballages offrant un espace tr\u00e8s restreint ou dans des situations de conception complexes. Le processus d&#8217;emballage peut ainsi \u00eatre adapt\u00e9 de mani\u00e8re ergonomique \u00e0 chaque collaborateur sans avoir \u00e0 modifier la situation du poste d&#8217;emballage.<\/p>\n<p>Comme pour tous les produits de la s\u00e9rie SpeedMan\u00ae, la commande du syst\u00e8me SpeedMan\u00ae FleX est extr\u00eamement <strong>simple et intuitive<\/strong>. La fonction de coupe automatique facilite \u00e0 l&#8217;emballeur le retrait du papier de remplissage, ce qui permet d&#8217;acc\u00e9l\u00e9rer l&#8217;ensemble du process d&#8217;emballage tout en <strong>m\u00e9nageant la sant\u00e9<\/strong>.<\/p>\n<p>Pour le bien de l&#8217;environnement, utilisez notre papier SpeedMan\u00ae \u2011 ou notre papier ComPackt\u00ae \u2013 tous deux sont constitu\u00e9s <strong>de papier 100 % recycl\u00e9<\/strong> et sont labellis\u00e9s <strong>\u00ab Blauer Engel \u00bb (Ange bleu)<\/strong>, car ils r\u00e9pondent \u00e0 des crit\u00e8res particuli\u00e8rement \u00e9cologiques.<\/p>\n","protected":false},"excerpt":{"rendered":"<p>SpeedMan\u00ae\u00a0FleX est un syst\u00e8me de remplissage papier semi-automatique avec fonction de coupe. Ce syst\u00e8me de remplissage papier est nettement plus compact et plus rapide que les autres syst\u00e8mes de remplissage papier avec fonction de coupe actuellement disponibles sur le march\u00e9. Gr\u00e2ce \u00e0 sa conception extr\u00eamement compacte, le SpeedMan\u00ae FleX peut \u00eatre int\u00e9gr\u00e9 avantageusement m\u00eame \u00e0 [&hellip;]<\/p>\n","protected":false},"featured_media":28234,"comment_status":"closed","ping_status":"closed","template":"","meta":{"_acf_changed":false},"product_brand":[],"product_cat":[460,464],"product_tag":[],"class_list":{"0":"post-28851","1":"product","2":"type-product","3":"status-publish","4":"has-post-thumbnail","6":"product_cat-besoins-en-produits-de-calage-et-de-rembourrage","7":"product_cat-systemes-de-calage-et-de-remplissage-de-vide","9":"first","10":"instock","11":"product-type-simple"},"acf":[],"_links":{"self":[{"href":"https:\/\/papier-sprick.de\/fr\/wp-json\/wp\/v2\/product\/28851","targetHints":{"allow":["GET"]}}],"collection":[{"href":"https:\/\/papier-sprick.de\/fr\/wp-json\/wp\/v2\/product"}],"about":[{"href":"https:\/\/papier-sprick.de\/fr\/wp-json\/wp\/v2\/types\/product"}],"replies":[{"embeddable":true,"href":"https:\/\/papier-sprick.de\/fr\/wp-json\/wp\/v2\/comments?post=28851"}],"version-history":[{"count":6,"href":"https:\/\/papier-sprick.de\/fr\/wp-json\/wp\/v2\/product\/28851\/revisions"}],"predecessor-version":[{"id":38091,"href":"https:\/\/papier-sprick.de\/fr\/wp-json\/wp\/v2\/product\/28851\/revisions\/38091"}],"wp:featuredmedia":[{"embeddable":true,"href":"https:\/\/papier-sprick.de\/fr\/wp-json\/wp\/v2\/media\/28234"}],"wp:attachment":[{"href":"https:\/\/papier-sprick.de\/fr\/wp-json\/wp\/v2\/media?parent=28851"}],"wp:term":[{"taxonomy":"product_brand","embeddable":true,"href":"https:\/\/papier-sprick.de\/fr\/wp-json\/wp\/v2\/product_brand?post=28851"},{"taxonomy":"product_cat","embeddable":true,"href":"https:\/\/papier-sprick.de\/fr\/wp-json\/wp\/v2\/product_cat?post=28851"},{"taxonomy":"product_tag","embeddable":true,"href":"https:\/\/papier-sprick.de\/fr\/wp-json\/wp\/v2\/product_tag?post=28851"}],"curies":[{"name":"wp","href":"https:\/\/api.w.org\/{rel}","templated":true}]}}