{"id":28850,"date":"2023-10-11T15:36:55","date_gmt":"2023-10-11T13:36:55","guid":{"rendered":"https:\/\/papier-sprick.de\/produkt\/speedman-classic\/"},"modified":"2025-01-10T12:00:47","modified_gmt":"2025-01-10T10:00:47","slug":"speedman-classic","status":"publish","type":"product","link":"https:\/\/papier-sprick.de\/fr\/produit\/speedman-classic\/","title":{"rendered":"SpeedMan\u00ae Classic"},"content":{"rendered":"<p><strong>SpeedMan\u00ae Classic<\/strong> est le distributeur papier pratique de la famille syst\u00e8me SpeedMan\u00ae. Il s&#8217;adapte individuellement \u00e0 votre poste d&#8217;emballage, ce qui vous permet d&#8217;adopter une posture <strong>ergonomique<\/strong> optimale \u00e0 votre poste de travail et le mat\u00e9riel de remplissage vient remplir directement le carton. SpeedMan\u00ae Classic est syst\u00e8me de remplissage manuel. Il fonctionne sans courant et <strong>ne n\u00e9cessite pas de maintenance<\/strong> \u2013 les pannes au cours du process d&#8217;emballage sont donc exclues. Sa commande <strong>est facile<\/strong> : il suffit de tirer sur le papier labellis\u00e9 Ange bleu pour l&#8217;extraire, puis de le d\u00e9chirer et de remplir le colis \u2013 termin\u00e9.<\/p>\n<p>Le volume de remplissage obtenu avec SpeedMan\u00ae Classic \u00e0 partir d&#8217;un rouleau de papier SpeedMan\u00ae correspond 70 fois environ au volume initial. Ceci \u00e9conomise de la place de stockage et des co\u00fbts. Avec SpeedMan<sup>\u00ae<\/sup> Classic, vous pouvez <strong>tout emballer<\/strong> : des objets grands, petits, lourds, l\u00e9gers, \u00e9pais, minces et fragiles \u2013 quel qu&#8217;il soit, votre produit est parfaitement prot\u00e9g\u00e9 par le <strong>papier recycl\u00e9 \u00e9cologique<\/strong>.<\/p>\n","protected":false},"excerpt":{"rendered":"<p>SpeedMan\u00ae Classic est le distributeur papier pratique de la famille syst\u00e8me SpeedMan\u00ae. Il s&#8217;adapte individuellement \u00e0 votre poste d&#8217;emballage, ce qui vous permet d&#8217;adopter une posture ergonomique optimale \u00e0 votre poste de travail et le mat\u00e9riel de remplissage vient remplir directement le carton. SpeedMan\u00ae Classic est syst\u00e8me de remplissage manuel. Il fonctionne sans courant et [&hellip;]<\/p>\n","protected":false},"featured_media":28215,"comment_status":"closed","ping_status":"closed","template":"","meta":{"_acf_changed":false},"product_brand":[],"product_cat":[460,464],"product_tag":[],"class_list":{"0":"post-28850","1":"product","2":"type-product","3":"status-publish","4":"has-post-thumbnail","6":"product_cat-besoins-en-produits-de-calage-et-de-rembourrage","7":"product_cat-systemes-de-calage-et-de-remplissage-de-vide","9":"first","10":"instock","11":"product-type-simple"},"acf":[],"_links":{"self":[{"href":"https:\/\/papier-sprick.de\/fr\/wp-json\/wp\/v2\/product\/28850","targetHints":{"allow":["GET"]}}],"collection":[{"href":"https:\/\/papier-sprick.de\/fr\/wp-json\/wp\/v2\/product"}],"about":[{"href":"https:\/\/papier-sprick.de\/fr\/wp-json\/wp\/v2\/types\/product"}],"replies":[{"embeddable":true,"href":"https:\/\/papier-sprick.de\/fr\/wp-json\/wp\/v2\/comments?post=28850"}],"version-history":[{"count":9,"href":"https:\/\/papier-sprick.de\/fr\/wp-json\/wp\/v2\/product\/28850\/revisions"}],"predecessor-version":[{"id":38092,"href":"https:\/\/papier-sprick.de\/fr\/wp-json\/wp\/v2\/product\/28850\/revisions\/38092"}],"wp:featuredmedia":[{"embeddable":true,"href":"https:\/\/papier-sprick.de\/fr\/wp-json\/wp\/v2\/media\/28215"}],"wp:attachment":[{"href":"https:\/\/papier-sprick.de\/fr\/wp-json\/wp\/v2\/media?parent=28850"}],"wp:term":[{"taxonomy":"product_brand","embeddable":true,"href":"https:\/\/papier-sprick.de\/fr\/wp-json\/wp\/v2\/product_brand?post=28850"},{"taxonomy":"product_cat","embeddable":true,"href":"https:\/\/papier-sprick.de\/fr\/wp-json\/wp\/v2\/product_cat?post=28850"},{"taxonomy":"product_tag","embeddable":true,"href":"https:\/\/papier-sprick.de\/fr\/wp-json\/wp\/v2\/product_tag?post=28850"}],"curies":[{"name":"wp","href":"https:\/\/api.w.org\/{rel}","templated":true}]}}