{"id":28849,"date":"2023-10-11T15:36:55","date_gmt":"2023-10-11T13:36:55","guid":{"rendered":"https:\/\/papier-sprick.de\/produkt\/paperjet\/"},"modified":"2025-07-31T12:04:44","modified_gmt":"2025-07-31T10:04:44","slug":"paperjet","status":"publish","type":"product","link":"https:\/\/papier-sprick.de\/fr\/produit\/paperjet\/","title":{"rendered":"PaperJet\u00ae"},"content":{"rendered":"<p>Gr\u00e2ce \u00e0 sa technologie de d\u00e9coupe innovante et brevet\u00e9e, le <strong>PaperJet\u00ae<\/strong> est le <strong>syst\u00e8me de coussin papier le plus rapide du march\u00e9<\/strong> et il est donc particuli\u00e8rement adapt\u00e9 aux exp\u00e9diteurs professionnels avec une fr\u00e9quence d&#8217;exp\u00e9dition r\u00e9guli\u00e8re et une grande quantit\u00e9 de colis.<\/p>\n<p>Gr\u00e2ce \u00e0 sa conception compacte, le PaperJet\u00ae est tr\u00e8s facile \u00e0 int\u00e9grer, \u00e9conomise de l&#8217;espace de stockage et des co\u00fbts d&#8217;emballage et est facile \u00e0 utiliser. Diff\u00e9rentes <strong>possibilit\u00e9s d&#8217;int\u00e9gration<\/strong>, comme par exemple les ch\u00e2ssis r\u00e9glables en hauteur, des solutions \u00e0 int\u00e9grer sous table ou des syst\u00e8mes de transfert pour les coussins de papier produits permettent la coordination parfaite avec le processus d\u2019emballage souhait\u00e9 et les conditions d&#8217;encombrement sur place. Les intervalles de r\u00e9approvisionnement en papier de rembourrage \u00e9cologique sont r\u00e9duits \u00e0 un minimum et tr\u00e8s simplifi\u00e9s, car PaperJet<sup>\u00ae<\/sup> peut \u00eatre \u00e9quip\u00e9 d&#8217;une <strong>palette en continu<\/strong> de papier ComPackt\u00ae \u00e0 pliage Leporello. Les coussins de papier stables conviennent aussi parfaitement pour l&#8217;emballage de marchandises volumineuses, lourdes ou \u00e0 bords tranchants.&lt;br<br \/>\nPaperJet\u00ae est utilis\u00e9 dans pratiquement tous les secteurs, notamment:<\/p>\n<ul>\n<li>e-commerce et VPC<\/li>\n<li>secteur logistique (entrep\u00f4ts centraux)<\/li>\n<li>industrie automobile (pi\u00e8ces de rechange, outillage)<\/li>\n<li>construction m\u00e9canique<\/li>\n<li>\u00e9lectronique<\/li>\n<li>secteur du jouet<\/li>\n<li>et bien plus encore<\/li>\n<\/ul>\n","protected":false},"excerpt":{"rendered":"<p>Gr\u00e2ce \u00e0 sa technologie de d\u00e9coupe innovante et brevet\u00e9e, le PaperJet\u00ae est le syst\u00e8me de coussin papier le plus rapide du march\u00e9 et il est donc particuli\u00e8rement adapt\u00e9 aux exp\u00e9diteurs professionnels avec une fr\u00e9quence d&#8217;exp\u00e9dition r\u00e9guli\u00e8re et une grande quantit\u00e9 de colis. Gr\u00e2ce \u00e0 sa conception compacte, le PaperJet\u00ae est tr\u00e8s facile \u00e0 int\u00e9grer, \u00e9conomise [&hellip;]<\/p>\n","protected":false},"featured_media":28199,"comment_status":"closed","ping_status":"closed","template":"","meta":{"_acf_changed":false},"product_brand":[],"product_cat":[460,464],"product_tag":[],"class_list":{"0":"post-28849","1":"product","2":"type-product","3":"status-publish","4":"has-post-thumbnail","6":"product_cat-besoins-en-produits-de-calage-et-de-rembourrage","7":"product_cat-systemes-de-calage-et-de-remplissage-de-vide","9":"first","10":"instock","11":"product-type-simple"},"acf":[],"_links":{"self":[{"href":"https:\/\/papier-sprick.de\/fr\/wp-json\/wp\/v2\/product\/28849","targetHints":{"allow":["GET"]}}],"collection":[{"href":"https:\/\/papier-sprick.de\/fr\/wp-json\/wp\/v2\/product"}],"about":[{"href":"https:\/\/papier-sprick.de\/fr\/wp-json\/wp\/v2\/types\/product"}],"replies":[{"embeddable":true,"href":"https:\/\/papier-sprick.de\/fr\/wp-json\/wp\/v2\/comments?post=28849"}],"version-history":[{"count":9,"href":"https:\/\/papier-sprick.de\/fr\/wp-json\/wp\/v2\/product\/28849\/revisions"}],"predecessor-version":[{"id":38093,"href":"https:\/\/papier-sprick.de\/fr\/wp-json\/wp\/v2\/product\/28849\/revisions\/38093"}],"wp:featuredmedia":[{"embeddable":true,"href":"https:\/\/papier-sprick.de\/fr\/wp-json\/wp\/v2\/media\/28199"}],"wp:attachment":[{"href":"https:\/\/papier-sprick.de\/fr\/wp-json\/wp\/v2\/media?parent=28849"}],"wp:term":[{"taxonomy":"product_brand","embeddable":true,"href":"https:\/\/papier-sprick.de\/fr\/wp-json\/wp\/v2\/product_brand?post=28849"},{"taxonomy":"product_cat","embeddable":true,"href":"https:\/\/papier-sprick.de\/fr\/wp-json\/wp\/v2\/product_cat?post=28849"},{"taxonomy":"product_tag","embeddable":true,"href":"https:\/\/papier-sprick.de\/fr\/wp-json\/wp\/v2\/product_tag?post=28849"}],"curies":[{"name":"wp","href":"https:\/\/api.w.org\/{rel}","templated":true}]}}