{"id":28848,"date":"2023-10-11T15:36:55","date_gmt":"2023-10-11T13:36:55","guid":{"rendered":"https:\/\/papier-sprick.de\/produkt\/palettes-a-usage-unique\/"},"modified":"2024-04-12T13:47:58","modified_gmt":"2024-04-12T11:47:58","slug":"palettes-a-usage-unique","status":"publish","type":"product","link":"https:\/\/papier-sprick.de\/fr\/produit\/palettes-a-usage-unique\/","title":{"rendered":"Palettes \u00e0 usage unique"},"content":{"rendered":"<p>Les palettes \u00e0 usage unique, comme les palettes r\u00e9utilisables, sont <strong>fabriqu\u00e9es en bois massif<\/strong>, mais sont con\u00e7ues <strong>pour un transport unique<\/strong>. Comme il n&#8217;y a pas d&#8217;\u00e9change, le dernier destinataire de la cha\u00eene d&#8217;approvisionnement est responsable de l&#8217;\u00e9limination de la palette. Cela <strong>simplifi\u00e9<\/strong>\u00a0le transport, notamment pour les cha\u00eenes d&#8217;approvisionnement complexes et internationales, et r\u00e9duit les co\u00fbts par rapport aux palettes d&#8217;\u00e9change. Comme les palettes \u00e0 usage unique sont fabriqu\u00e9es \u00e0 partir de bois naturel et non trait\u00e9, leur <strong>\u00e9limination ne pose aucun probl\u00e8me<\/strong> puisque le bois peut \u00eatre utilis\u00e9 comme combustible \u2011 neutre en CO<sub>2<\/sub>.<\/p>\n","protected":false},"excerpt":{"rendered":"<p>Les palettes \u00e0 usage unique, comme les palettes r\u00e9utilisables, sont fabriqu\u00e9es en bois massif, mais sont con\u00e7ues pour un transport unique. Comme il n&#8217;y a pas d&#8217;\u00e9change, le dernier destinataire de la cha\u00eene d&#8217;approvisionnement est responsable de l&#8217;\u00e9limination de la palette. Cela simplifi\u00e9\u00a0le transport, notamment pour les cha\u00eenes d&#8217;approvisionnement complexes et internationales, et r\u00e9duit les [&hellip;]<\/p>\n","protected":false},"featured_media":28192,"comment_status":"closed","ping_status":"closed","template":"","meta":{"_acf_changed":false},"product_brand":[],"product_cat":[460],"product_tag":[],"class_list":{"0":"post-28848","1":"product","2":"type-product","3":"status-publish","4":"has-post-thumbnail","6":"product_cat-besoins-en-produits-de-calage-et-de-rembourrage","8":"first","9":"instock","10":"product-type-simple"},"acf":[],"_links":{"self":[{"href":"https:\/\/papier-sprick.de\/fr\/wp-json\/wp\/v2\/product\/28848","targetHints":{"allow":["GET"]}}],"collection":[{"href":"https:\/\/papier-sprick.de\/fr\/wp-json\/wp\/v2\/product"}],"about":[{"href":"https:\/\/papier-sprick.de\/fr\/wp-json\/wp\/v2\/types\/product"}],"replies":[{"embeddable":true,"href":"https:\/\/papier-sprick.de\/fr\/wp-json\/wp\/v2\/comments?post=28848"}],"version-history":[{"count":5,"href":"https:\/\/papier-sprick.de\/fr\/wp-json\/wp\/v2\/product\/28848\/revisions"}],"predecessor-version":[{"id":35141,"href":"https:\/\/papier-sprick.de\/fr\/wp-json\/wp\/v2\/product\/28848\/revisions\/35141"}],"wp:featuredmedia":[{"embeddable":true,"href":"https:\/\/papier-sprick.de\/fr\/wp-json\/wp\/v2\/media\/28192"}],"wp:attachment":[{"href":"https:\/\/papier-sprick.de\/fr\/wp-json\/wp\/v2\/media?parent=28848"}],"wp:term":[{"taxonomy":"product_brand","embeddable":true,"href":"https:\/\/papier-sprick.de\/fr\/wp-json\/wp\/v2\/product_brand?post=28848"},{"taxonomy":"product_cat","embeddable":true,"href":"https:\/\/papier-sprick.de\/fr\/wp-json\/wp\/v2\/product_cat?post=28848"},{"taxonomy":"product_tag","embeddable":true,"href":"https:\/\/papier-sprick.de\/fr\/wp-json\/wp\/v2\/product_tag?post=28848"}],"curies":[{"name":"wp","href":"https:\/\/api.w.org\/{rel}","templated":true}]}}