{"id":44677,"date":"2026-02-09T16:28:17","date_gmt":"2026-02-09T14:28:17","guid":{"rendered":"https:\/\/papier-sprick.de\/?page_id=44677"},"modified":"2026-02-10T08:01:44","modified_gmt":"2026-02-10T06:01:44","slug":"manuel","status":"publish","type":"page","link":"https:\/\/papier-sprick.de\/fr\/manuel\/","title":{"rendered":"Manuel"},"content":{"rendered":"\t\t<div data-elementor-type=\"wp-page\" data-elementor-id=\"44677\" class=\"elementor elementor-44677 elementor-44653\" data-elementor-post-type=\"page\">\n\t\t\t\t<div class=\"elementor-element elementor-element-4374d3b e-flex e-con-boxed e-con e-parent\" data-id=\"4374d3b\" data-element_type=\"container\" data-e-type=\"container\" data-settings=\"{&quot;background_background&quot;:&quot;classic&quot;}\">\n\t\t\t\t\t<div class=\"e-con-inner\">\n\t\t<div class=\"elementor-element elementor-element-d0dba95 e-con-full e-flex e-con e-child\" data-id=\"d0dba95\" data-element_type=\"container\" data-e-type=\"container\" data-settings=\"{&quot;background_background&quot;:&quot;classic&quot;}\">\n\t\t\t\t<div class=\"elementor-element elementor-element-d36052c elementor-hidden-mobile elementor-widget elementor-widget-html\" data-id=\"d36052c\" data-element_type=\"widget\" data-e-type=\"widget\" data-widget_type=\"html.default\">\n\t\t\t\t<div class=\"elementor-widget-container\">\n\t\t\t\t\t<iframe src=\"https:\/\/forms.office.com\/Pages\/ResponsePage.aspx?id=rtWMBXfsDUut99Xe3PyflPU9ePvyPfNBkc65kaCWx-VUM0c4TUdCNFNaV05GSFZaQlhXOU05R1BJVy4u\" width=\"500\" height=\"1600\" name=\"manual\" title=\"operation manual\">\r\n  <p>Votre navigateur ne peut malheureusement pas afficher les cadres int\u00e9gr\u00e9s : Vous pouvez acc\u00e9der \u00e0 la page int\u00e9gr\u00e9e via le lien suivant :  \r\n  <a href=\"https:\/\/forms.office.com\/Pages\/ResponsePage.aspx?id=rtWMBXfsDUut99Xe3PyflPU9ePvyPfNBkc65kaCWx-VUM0c4TUdCNFNaV05GSFZaQlhXOU05R1BJVy4u\" target=\"_blank\" rel=\"noopener\">manual<\/a>\r\n  <\/p>\r\n<\/iframe>\t\t\t\t<\/div>\n\t\t\t\t<\/div>\n\t\t\t\t<div class=\"elementor-element elementor-element-ca8b0a4 elementor-hidden-desktop elementor-hidden-tablet elementor-widget elementor-widget-html\" data-id=\"ca8b0a4\" data-element_type=\"widget\" data-e-type=\"widget\" data-widget_type=\"html.default\">\n\t\t\t\t<div class=\"elementor-widget-container\">\n\t\t\t\t\t<iframe src=\"https:\/\/forms.office.com\/Pages\/ResponsePage.aspx?id=rtWMBXfsDUut99Xe3PyflPU9ePvyPfNBkc65kaCWx-VUM0c4TUdCNFNaV05GSFZaQlhXOU05R1BJVy4u\" width=\"500\" height=\"1800\" name=\"manual\" title=\"operation manual\">\r\n  <p>Votre navigateur ne peut malheureusement pas afficher les cadres int\u00e9gr\u00e9s : Vous pouvez acc\u00e9der \u00e0 la page int\u00e9gr\u00e9e via le lien suivant :  \r\n  <a href=\"https:\/\/forms.office.com\/Pages\/ResponsePage.aspx?id=rtWMBXfsDUut99Xe3PyflPU9ePvyPfNBkc65kaCWx-VUM0c4TUdCNFNaV05GSFZaQlhXOU05R1BJVy4u\" target=\"_blank\" rel=\"noopener\">manual<\/a>\r\n  <\/p>\r\n<\/iframe>\t\t\t\t<\/div>\n\t\t\t\t<\/div>\n\t\t\t\t<\/div>\n\t\t\t\t\t<\/div>\n\t\t\t\t<\/div>\n\t\t\t\t<\/div>\n\t\t","protected":false},"excerpt":{"rendered":"<p>Votre navigateur ne peut malheureusement pas afficher les cadres int\u00e9gr\u00e9s : Vous pouvez acc\u00e9der \u00e0 la page int\u00e9gr\u00e9e via le lien suivant : manual Votre navigateur ne peut malheureusement pas afficher les cadres int\u00e9gr\u00e9s : Vous pouvez acc\u00e9der \u00e0 la page int\u00e9gr\u00e9e via le lien suivant : manual<\/p>\n","protected":false},"author":14,"featured_media":0,"parent":0,"menu_order":0,"comment_status":"closed","ping_status":"closed","template":"","meta":{"_acf_changed":false,"footnotes":""},"simple-restrict-permission":[],"class_list":["post-44677","page","type-page","status-publish","hentry"],"acf":[],"_links":{"self":[{"href":"https:\/\/papier-sprick.de\/fr\/wp-json\/wp\/v2\/pages\/44677","targetHints":{"allow":["GET"]}}],"collection":[{"href":"https:\/\/papier-sprick.de\/fr\/wp-json\/wp\/v2\/pages"}],"about":[{"href":"https:\/\/papier-sprick.de\/fr\/wp-json\/wp\/v2\/types\/page"}],"author":[{"embeddable":true,"href":"https:\/\/papier-sprick.de\/fr\/wp-json\/wp\/v2\/users\/14"}],"replies":[{"embeddable":true,"href":"https:\/\/papier-sprick.de\/fr\/wp-json\/wp\/v2\/comments?post=44677"}],"version-history":[{"count":13,"href":"https:\/\/papier-sprick.de\/fr\/wp-json\/wp\/v2\/pages\/44677\/revisions"}],"predecessor-version":[{"id":44702,"href":"https:\/\/papier-sprick.de\/fr\/wp-json\/wp\/v2\/pages\/44677\/revisions\/44702"}],"wp:attachment":[{"href":"https:\/\/papier-sprick.de\/fr\/wp-json\/wp\/v2\/media?parent=44677"}],"wp:term":[{"taxonomy":"simple-restrict-permission","embeddable":true,"href":"https:\/\/papier-sprick.de\/fr\/wp-json\/wp\/v2\/simple-restrict-permission?post=44677"}],"curies":[{"name":"wp","href":"https:\/\/api.w.org\/{rel}","templated":true}]}}