{"id":42225,"date":"2025-07-30T11:50:44","date_gmt":"2025-07-30T09:50:44","guid":{"rendered":"https:\/\/papier-sprick.de\/?page_id=42225"},"modified":"2026-03-26T07:59:40","modified_gmt":"2026-03-26T05:59:40","slug":"references","status":"publish","type":"page","link":"https:\/\/papier-sprick.de\/fr\/entreprise\/references\/","title":{"rendered":"R\u00e9f\u00e9rences"},"content":{"rendered":"\t\t<div data-elementor-type=\"wp-page\" data-elementor-id=\"42225\" class=\"elementor elementor-42225 elementor-41284\" data-elementor-post-type=\"page\">\n\t\t\t\t<div class=\"elementor-element elementor-element-eb4e5f6 e-flex e-con-boxed e-con e-parent\" data-id=\"eb4e5f6\" data-element_type=\"container\" data-e-type=\"container\" data-settings=\"{&quot;background_background&quot;:&quot;classic&quot;}\">\n\t\t\t\t\t<div class=\"e-con-inner\">\n\t\t<div class=\"elementor-element elementor-element-f189cb1 e-con-full e-flex e-con e-child\" data-id=\"f189cb1\" data-element_type=\"container\" data-e-type=\"container\" data-settings=\"{&quot;background_background&quot;:&quot;video&quot;,&quot;background_video_link&quot;:&quot;https:\\\/\\\/youtu.be\\\/V-B_uEeU-Y0&quot;,&quot;background_play_on_mobile&quot;:&quot;yes&quot;}\">\n\t\t<div class=\"elementor-background-video-container\">\n\t\t\t\t\t\t\t<div class=\"elementor-background-video-embed\" role=\"presentation\"><\/div>\n\t\t\t\t\t\t<\/div>\t\t<\/div>\n\t\t<div data-dce-background-color=\"#FFFFFF\" class=\"elementor-element elementor-element-9f68398 e-con-full e-flex e-con e-child\" data-id=\"9f68398\" data-element_type=\"container\" data-e-type=\"container\" data-settings=\"{&quot;background_background&quot;:&quot;classic&quot;}\">\n\t\t\t\t<div class=\"elementor-element elementor-element-1866c7d elementor-widget elementor-widget-html\" data-id=\"1866c7d\" data-element_type=\"widget\" data-e-type=\"widget\" data-widget_type=\"html.default\">\n\t\t\t\t<div class=\"elementor-widget-container\">\n\t\t\t\t\t<nav aria-label=\"breadcrumbs\" class=\"rank-math-breadcrumb\"><p><span class=\"last\">Start<\/span><\/p><\/nav>\t\t\t\t<\/div>\n\t\t\t\t<\/div>\n\t\t\t\t<div class=\"elementor-element elementor-element-13406d2 elementor-widget elementor-widget-heading\" data-id=\"13406d2\" data-element_type=\"widget\" data-e-type=\"widget\" data-widget_type=\"heading.default\">\n\t\t\t\t<div class=\"elementor-widget-container\">\n\t\t\t\t\t<h1 class=\"elementor-heading-title elementor-size-default\">R\u00e9f\u00e9rences<\/h1>\t\t\t\t<\/div>\n\t\t\t\t<\/div>\n\t\t\t\t<div class=\"elementor-element elementor-element-7bf3c0e elementor-widget elementor-widget-text-editor\" data-id=\"7bf3c0e\" data-element_type=\"widget\" data-e-type=\"widget\" data-widget_type=\"text-editor.default\">\n\t\t\t\t<div class=\"elementor-widget-container\">\n\t\t\t\t\t\t\t\t\t<p>Aper\u00e7us exclusifs tir\u00e9s de la pratique<\/p>\t\t\t\t\t\t\t\t<\/div>\n\t\t\t\t<\/div>\n\t\t\t\t<div data-dce-text-color=\"#000000\" class=\"elementor-element elementor-element-df3b7d6 elementor-widget elementor-widget-text-editor\" data-id=\"df3b7d6\" data-element_type=\"widget\" data-e-type=\"widget\" data-widget_type=\"text-editor.default\">\n\t\t\t\t<div class=\"elementor-widget-container\">\n\t\t\t\t\t\t\t\t\t<p>De la conception \u00e0 la mise en \u0153uvre, nous vous accompagnons dans votre recherche de la solution d&#8217;emballage id\u00e9ale. Nous sommes fiers que nos clients nous fassent confiance et nous consid\u00e8rent comme un partenaire fiable pour la protection des transports .<\/p><p>Dans le cadre de notre format de r\u00e9f\u00e9rence Sprick Insights, nous vous pr\u00e9sentons diff\u00e9rents projets pratiques et vous donnons un aper\u00e7u d\u00e9taill\u00e9 de nos solutions et\u00a0 services. Nos clients prennent eux-m\u00eames la parole et parlent de leur cas d&#8217;application individuel, du d\u00e9fi que repr\u00e9sentait la solution d&#8217;emballage et de la collaboration partenariale.<\/p>\t\t\t\t\t\t\t\t<\/div>\n\t\t\t\t<\/div>\n\t\t\t\t<div class=\"elementor-element elementor-element-dd0d861 elementor-grid-2 elementor-grid-tablet-2 elementor-grid-mobile-1 elementor-widget elementor-widget-loop-grid\" data-id=\"dd0d861\" data-element_type=\"widget\" data-e-type=\"widget\" data-settings=\"{&quot;template_id&quot;:41277,&quot;columns&quot;:2,&quot;_skin&quot;:&quot;post&quot;,&quot;columns_tablet&quot;:&quot;2&quot;,&quot;columns_mobile&quot;:&quot;1&quot;,&quot;edit_handle_selector&quot;:&quot;[data-elementor-type=\\&quot;loop-item\\&quot;]&quot;,&quot;row_gap&quot;:{&quot;unit&quot;:&quot;px&quot;,&quot;size&quot;:&quot;&quot;,&quot;sizes&quot;:[]},&quot;row_gap_tablet&quot;:{&quot;unit&quot;:&quot;px&quot;,&quot;size&quot;:&quot;&quot;,&quot;sizes&quot;:[]},&quot;row_gap_mobile&quot;:{&quot;unit&quot;:&quot;px&quot;,&quot;size&quot;:&quot;&quot;,&quot;sizes&quot;:[]}}\" data-widget_type=\"loop-grid.post\">\n\t\t\t\t<div class=\"elementor-widget-container\">\n\t\t\t\t\t\t\t<div class=\"elementor-loop-container elementor-grid\" role=\"list\">\n\t\t<style id=\"loop-41277\">.elementor-41277 .elementor-element.elementor-element-8d0bb58{--display:flex;--flex-direction:column;--container-widget-width:calc( ( 1 - var( --container-widget-flex-grow ) ) * 100% );--container-widget-height:initial;--container-widget-flex-grow:0;--container-widget-align-self:initial;--flex-wrap-mobile:wrap;--align-items:flex-end;--padding-top:0px;--padding-bottom:0px;--padding-left:0px;--padding-right:0px;}.elementor-41277 .elementor-element.elementor-element-53c3d22{--display:flex;--align-items:flex-start;--container-widget-width:calc( ( 1 - var( --container-widget-flex-grow ) ) * 100% );--gap:0px 0px;--row-gap:0px;--column-gap:0px;--padding-top:0px;--padding-bottom:0px;--padding-left:0px;--padding-right:0px;}.elementor-41277 .elementor-element.elementor-element-3524565 .elementor-heading-title{font-family:\"Play\", Sans-serif;font-size:14px;font-weight:600;text-transform:uppercase;text-decoration:none;color:var( --e-global-color-text );}.elementor-41277 .elementor-element.elementor-element-3524565 > .elementor-widget-container{margin:10px 17px 5px 5px;}.elementor-41277 .elementor-element.elementor-element-9da1b52 .elementor-heading-title{font-family:\"Roboto\", Sans-serif;font-size:13px;font-weight:400;text-transform:none;text-decoration:none;line-height:1.3em;color:#000000;}.elementor-41277 .elementor-element.elementor-element-9da1b52 > .elementor-widget-container{margin:0px 0px 0px 5px;}<\/style>\t\t<div data-elementor-type=\"loop-item\" data-elementor-id=\"41277\" class=\"elementor elementor-41277 e-loop-item e-loop-item-46240 post-46240 referenz type-referenz status-publish has-post-thumbnail hentry\" data-elementor-post-type=\"elementor_library\" data-custom-edit-handle=\"1\">\n\t\t\t<div class=\"elementor-element elementor-element-8d0bb58 e-con-full e-flex e-con e-parent\" data-id=\"8d0bb58\" data-element_type=\"container\" data-e-type=\"container\">\n\t\t<div class=\"elementor-element elementor-element-53c3d22 e-flex e-con-boxed e-con e-child\" data-id=\"53c3d22\" data-element_type=\"container\" data-e-type=\"container\" data-settings=\"{&quot;background_background&quot;:&quot;classic&quot;}\">\n\t\t\t\t\t<div class=\"e-con-inner\">\n\t\t\t\t<div class=\"elementor-element elementor-element-860288f elementor-widget elementor-widget-theme-post-featured-image elementor-widget-image\" data-id=\"860288f\" data-element_type=\"widget\" data-e-type=\"widget\" data-widget_type=\"theme-post-featured-image.default\">\n\t\t\t\t<div class=\"elementor-widget-container\">\n\t\t\t\t\t\t\t\t\t\t\t\t\t\t\t\t<a href=\"https:\/\/papier-sprick.de\/fr\/blog\/referenz\/sprick-insights-autodoc\/\">\n\t\t\t\t\t\t\t<img fetchpriority=\"high\" decoding=\"async\" width=\"500\" height=\"281\" src=\"https:\/\/papier-sprick.de\/wp-content\/uploads\/2026\/04\/061A3351_Autodoc_Beitragsbild_500x281px.webp\" class=\"attachment-full size-full wp-image-46157\" alt=\"\" srcset=\"https:\/\/papier-sprick.de\/wp-content\/uploads\/2026\/04\/061A3351_Autodoc_Beitragsbild_500x281px.webp 500w, https:\/\/papier-sprick.de\/wp-content\/uploads\/2026\/04\/061A3351_Autodoc_Beitragsbild_500x281px-300x169.webp 300w\" sizes=\"(max-width: 500px) 100vw, 500px\" title=\"\">\t\t\t\t\t\t\t\t<\/a>\n\t\t\t\t\t\t\t\t\t\t\t\t\t\t\t<\/div>\n\t\t\t\t<\/div>\n\t\t\t\t<div class=\"elementor-element elementor-element-3524565 elementor-widget elementor-widget-theme-post-title elementor-page-title elementor-widget-heading\" data-id=\"3524565\" data-element_type=\"widget\" data-e-type=\"widget\" data-widget_type=\"theme-post-title.default\">\n\t\t\t\t<div class=\"elementor-widget-container\">\n\t\t\t\t\t<h3 class=\"elementor-heading-title elementor-size-default\"><a href=\"https:\/\/papier-sprick.de\/fr\/blog\/referenz\/sprick-insights-autodoc\/\">Sprick Insights: Autodoc<\/a><\/h3>\t\t\t\t<\/div>\n\t\t\t\t<\/div>\n\t\t\t\t<div data-dce-title-color=\"#000000\" class=\"elementor-element elementor-element-9da1b52 elementor-widget elementor-widget-heading\" data-id=\"9da1b52\" data-element_type=\"widget\" data-e-type=\"widget\" data-widget_type=\"heading.default\">\n\t\t\t\t<div class=\"elementor-widget-container\">\n\t\t\t\t\t<h4 class=\"elementor-heading-title elementor-size-default\"><a href=\"https:\/\/papier-sprick.de\/fr\/blog\/referenz\/sprick-insights-autodoc\/\">Durable, fiable, standardis\u00e9 : AUTODOC optimise ses processus d'exp\u00e9dition sur l'ensemble de ses sites gr\u00e2ce \u00e0 Papier Sprick<\/a><\/h4>\t\t\t\t<\/div>\n\t\t\t\t<\/div>\n\t\t\t\t\t<\/div>\n\t\t\t\t<\/div>\n\t\t\t\t<\/div>\n\t\t\t\t<\/div>\n\t\t\t\t<div data-elementor-type=\"loop-item\" data-elementor-id=\"41277\" class=\"elementor elementor-41277 e-loop-item e-loop-item-45551 post-45551 referenz type-referenz status-publish has-post-thumbnail hentry filter-kategorie-child-anwendungsgebiet-paper-systems produkte-child-produkte-compackt-papier produkte-child-produkte-paperjet produkte-child-produkte-paperjet-winder\" data-elementor-post-type=\"elementor_library\" data-custom-edit-handle=\"1\">\n\t\t\t<div class=\"elementor-element elementor-element-8d0bb58 e-con-full e-flex e-con e-parent\" data-id=\"8d0bb58\" data-element_type=\"container\" data-e-type=\"container\">\n\t\t<div class=\"elementor-element elementor-element-53c3d22 e-flex e-con-boxed e-con e-child\" data-id=\"53c3d22\" data-element_type=\"container\" data-e-type=\"container\" data-settings=\"{&quot;background_background&quot;:&quot;classic&quot;}\">\n\t\t\t\t\t<div class=\"e-con-inner\">\n\t\t\t\t<div class=\"elementor-element elementor-element-860288f elementor-widget elementor-widget-theme-post-featured-image elementor-widget-image\" data-id=\"860288f\" data-element_type=\"widget\" data-e-type=\"widget\" data-widget_type=\"theme-post-featured-image.default\">\n\t\t\t\t<div class=\"elementor-widget-container\">\n\t\t\t\t\t\t\t\t\t\t\t\t\t\t\t\t<a href=\"https:\/\/papier-sprick.de\/fr\/blog\/referenz\/sprick-insights-une-solution-pour-chaque-exigence\/\">\n\t\t\t\t\t\t\t<img decoding=\"async\" width=\"500\" height=\"281\" src=\"https:\/\/papier-sprick.de\/wp-content\/uploads\/2024\/11\/Thumbnail_061A7495_500x281px.webp\" class=\"attachment-full size-full wp-image-37934\" alt=\"Linde Material Handling optimiert Packprozess mit vielseitigem Polstersystem\" srcset=\"https:\/\/papier-sprick.de\/wp-content\/uploads\/2024\/11\/Thumbnail_061A7495_500x281px.webp 500w, https:\/\/papier-sprick.de\/wp-content\/uploads\/2024\/11\/Thumbnail_061A7495_500x281px-300x169.webp 300w\" sizes=\"(max-width: 500px) 100vw, 500px\" title=\"\">\t\t\t\t\t\t\t\t<\/a>\n\t\t\t\t\t\t\t\t\t\t\t\t\t\t\t<\/div>\n\t\t\t\t<\/div>\n\t\t\t\t<div class=\"elementor-element elementor-element-3524565 elementor-widget elementor-widget-theme-post-title elementor-page-title elementor-widget-heading\" data-id=\"3524565\" data-element_type=\"widget\" data-e-type=\"widget\" data-widget_type=\"theme-post-title.default\">\n\t\t\t\t<div class=\"elementor-widget-container\">\n\t\t\t\t\t<h3 class=\"elementor-heading-title elementor-size-default\"><a href=\"https:\/\/papier-sprick.de\/fr\/blog\/referenz\/sprick-insights-une-solution-pour-chaque-exigence\/\">SPRICK INSIGHTS : une solution pour chaque exigence<\/a><\/h3>\t\t\t\t<\/div>\n\t\t\t\t<\/div>\n\t\t\t\t<div data-dce-title-color=\"#000000\" class=\"elementor-element elementor-element-9da1b52 elementor-widget elementor-widget-heading\" data-id=\"9da1b52\" data-element_type=\"widget\" data-e-type=\"widget\" data-widget_type=\"heading.default\">\n\t\t\t\t<div class=\"elementor-widget-container\">\n\t\t\t\t\t<h4 class=\"elementor-heading-title elementor-size-default\"><a href=\"https:\/\/papier-sprick.de\/fr\/blog\/referenz\/sprick-insights-une-solution-pour-chaque-exigence\/\">Linde Material Handling optimise le processus d\u2019emballage gr\u00e2ce \u00e0 un syst\u00e8me de rembourrage polyvalent.<\/a><\/h4>\t\t\t\t<\/div>\n\t\t\t\t<\/div>\n\t\t\t\t\t<\/div>\n\t\t\t\t<\/div>\n\t\t\t\t<\/div>\n\t\t\t\t<\/div>\n\t\t\t\t<div data-elementor-type=\"loop-item\" data-elementor-id=\"41277\" class=\"elementor elementor-41277 e-loop-item e-loop-item-41973 post-41973 referenz type-referenz status-publish has-post-thumbnail hentry filter-kategorie-child-anwendungsgebiet-paper-systems-fr produkte-child-produkte-compackt-papier-fr produkte-child-produkte-paperjet-fr\" data-elementor-post-type=\"elementor_library\" data-custom-edit-handle=\"1\">\n\t\t\t<div class=\"elementor-element elementor-element-8d0bb58 e-con-full e-flex e-con e-parent\" data-id=\"8d0bb58\" data-element_type=\"container\" data-e-type=\"container\">\n\t\t<div class=\"elementor-element elementor-element-53c3d22 e-flex e-con-boxed e-con e-child\" data-id=\"53c3d22\" data-element_type=\"container\" data-e-type=\"container\" data-settings=\"{&quot;background_background&quot;:&quot;classic&quot;}\">\n\t\t\t\t\t<div class=\"e-con-inner\">\n\t\t\t\t<div class=\"elementor-element elementor-element-860288f elementor-widget elementor-widget-theme-post-featured-image elementor-widget-image\" data-id=\"860288f\" data-element_type=\"widget\" data-e-type=\"widget\" data-widget_type=\"theme-post-featured-image.default\">\n\t\t\t\t<div class=\"elementor-widget-container\">\n\t\t\t\t\t\t\t\t\t\t\t\t\t\t\t\t<a href=\"https:\/\/papier-sprick.de\/fr\/blog\/referenz\/sprick-insights-hoffmann-group\/\">\n\t\t\t\t\t\t\t<img decoding=\"async\" width=\"500\" height=\"281\" src=\"https:\/\/papier-sprick.de\/wp-content\/uploads\/2025\/06\/Thumbnail_Referenzseite_22-11-22_HoffmannGroup_Werkbesuch-1177_500x281px.webp\" class=\"attachment-full size-full wp-image-41626\" alt=\"\" srcset=\"https:\/\/papier-sprick.de\/wp-content\/uploads\/2025\/06\/Thumbnail_Referenzseite_22-11-22_HoffmannGroup_Werkbesuch-1177_500x281px.webp 500w, https:\/\/papier-sprick.de\/wp-content\/uploads\/2025\/06\/Thumbnail_Referenzseite_22-11-22_HoffmannGroup_Werkbesuch-1177_500x281px-300x169.webp 300w\" sizes=\"(max-width: 500px) 100vw, 500px\" title=\"\">\t\t\t\t\t\t\t\t<\/a>\n\t\t\t\t\t\t\t\t\t\t\t\t\t\t\t<\/div>\n\t\t\t\t<\/div>\n\t\t\t\t<div class=\"elementor-element elementor-element-3524565 elementor-widget elementor-widget-theme-post-title elementor-page-title elementor-widget-heading\" data-id=\"3524565\" data-element_type=\"widget\" data-e-type=\"widget\" data-widget_type=\"theme-post-title.default\">\n\t\t\t\t<div class=\"elementor-widget-container\">\n\t\t\t\t\t<h3 class=\"elementor-heading-title elementor-size-default\"><a href=\"https:\/\/papier-sprick.de\/fr\/blog\/referenz\/sprick-insights-hoffmann-group\/\">SPRICK INSIGHTS: Hoffmann Group<\/a><\/h3>\t\t\t\t<\/div>\n\t\t\t\t<\/div>\n\t\t\t\t<div data-dce-title-color=\"#000000\" class=\"elementor-element elementor-element-9da1b52 elementor-widget elementor-widget-heading\" data-id=\"9da1b52\" data-element_type=\"widget\" data-e-type=\"widget\" data-widget_type=\"heading.default\">\n\t\t\t\t<div class=\"elementor-widget-container\">\n\t\t\t\t\t<h4 class=\"elementor-heading-title elementor-size-default\"><a href=\"https:\/\/papier-sprick.de\/fr\/blog\/referenz\/sprick-insights-hoffmann-group\/\">LogisticCity \u00e0 Nuremberg est le centre logistique du groupe Hoffmann qui a \u00e9t\u00e9 mis en service fin 2021. En tant que partenaire leader sur le march\u00e9 des outils de qualit\u00e9, l'entreprise fournit plus de 135 000 clients dans le monde entier.<\/a><\/h4>\t\t\t\t<\/div>\n\t\t\t\t<\/div>\n\t\t\t\t\t<\/div>\n\t\t\t\t<\/div>\n\t\t\t\t<\/div>\n\t\t\t\t<\/div>\n\t\t\t\t<div data-elementor-type=\"loop-item\" data-elementor-id=\"41277\" class=\"elementor elementor-41277 e-loop-item e-loop-item-41905 post-41905 referenz type-referenz status-publish has-post-thumbnail hentry filter-kategorie-child-anwendungsgebiet-paper-products-fr produkte-child-produkte-duo-pack-soft-fr produkte-child-produkte-u-profil-l-profil-fr\" data-elementor-post-type=\"elementor_library\" data-custom-edit-handle=\"1\">\n\t\t\t<div class=\"elementor-element elementor-element-8d0bb58 e-con-full e-flex e-con e-parent\" data-id=\"8d0bb58\" data-element_type=\"container\" data-e-type=\"container\">\n\t\t<div class=\"elementor-element elementor-element-53c3d22 e-flex e-con-boxed e-con e-child\" data-id=\"53c3d22\" data-element_type=\"container\" data-e-type=\"container\" data-settings=\"{&quot;background_background&quot;:&quot;classic&quot;}\">\n\t\t\t\t\t<div class=\"e-con-inner\">\n\t\t\t\t<div class=\"elementor-element elementor-element-860288f elementor-widget elementor-widget-theme-post-featured-image elementor-widget-image\" data-id=\"860288f\" data-element_type=\"widget\" data-e-type=\"widget\" data-widget_type=\"theme-post-featured-image.default\">\n\t\t\t\t<div class=\"elementor-widget-container\">\n\t\t\t\t\t\t\t\t\t\t\t\t\t\t\t\t<a href=\"https:\/\/papier-sprick.de\/fr\/blog\/referenz\/sprick-insights-faust-linoleum\/\">\n\t\t\t\t\t\t\t<img loading=\"lazy\" decoding=\"async\" width=\"500\" height=\"281\" src=\"https:\/\/papier-sprick.de\/wp-content\/uploads\/2025\/04\/Thumbnail_061A1307_500x281px.webp\" class=\"attachment-full size-full wp-image-40204\" alt=\"\" srcset=\"https:\/\/papier-sprick.de\/wp-content\/uploads\/2025\/04\/Thumbnail_061A1307_500x281px.webp 500w, https:\/\/papier-sprick.de\/wp-content\/uploads\/2025\/04\/Thumbnail_061A1307_500x281px-300x169.webp 300w\" sizes=\"(max-width: 500px) 100vw, 500px\" title=\"\">\t\t\t\t\t\t\t\t<\/a>\n\t\t\t\t\t\t\t\t\t\t\t\t\t\t\t<\/div>\n\t\t\t\t<\/div>\n\t\t\t\t<div class=\"elementor-element elementor-element-3524565 elementor-widget elementor-widget-theme-post-title elementor-page-title elementor-widget-heading\" data-id=\"3524565\" data-element_type=\"widget\" data-e-type=\"widget\" data-widget_type=\"theme-post-title.default\">\n\t\t\t\t<div class=\"elementor-widget-container\">\n\t\t\t\t\t<h3 class=\"elementor-heading-title elementor-size-default\"><a href=\"https:\/\/papier-sprick.de\/fr\/blog\/referenz\/sprick-insights-faust-linoleum\/\">SPRICK INSIGHTS: Faust Linoleum<\/a><\/h3>\t\t\t\t<\/div>\n\t\t\t\t<\/div>\n\t\t\t\t<div data-dce-title-color=\"#000000\" class=\"elementor-element elementor-element-9da1b52 elementor-widget elementor-widget-heading\" data-id=\"9da1b52\" data-element_type=\"widget\" data-e-type=\"widget\" data-widget_type=\"heading.default\">\n\t\t\t\t<div class=\"elementor-widget-container\">\n\t\t\t\t\t<h4 class=\"elementor-heading-title elementor-size-default\"><a href=\"https:\/\/papier-sprick.de\/fr\/blog\/referenz\/sprick-insights-faust-linoleum\/\">Faust Linoleum b\u00e9n\u00e9ficie d'une solution durable et personnalis\u00e9e pour la protection des exp\u00e9ditions.<\/a><\/h4>\t\t\t\t<\/div>\n\t\t\t\t<\/div>\n\t\t\t\t\t<\/div>\n\t\t\t\t<\/div>\n\t\t\t\t<\/div>\n\t\t\t\t<\/div>\n\t\t\t\t<div data-elementor-type=\"loop-item\" data-elementor-id=\"41277\" class=\"elementor elementor-41277 e-loop-item e-loop-item-41721 post-41721 referenz type-referenz status-publish has-post-thumbnail hentry filter-kategorie-child-anwendungsgebiet-paper-solution-fr produkte-child-produkte-varimailer-pro-fr\" data-elementor-post-type=\"elementor_library\" data-custom-edit-handle=\"1\">\n\t\t\t<div class=\"elementor-element elementor-element-8d0bb58 e-con-full e-flex e-con e-parent\" data-id=\"8d0bb58\" data-element_type=\"container\" data-e-type=\"container\">\n\t\t<div class=\"elementor-element elementor-element-53c3d22 e-flex e-con-boxed e-con e-child\" data-id=\"53c3d22\" data-element_type=\"container\" data-e-type=\"container\" data-settings=\"{&quot;background_background&quot;:&quot;classic&quot;}\">\n\t\t\t\t\t<div class=\"e-con-inner\">\n\t\t\t\t<div class=\"elementor-element elementor-element-860288f elementor-widget elementor-widget-theme-post-featured-image elementor-widget-image\" data-id=\"860288f\" data-element_type=\"widget\" data-e-type=\"widget\" data-widget_type=\"theme-post-featured-image.default\">\n\t\t\t\t<div class=\"elementor-widget-container\">\n\t\t\t\t\t\t\t\t\t\t\t\t\t\t\t\t<a href=\"https:\/\/papier-sprick.de\/fr\/blog\/referenz\/sprick-insights-apothekerei-grintz\/\">\n\t\t\t\t\t\t\t<img loading=\"lazy\" decoding=\"async\" width=\"500\" height=\"281\" src=\"https:\/\/papier-sprick.de\/wp-content\/uploads\/2025\/06\/Thumbnail_Referenz_Grintz_Info-Beitrag_061A1652_bear_500x281px.webp\" class=\"attachment-full size-full wp-image-40997\" alt=\"Apothekerei Dr. Grintz profitiert von Planungssicherheit und hohem Output\" srcset=\"https:\/\/papier-sprick.de\/wp-content\/uploads\/2025\/06\/Thumbnail_Referenz_Grintz_Info-Beitrag_061A1652_bear_500x281px.webp 500w, https:\/\/papier-sprick.de\/wp-content\/uploads\/2025\/06\/Thumbnail_Referenz_Grintz_Info-Beitrag_061A1652_bear_500x281px-300x169.webp 300w\" sizes=\"(max-width: 500px) 100vw, 500px\" title=\"\">\t\t\t\t\t\t\t\t<\/a>\n\t\t\t\t\t\t\t\t\t\t\t\t\t\t\t<\/div>\n\t\t\t\t<\/div>\n\t\t\t\t<div class=\"elementor-element elementor-element-3524565 elementor-widget elementor-widget-theme-post-title elementor-page-title elementor-widget-heading\" data-id=\"3524565\" data-element_type=\"widget\" data-e-type=\"widget\" data-widget_type=\"theme-post-title.default\">\n\t\t\t\t<div class=\"elementor-widget-container\">\n\t\t\t\t\t<h3 class=\"elementor-heading-title elementor-size-default\"><a href=\"https:\/\/papier-sprick.de\/fr\/blog\/referenz\/sprick-insights-apothekerei-grintz\/\">SPRICK INSIGHTS: Apothekerei Grintz<\/a><\/h3>\t\t\t\t<\/div>\n\t\t\t\t<\/div>\n\t\t\t\t<div data-dce-title-color=\"#000000\" class=\"elementor-element elementor-element-9da1b52 elementor-widget elementor-widget-heading\" data-id=\"9da1b52\" data-element_type=\"widget\" data-e-type=\"widget\" data-widget_type=\"heading.default\">\n\t\t\t\t<div class=\"elementor-widget-container\">\n\t\t\t\t\t<h4 class=\"elementor-heading-title elementor-size-default\"><a href=\"https:\/\/papier-sprick.de\/fr\/blog\/referenz\/sprick-insights-apothekerei-grintz\/\">La pharmacia Dr. Grintz. Pour garantir une disponibilit\u00e9 fiable et une livraison rapide, une solution d\u2019emballage offrant un d\u00e9bit \u00e9lev\u00e9 et surtout planifiable est indispensable. <\/a><\/h4>\t\t\t\t<\/div>\n\t\t\t\t<\/div>\n\t\t\t\t\t<\/div>\n\t\t\t\t<\/div>\n\t\t\t\t<\/div>\n\t\t\t\t<\/div>\n\t\t\t\t<\/div>\n\t\t\n\t\t\t\t\t\t<\/div>\n\t\t\t\t<\/div>\n\t\t\t\t<\/div>\n\t\t\t\t\t<\/div>\n\t\t\t\t<\/div>\n\t\t\t\t<\/div>\n\t\t","protected":false},"excerpt":{"rendered":"<p>Dans le cadre de notre format de r\u00e9f\u00e9rence Sprick Insights, nous vous pr\u00e9sentons diff\u00e9rents projets pratiques et vous donnons un aper\u00e7u d\u00e9taill\u00e9 de nos solutions et  services.<\/p>\n","protected":false},"author":14,"featured_media":0,"parent":16409,"menu_order":0,"comment_status":"closed","ping_status":"closed","template":"","meta":{"_acf_changed":false,"footnotes":""},"simple-restrict-permission":[],"class_list":["post-42225","page","type-page","status-publish","hentry"],"acf":[],"_links":{"self":[{"href":"https:\/\/papier-sprick.de\/fr\/wp-json\/wp\/v2\/pages\/42225","targetHints":{"allow":["GET"]}}],"collection":[{"href":"https:\/\/papier-sprick.de\/fr\/wp-json\/wp\/v2\/pages"}],"about":[{"href":"https:\/\/papier-sprick.de\/fr\/wp-json\/wp\/v2\/types\/page"}],"author":[{"embeddable":true,"href":"https:\/\/papier-sprick.de\/fr\/wp-json\/wp\/v2\/users\/14"}],"replies":[{"embeddable":true,"href":"https:\/\/papier-sprick.de\/fr\/wp-json\/wp\/v2\/comments?post=42225"}],"version-history":[{"count":10,"href":"https:\/\/papier-sprick.de\/fr\/wp-json\/wp\/v2\/pages\/42225\/revisions"}],"predecessor-version":[{"id":45609,"href":"https:\/\/papier-sprick.de\/fr\/wp-json\/wp\/v2\/pages\/42225\/revisions\/45609"}],"up":[{"embeddable":true,"href":"https:\/\/papier-sprick.de\/fr\/wp-json\/wp\/v2\/pages\/16409"}],"wp:attachment":[{"href":"https:\/\/papier-sprick.de\/fr\/wp-json\/wp\/v2\/media?parent=42225"}],"wp:term":[{"taxonomy":"simple-restrict-permission","embeddable":true,"href":"https:\/\/papier-sprick.de\/fr\/wp-json\/wp\/v2\/simple-restrict-permission?post=42225"}],"curies":[{"name":"wp","href":"https:\/\/api.w.org\/{rel}","templated":true}]}}