{"id":38971,"date":"2025-02-21T13:16:13","date_gmt":"2025-02-21T11:16:13","guid":{"rendered":"https:\/\/papier-sprick.de\/?page_id=38971"},"modified":"2025-03-13T15:11:06","modified_gmt":"2025-03-13T13:11:06","slug":"logimat-2025","status":"publish","type":"page","link":"https:\/\/papier-sprick.de\/fr\/logimat-2025\/","title":{"rendered":"LogiMAT 2025"},"content":{"rendered":"\t\t<div data-elementor-type=\"wp-page\" data-elementor-id=\"38971\" class=\"elementor elementor-38971 elementor-38536\" data-elementor-post-type=\"page\">\n\t\t\t\t<div class=\"elementor-element elementor-element-d1bcf04 e-flex e-con-boxed e-con e-parent\" data-id=\"d1bcf04\" data-element_type=\"container\" data-e-type=\"container\" data-settings=\"{&quot;background_background&quot;:&quot;classic&quot;}\">\n\t\t\t\t\t<div class=\"e-con-inner\">\n\t\t<div class=\"elementor-element elementor-element-be9d7cd e-con-full e-flex e-con e-child\" data-id=\"be9d7cd\" data-element_type=\"container\" data-e-type=\"container\" data-settings=\"{&quot;background_background&quot;:&quot;video&quot;,&quot;background_video_link&quot;:&quot;https:\\\/\\\/youtu.be\\\/RTpwHB075NM&quot;,&quot;background_play_on_mobile&quot;:&quot;yes&quot;}\">\n\t\t<div class=\"elementor-background-video-container\">\n\t\t\t\t\t\t\t<div class=\"elementor-background-video-embed\" role=\"presentation\"><\/div>\n\t\t\t\t\t\t<\/div>\t\t<\/div>\n\t\t<div class=\"elementor-element elementor-element-755f1b6 e-con-full e-flex e-con e-child\" data-id=\"755f1b6\" data-element_type=\"container\" data-e-type=\"container\" data-settings=\"{&quot;background_background&quot;:&quot;classic&quot;}\">\n\t\t\t\t<div class=\"elementor-element elementor-element-3c8cb64 elementor-widget elementor-widget-heading\" data-id=\"3c8cb64\" data-element_type=\"widget\" data-e-type=\"widget\" data-widget_type=\"heading.default\">\n\t\t\t\t<div class=\"elementor-widget-container\">\n\t\t\t\t\t<h1 class=\"elementor-heading-title elementor-size-default\">Papier Sprick au salon LogiMAT 2025<\/h1>\t\t\t\t<\/div>\n\t\t\t\t<\/div>\n\t\t\t\t<div class=\"elementor-element elementor-element-a4994f0 elementor-widget__width-inherit elementor-widget-mobile__width-inherit elementor-widget elementor-widget-text-editor\" data-id=\"a4994f0\" data-element_type=\"widget\" data-e-type=\"widget\" data-widget_type=\"text-editor.default\">\n\t\t\t\t<div class=\"elementor-widget-container\">\n\t\t\t\t\t\t\t\t\t<p>Nous vous souhaitons la bienvenue au salon <strong>LogiMAT 2025 \u00e0 Stuttgart<\/strong> !<\/p><p>D\u00e9couvrez en direct nos solutions d&#8217;emballage polyvalentes pour la protection du transport. Nous vous aidons \u00e0 trouver votre solution individuelle sur mesure et \u00e0 optimiser votre processus d&#8217;emballage.<\/p><h3><strong>Venez nous voir dans le hall 6 au stand F17. <\/strong><\/h3><p>Nous vous attendons avec impatience et vous tiendrons au courant ici de toutes les informations concernant notre pr\u00e9sence au salon.<\/p>\t\t\t\t\t\t\t\t<\/div>\n\t\t\t\t<\/div>\n\t\t\t\t<div class=\"elementor-element elementor-element-5167540 elementor-widget__width-inherit elementor-widget-mobile__width-inherit elementor-widget elementor-widget-text-editor\" data-id=\"5167540\" data-element_type=\"widget\" data-e-type=\"widget\" data-widget_type=\"text-editor.default\">\n\t\t\t\t<div class=\"elementor-widget-container\">\n\t\t\t\t\t\t\t\t\t<p>Solutions d\u2019emballage efficaces, produits en papier recycl\u00e9 certifi\u00e9s issus de notre propre fabrication et syst\u00e8mes de machines de fabrication allemande \u2013 nous r\u00e9unissons ces <strong>comp\u00e9tences sous une seule<\/strong> et m\u00eame enseigne et sommes ainsi votre partenaire polyvalent pour <strong>l\u2019optimisation des processus d\u2019emballage<\/strong>.<\/p><p>Innovation, durabilit\u00e9 et qualit\u00e9 des produits sont nos priorit\u00e9s\u00a0: sur notre propre site de production, nous fabriquons des <strong>papiers recycl\u00e9s \u00e0 partir de 100\u00a0% de vieux papiers<\/strong> et les transformons en produits d\u2019emballage. Nous d\u00e9veloppons et construisons nos machines de s\u00e9rie \u00e9prouv\u00e9es et <strong>nos int\u00e9grations personnalis\u00e9es<\/strong> dans notre propre atelier de construction m\u00e9canique. Gr\u00e2ce \u00e0 cette interaction, l\u2019utilisateur b\u00e9n\u00e9ficie d\u2019un appui sp\u00e9cialis\u00e9 et d\u2019une adaptation optimale du papier et de la machine.<\/p>\t\t\t\t\t\t\t\t<\/div>\n\t\t\t\t<\/div>\n\t\t\t\t<div class=\"elementor-element elementor-element-ba4de56 elementor-widget elementor-widget-heading\" data-id=\"ba4de56\" data-element_type=\"widget\" data-e-type=\"widget\" data-widget_type=\"heading.default\">\n\t\t\t\t<div class=\"elementor-widget-container\">\n\t\t\t\t\t<h2 class=\"elementor-heading-title elementor-size-default\">Jour 2 - Des processus optimis\u00e9s gr\u00e2ce \u00e0 des solutions parfaitement adapt\u00e9es<\/h2>\t\t\t\t<\/div>\n\t\t\t\t<\/div>\n\t\t\t\t<div class=\"elementor-element elementor-element-4f86658 elementor-widget elementor-widget-text-editor\" data-id=\"4f86658\" data-element_type=\"widget\" data-e-type=\"widget\" data-widget_type=\"text-editor.default\">\n\t\t\t\t<div class=\"elementor-widget-container\">\n\t\t\t\t\t\t\t\t\t<p>Avec le <span style=\"text-decoration: underline;\"><a href=\"https:\/\/papier-sprick.de\/fr\/produit\/winder\/\"><span style=\"color: #000000;\"><strong>PaperJet<sup>\u00ae<\/sup> Winder<\/strong><\/span><\/a><\/span>, nous mettons en avant au salon LogiMAT un syst\u00e8me de calage du papier qui fait valoir ses avantages, notamment dans le contexte industriel. Le syst\u00e8me produit des <strong>coils papier<\/strong> qui peuvent \u00eatre adapt\u00e9s aux produits \u00e0 exp\u00e9dier gr\u00e2ce \u00e0 l\u2019utilisation de diff\u00e9rentes qualit\u00e9s de papier et \u00e0 d\u2019autres param\u00e8tres de syst\u00e8me. De quoi garantir une <strong>protection adapt\u00e9e au produit<\/strong>, <strong>d\u2019\u00e9viter les dommages pendant le transport<\/strong> et de <strong>r\u00e9duire consid\u00e9rablement le taux de retours<\/strong>.<\/p>\t\t\t\t\t\t\t\t<\/div>\n\t\t\t\t<\/div>\n\t\t\t\t<div class=\"elementor-element elementor-element-3c26cdb elementor-widget__width-initial elementor-widget-mobile__width-inherit dce_masking-none elementor-widget elementor-widget-video\" data-id=\"3c26cdb\" data-element_type=\"widget\" data-e-type=\"widget\" data-settings=\"{&quot;youtube_url&quot;:&quot;https:\\\/\\\/youtu.be\\\/5nEj3EY6Vqk&quot;,&quot;show_image_overlay&quot;:&quot;yes&quot;,&quot;image_overlay&quot;:{&quot;url&quot;:&quot;https:\\\/\\\/papier-sprick.de\\\/wp-content\\\/uploads\\\/2025\\\/03\\\/Thumbnail_Winder_Dennis-1.webp&quot;,&quot;id&quot;:39235,&quot;size&quot;:&quot;&quot;},&quot;video_type&quot;:&quot;youtube&quot;,&quot;controls&quot;:&quot;yes&quot;}\" data-widget_type=\"video.default\">\n\t\t\t\t<div class=\"elementor-widget-container\">\n\t\t\t\t\t\t\t<div class=\"elementor-wrapper elementor-open-inline\">\n\t\t\t<div class=\"elementor-video\"><\/div>\t\t\t\t<div class=\"elementor-custom-embed-image-overlay\" style=\"background-image: url(https:\/\/papier-sprick.de\/wp-content\/uploads\/2025\/03\/Thumbnail_Winder_Dennis-1.webp);\">\n\t\t\t\t\t\t\t\t\t\t\t\t\t\t\t\t<div class=\"elementor-custom-embed-play\" role=\"button\" aria-label=\"Lire la vid\u00e9o\" tabindex=\"0\">\n\t\t\t\t\t\t\t<i aria-hidden=\"true\" class=\"eicon-play\"><\/i>\t\t\t\t\t\t<\/div>\n\t\t\t\t\t\t\t\t\t<\/div>\n\t\t\t\t\t<\/div>\n\t\t\t\t\t\t<\/div>\n\t\t\t\t<\/div>\n\t\t\t\t<div class=\"elementor-element elementor-element-2e001bb elementor-align-center elementor-widget elementor-widget-button\" data-id=\"2e001bb\" data-element_type=\"widget\" data-e-type=\"widget\" data-widget_type=\"button.default\">\n\t\t\t\t<div class=\"elementor-widget-container\">\n\t\t\t\t\t\t\t\t\t<div class=\"elementor-button-wrapper\">\n\t\t\t\t\t<a class=\"elementor-button elementor-button-link elementor-size-sm\" href=\"https:\/\/papier-sprick.de\/fr\/produit\/winder\/\">\n\t\t\t\t\t\t<span class=\"elementor-button-content-wrapper\">\n\t\t\t\t\t\t\t\t\t<span class=\"elementor-button-text\">Vers le PaperJet<sup>\u00ae<\/sup> Winder<\/span>\n\t\t\t\t\t<\/span>\n\t\t\t\t\t<\/a>\n\t\t\t\t<\/div>\n\t\t\t\t\t\t\t\t<\/div>\n\t\t\t\t<\/div>\n\t\t\t\t<div class=\"elementor-element elementor-element-03e4ad4 elementor-widget elementor-widget-heading\" data-id=\"03e4ad4\" data-element_type=\"widget\" data-e-type=\"widget\" data-widget_type=\"heading.default\">\n\t\t\t\t<div class=\"elementor-widget-container\">\n\t\t\t\t\t<h2 class=\"elementor-heading-title elementor-size-default\">Jour 1<\/h2>\t\t\t\t<\/div>\n\t\t\t\t<\/div>\n\t\t\t\t<div class=\"elementor-element elementor-element-d455dd6 elementor-widget elementor-widget-eael-flip-carousel\" data-id=\"d455dd6\" data-element_type=\"widget\" data-e-type=\"widget\" data-widget_type=\"eael-flip-carousel.default\">\n\t\t\t\t<div class=\"elementor-widget-container\">\n\t\t\t\t\t\t\t<div class=\"eael-flip-carousel flip-carousel-d455dd6 show-all\" data-style=\"carousel\" data-start=\"center\" data-fadein=\"400\" data-loop=\"true\" data-autoplay=\"4000\" data-pauseonhover=\"true\" data-spacing=\"-0.6\" data-click=\"true\" data-scrollwheel=\"true\" data-touch=\"true\" data-buttons=\"custom\" data-buttonprev=\"&lt;i aria-hidden=&quot;true&quot; class=&quot;fas fa-arrow-left&quot;&gt;&lt;\/i&gt;\" data-buttonnext=\"&lt;i aria-hidden=&quot;true&quot; class=&quot;fas fa-arrow-right&quot;&gt;&lt;\/i&gt;\">\n\t\t\t<ul class=\"flip-items eael-flip-container\">\n\t\t\t\t\t\t\t\t\t<li class=\"eael-flip-item\">\n\t\t\t\t\t\t<img decoding=\"async\" src=\"https:\/\/papier-sprick.de\/wp-content\/uploads\/2025\/03\/LogiMAT25_Teamfoto_2_500x322px.webp\" alt=\"\" title=\"\">\n\t\t\t\t\t<\/li>\n\t\t\t\t\t\t\t\t\t<li class=\"eael-flip-item\">\n\t\t\t\t\t\t<img decoding=\"async\" src=\"https:\/\/papier-sprick.de\/wp-content\/uploads\/2025\/03\/DSC00095_500x334px-1.webp\" alt=\"\" title=\"\">\n\t\t\t\t\t<\/li>\n\t\t\t\t\t\t\t\t\t<li class=\"eael-flip-item\">\n\t\t\t\t\t\t<img decoding=\"async\" src=\"https:\/\/papier-sprick.de\/wp-content\/uploads\/2025\/03\/DSC00094_500x334px-1.webp\" alt=\"\" title=\"\">\n\t\t\t\t\t<\/li>\n\t\t\t\t\t\t\t\t\t<li class=\"eael-flip-item\">\n\t\t\t\t\t\t<img decoding=\"async\" src=\"https:\/\/papier-sprick.de\/wp-content\/uploads\/2025\/03\/DSC00098_500x334px-1.webp\" alt=\"\" title=\"\">\n\t\t\t\t\t<\/li>\n\t\t\t\t\t\t\t\t\t<li class=\"eael-flip-item\">\n\t\t\t\t\t\t<img decoding=\"async\" src=\"https:\/\/papier-sprick.de\/wp-content\/uploads\/2025\/03\/DSC00099_500x334px-1.webp\" alt=\"\" title=\"\">\n\t\t\t\t\t<\/li>\n\t\t\t\t\t\t\t\t\t<li class=\"eael-flip-item\">\n\t\t\t\t\t\t<img decoding=\"async\" src=\"https:\/\/papier-sprick.de\/wp-content\/uploads\/2025\/03\/DSC00108_500x334px-1.webp\" alt=\"\" title=\"\">\n\t\t\t\t\t<\/li>\n\t\t\t\t\t\t\t\t\t<li class=\"eael-flip-item\">\n\t\t\t\t\t\t<img decoding=\"async\" src=\"https:\/\/papier-sprick.de\/wp-content\/uploads\/2025\/03\/DSC00116_500x334px-1.webp\" alt=\"\" title=\"\">\n\t\t\t\t\t<\/li>\n\t\t\t\t\t\t\t\t\t<li class=\"eael-flip-item\">\n\t\t\t\t\t\t<img decoding=\"async\" src=\"https:\/\/papier-sprick.de\/wp-content\/uploads\/2025\/03\/DSC00113_500x334px-1.webp\" alt=\"\" title=\"\">\n\t\t\t\t\t<\/li>\n\t\t\t\t\t\t\t\t\t<li class=\"eael-flip-item\">\n\t\t\t\t\t\t<img decoding=\"async\" src=\"https:\/\/papier-sprick.de\/wp-content\/uploads\/2025\/03\/DSC00121_500x334px-1.webp\" alt=\"\" title=\"\">\n\t\t\t\t\t<\/li>\n\t\t\t\t\t\t\t<\/ul>\n\t\t<\/div>\n\t\t\t\t\t\t<\/div>\n\t\t\t\t<\/div>\n\t\t\t\t<\/div>\n\t\t<div class=\"elementor-element elementor-element-1c043a3 e-con-full e-flex e-con e-child\" data-id=\"1c043a3\" data-element_type=\"container\" data-e-type=\"container\" data-settings=\"{&quot;background_background&quot;:&quot;classic&quot;}\">\n\t\t\t\t<div class=\"elementor-element elementor-element-1007529 elementor-widget elementor-widget-heading\" data-id=\"1007529\" data-element_type=\"widget\" data-e-type=\"widget\" data-widget_type=\"heading.default\">\n\t\t\t\t<div class=\"elementor-widget-container\">\n\t\t\t\t\t<h2 class=\"elementor-heading-title elementor-size-default\">Emballage d\u2019exp\u00e9dition sur mesure pour le produit et processus automatis\u00e9s<\/h2>\t\t\t\t<\/div>\n\t\t\t\t<\/div>\n\t\t\t\t<\/div>\n\t\t<div class=\"elementor-element elementor-element-75948e7 e-con-full e-flex e-con e-child\" data-id=\"75948e7\" data-element_type=\"container\" data-e-type=\"container\" data-settings=\"{&quot;background_background&quot;:&quot;classic&quot;}\">\n\t\t\t\t<div class=\"elementor-element elementor-element-6530714 elementor-widget__width-initial elementor-widget-mobile__width-inherit dce_masking-none elementor-widget elementor-widget-image\" data-id=\"6530714\" data-element_type=\"widget\" data-e-type=\"widget\" data-widget_type=\"image.default\">\n\t\t\t\t<div class=\"elementor-widget-container\">\n\t\t\t\t\t\t\t\t\t\t\t\t\t\t\t<img fetchpriority=\"high\" decoding=\"async\" width=\"500\" height=\"333\" src=\"https:\/\/papier-sprick.de\/wp-content\/uploads\/2025\/02\/VariMailer_Horizontal_500x333px.webp\" class=\"attachment-large size-large wp-image-38542\" alt=\"VariMailer\u00ae Pro\" srcset=\"https:\/\/papier-sprick.de\/wp-content\/uploads\/2025\/02\/VariMailer_Horizontal_500x333px.webp 500w, https:\/\/papier-sprick.de\/wp-content\/uploads\/2025\/02\/VariMailer_Horizontal_500x333px-300x200.webp 300w\" sizes=\"(max-width: 500px) 100vw, 500px\" title=\"\">\t\t\t\t\t\t\t\t\t\t\t\t\t\t\t<\/div>\n\t\t\t\t<\/div>\n\t\t<div class=\"elementor-element elementor-element-430ba55 e-con-full e-flex e-con e-child\" data-id=\"430ba55\" data-element_type=\"container\" data-e-type=\"container\">\n\t\t\t\t<div class=\"elementor-element elementor-element-fd2aadd elementor-widget elementor-widget-text-editor\" data-id=\"fd2aadd\" data-element_type=\"widget\" data-e-type=\"widget\" data-widget_type=\"text-editor.default\">\n\t\t\t\t<div class=\"elementor-widget-container\">\n\t\t\t\t\t\t\t\t\t<p><strong>L\u2019automatisation du processus<\/strong> d\u2019exp\u00e9dition offre une approche de solution aux d\u00e9fis croissants tels que la pression des co\u00fbts, la rapidit\u00e9 des processus et la p\u00e9nurie de personnel. Avec le <a href=\"https:\/\/papier-sprick.de\/fr\/produit\/varimailer-pro\/\"><span style=\"text-decoration: underline; color: #000000;\"><strong>VariMailer<sup>\u00ae<\/sup> Pro<\/strong><\/span><\/a>, nous pr\u00e9sentons une solution enti\u00e8rement automatis\u00e9e <strong>pour la production d\u2019emballages d\u2019exp\u00e9dition<\/strong>. Le syst\u00e8me assiste ainsi en particulier les exp\u00e9diteurs ayant un volume d\u2019exp\u00e9dition \u00e9lev\u00e9 et permet, gr\u00e2ce au syst\u00e8me de location, une organisation <strong>flexible<\/strong> du poste d\u2019emballage.<\/p>\t\t\t\t\t\t\t\t<\/div>\n\t\t\t\t<\/div>\n\t\t\t\t<div class=\"elementor-element elementor-element-c66e177 elementor-align-center elementor-widget elementor-widget-button\" data-id=\"c66e177\" data-element_type=\"widget\" data-e-type=\"widget\" data-widget_type=\"button.default\">\n\t\t\t\t<div class=\"elementor-widget-container\">\n\t\t\t\t\t\t\t\t\t<div class=\"elementor-button-wrapper\">\n\t\t\t\t\t<a class=\"elementor-button elementor-button-link elementor-size-sm\" href=\"https:\/\/papier-sprick.de\/fr\/produit\/varimailer-pro\/\">\n\t\t\t\t\t\t<span class=\"elementor-button-content-wrapper\">\n\t\t\t\t\t\t\t\t\t<span class=\"elementor-button-text\">Vers le VariMailer<sup>\u00ae<\/sup> Pro<\/span>\n\t\t\t\t\t<\/span>\n\t\t\t\t\t<\/a>\n\t\t\t\t<\/div>\n\t\t\t\t\t\t\t\t<\/div>\n\t\t\t\t<\/div>\n\t\t\t\t<\/div>\n\t\t\t\t<\/div>\n\t\t<div class=\"elementor-element elementor-element-42d0117 e-con-full e-flex e-con e-child\" data-id=\"42d0117\" data-element_type=\"container\" data-e-type=\"container\" data-settings=\"{&quot;background_background&quot;:&quot;classic&quot;}\">\n\t\t\t\t<div class=\"elementor-element elementor-element-6c9095e elementor-widget elementor-widget-heading\" data-id=\"6c9095e\" data-element_type=\"widget\" data-e-type=\"widget\" data-widget_type=\"heading.default\">\n\t\t\t\t<div class=\"elementor-widget-container\">\n\t\t\t\t\t<h2 class=\"elementor-heading-title elementor-size-default\">Protection de transport \u00e9cologique en papier recycl\u00e9<\/h2>\t\t\t\t<\/div>\n\t\t\t\t<\/div>\n\t\t\t\t<div class=\"elementor-element elementor-element-a4ec271 elementor-widget__width-inherit elementor-widget elementor-widget-eael-flip-carousel\" data-id=\"a4ec271\" data-element_type=\"widget\" data-e-type=\"widget\" data-widget_type=\"eael-flip-carousel.default\">\n\t\t\t\t<div class=\"elementor-widget-container\">\n\t\t\t\t\t\t\t<div class=\"eael-flip-carousel flip-carousel-a4ec271 show-all\" data-style=\"flat\" data-start=\"center\" data-fadein=\"400\" data-loop=\"true\" data-autoplay=\"2000\" data-pauseonhover=\"true\" data-spacing=\"-0.4\" data-click=\"true\" data-scrollwheel=\"false\" data-touch=\"true\" data-buttons=\"\" data-buttonprev=\"\" data-buttonnext=\"\">\n\t\t\t<ul class=\"flip-items eael-flip-container\">\n\t\t\t\t\t\t\t\t\t<li class=\"eael-flip-item\">\n\t\t\t\t\t\t\t\t\t\t\t\t\t<a href=\"https:\/\/papier-sprick.de\/fr\/produit\/carton-ondule-profiles-en-u-et-en-l\/\"  >\n\t\t\t\t\t\t\t\t<img decoding=\"async\" src=\"https:\/\/papier-sprick.de\/wp-content\/uploads\/2025\/02\/Kantenschutz_01-1.webp\" alt=\"\" title=\"\">\n\t\t\t\t\t\t\t<\/a>\n\t\t\t\t\t\t\t\t\t\t\t\t\t\t\t<p class=\"flip-carousel-text\">Carton ondul\u00e9 Profil\u00e9s en U et en L<\/p>\n\t\t\t\t\t\t\t\t\t\t\t\t\t\n\t\t\t\t\t<\/li>\n\t\t\t\t\t\t\t\t\t<li class=\"eael-flip-item\">\n\t\t\t\t\t\t\t\t\t\t\t\t\t<a href=\"https:\/\/papier-sprick.de\/fr\/produit\/emballage-tubulaire\/\"  >\n\t\t\t\t\t\t\t\t<img decoding=\"async\" src=\"https:\/\/papier-sprick.de\/wp-content\/uploads\/2025\/02\/Kantenschutz_02-1.webp\" alt=\"\" title=\"\">\n\t\t\t\t\t\t\t<\/a>\n\t\t\t\t\t\t\t\t\t\t\t\t\t\t\t<p class=\"flip-carousel-text\">Emballage tubulaire<\/p>\n\t\t\t\t\t\t\t\t\t\t\t\t\t\n\t\t\t\t\t<\/li>\n\t\t\t\t\t\t\t\t\t<li class=\"eael-flip-item\">\n\t\t\t\t\t\t\t\t\t\t\t\t\t<a href=\"https:\/\/papier-sprick.de\/fr\/produit\/formpack\/\"  >\n\t\t\t\t\t\t\t\t<img decoding=\"async\" src=\"https:\/\/papier-sprick.de\/wp-content\/uploads\/2025\/02\/Kantenschutz_03-1.webp\" alt=\"\" title=\"\">\n\t\t\t\t\t\t\t<\/a>\n\t\t\t\t\t\t\t\t\t\t\t\t\t\t\t<p class=\"flip-carousel-text\">FormPack papier de rembourrage<\/p>\n\t\t\t\t\t\t\t\t\t\t\t\t\t\n\t\t\t\t\t<\/li>\n\t\t\t\t\t\t\t<\/ul>\n\t\t<\/div>\n\t\t\t\t\t\t<\/div>\n\t\t\t\t<\/div>\n\t\t\t\t<div class=\"elementor-element elementor-element-e3435c5 elementor-widget elementor-widget-text-editor\" data-id=\"e3435c5\" data-element_type=\"widget\" data-e-type=\"widget\" data-widget_type=\"text-editor.default\">\n\t\t\t\t<div class=\"elementor-widget-container\">\n\t\t\t\t\t\t\t\t\t<p>Des produits vari\u00e9s, des processus individuels : la protection id\u00e9ale pour le transport et l&#8217;exp\u00e9dition se pr\u00e9sente de mani\u00e8re tr\u00e8s diff\u00e9rente selon l&#8217;utilisateur. Avec <strong>nos profil\u00e9s de protection en papier recycl\u00e9<\/strong>, nous proposons une solution adapt\u00e9e \u00e0 chaque besoin et offrons aux exp\u00e9diteurs la possibilit\u00e9 de <strong>remplacer les mat\u00e9riaux d&#8217;emballage en plastique par une alternative durable en papier<\/strong>.<\/p>\t\t\t\t\t\t\t\t<\/div>\n\t\t\t\t<\/div>\n\t\t\t\t<\/div>\n\t\t<div data-dce-background-color=\"#0000006B\" data-dce-background-overlay-color=\"#000000B0\" data-dce-background-image-url=\"https:\/\/papier-sprick.de\/wp-content\/uploads\/2025\/02\/VariProtect-1.webp\" class=\"elementor-element elementor-element-8f03f06 e-con-full e-flex e-con e-child\" data-id=\"8f03f06\" data-element_type=\"container\" data-e-type=\"container\" data-settings=\"{&quot;background_background&quot;:&quot;classic&quot;}\">\n\t\t\t\t<div data-dce-text-color=\"#000000\" data-dce-advanced-background-color=\"#0201017A\" class=\"elementor-element elementor-element-49ea973 elementor-widget elementor-widget-text-editor\" data-id=\"49ea973\" data-element_type=\"widget\" data-e-type=\"widget\" data-widget_type=\"text-editor.default\">\n\t\t\t\t<div class=\"elementor-widget-container\">\n\t\t\t\t\t\t\t\t\t<p>Notre machine de d\u00e9coupe compacte et enti\u00e8rement automatique <a href=\"https:\/\/papier-sprick.de\/fr\/produit\/variprotect-800\/\"><span style=\"text-decoration: underline; color: #ffffff;\"><strong>VariProtect<sup>\u00ae<\/sup><\/strong><\/span><\/a> permet de d\u00e9couper les cartons ondul\u00e9s et les papiers d&#8217;emballage selon les besoins et d&#8217;adapter ainsi le processus d&#8217;emballage au produit. Le syst\u00e8me est particuli\u00e8rement facile \u00e0 utiliser avec une p\u00e9dale ou une commande manuelle ou en mode pr\u00e9l\u00e8vement. Le syst\u00e8me offre ainsi une flexibilit\u00e9 maximale et convient parfaitement \u00e0 nos produits papier \u00e9cologiques comme <a href=\"https:\/\/papier-sprick.de\/fr\/produit\/ondule-compackt\/\"><span style=\"color: #ffffff;\"><strong><span style=\"text-decoration: underline;\">Ondul\u00e9\u00a0ComPackt<sup>\u00ae<\/sup><\/span><\/strong><\/span><\/a>, <a href=\"https:\/\/papier-sprick.de\/fr\/produit\/papier-duo%e2%80%91pack\/\"><span style=\"color: #ffffff;\"><strong><span style=\"text-decoration: underline;\">DUO-Pack<\/span><\/strong><\/span><\/a> et <a href=\"https:\/\/papier-sprick.de\/fr\/produit\/formpack\/\"><span style=\"color: #ffffff;\"><strong><span style=\"text-decoration: underline;\">FormPack papier de rembourrage<\/span><\/strong><\/span><\/a>.<\/p>\t\t\t\t\t\t\t\t<\/div>\n\t\t\t\t<\/div>\n\t\t\t\t<\/div>\n\t\t<div class=\"elementor-element elementor-element-be94ad2 e-con-full e-flex e-con e-child\" data-id=\"be94ad2\" data-element_type=\"container\" data-e-type=\"container\" data-settings=\"{&quot;background_background&quot;:&quot;classic&quot;}\">\n\t\t\t\t<div class=\"elementor-element elementor-element-e8d3886 elementor-widget elementor-widget-heading\" data-id=\"e8d3886\" data-element_type=\"widget\" data-e-type=\"widget\" data-widget_type=\"heading.default\">\n\t\t\t\t<div class=\"elementor-widget-container\">\n\t\t\t\t\t<h2 class=\"elementor-heading-title elementor-size-default\">Des solutions de calage et de rembourrage polyvalentes pour la table d'emballage<\/h2>\t\t\t\t<\/div>\n\t\t\t\t<\/div>\n\t\t\t\t<div class=\"elementor-element elementor-element-ef3a0d7 elementor-widget elementor-widget-text-editor\" data-id=\"ef3a0d7\" data-element_type=\"widget\" data-e-type=\"widget\" data-widget_type=\"text-editor.default\">\n\t\t\t\t<div class=\"elementor-widget-container\">\n\t\t\t\t\t\t\t\t\t<p>Nos <a href=\"https:\/\/papier-sprick.de\/fr\/categorie-de-produit\/besoins-en-produits-de-calage-et-de-rembourrage\/systemes-de-calage-et-de-remplissage-de-vide\/\"><span style=\"color: #000000;\"><strong><span style=\"text-decoration: underline;\">syst\u00e8mes compacts de rembourrage et de calage des familles SpeedMan<sup>\u00ae<\/sup> et PaperJet<sup>\u00ae<\/sup><\/span><\/strong><\/span><\/a> permettent un processus d&#8217;emballage efficace et respectueux de l&#8217;environnement. Du syst\u00e8me manuel \u00e0 la solution enti\u00e8rement automatique avec possibilit\u00e9s de coupe et de r\u00e9glage : nous proposons le <strong>syst\u00e8me parfait adapt\u00e9 \u00e0 la table d&#8217;emballage<\/strong> et aux exigences de nos clients. Nos ch\u00e2ssis standard polyvalents permettent une int\u00e9gration particuli\u00e8rement <strong>simple et peu encombrante<\/strong>. Nous pouvons \u00e9galement r\u00e9aliser des <strong>int\u00e9grations personnalis\u00e9es<\/strong> gr\u00e2ce \u00e0 notre propre construction m\u00e9canique. Nous attachons une grande importance \u00e0 l&#8217;emplacement optimal des syst\u00e8mes afin de cr\u00e9er un poste de <strong>travail ergonomique<\/strong> et de garantir un d\u00e9roulement du travail sans interruption.<\/p>\t\t\t\t\t\t\t\t<\/div>\n\t\t\t\t<\/div>\n\t\t\t\t<div class=\"elementor-element elementor-element-b6fa5d6 elementor-align-center elementor-widget elementor-widget-button\" data-id=\"b6fa5d6\" data-element_type=\"widget\" data-e-type=\"widget\" data-widget_type=\"button.default\">\n\t\t\t\t<div class=\"elementor-widget-container\">\n\t\t\t\t\t\t\t\t\t<div class=\"elementor-button-wrapper\">\n\t\t\t\t\t<a class=\"elementor-button elementor-button-link elementor-size-sm\" href=\"https:\/\/papier-sprick.de\/fr\/categorie-de-produit\/besoins-en-produits-de-calage-et-de-rembourrage\/systemes-de-calage-et-de-remplissage-de-vide\/\">\n\t\t\t\t\t\t<span class=\"elementor-button-content-wrapper\">\n\t\t\t\t\t\t\t\t\t<span class=\"elementor-button-text\">Vers les syst\u00e8mes de remplissage et de calage<\/span>\n\t\t\t\t\t<\/span>\n\t\t\t\t\t<\/a>\n\t\t\t\t<\/div>\n\t\t\t\t\t\t\t\t<\/div>\n\t\t\t\t<\/div>\n\t\t\t\t<\/div>\n\t\t\t\t\t<\/div>\n\t\t\t\t<\/div>\n\t\t\t\t<\/div>\n\t\t","protected":false},"excerpt":{"rendered":"<p>Papier Sprick au salon LogiMAT 2025 Nous vous souhaitons la bienvenue au salon LogiMAT 2025 \u00e0 Stuttgart ! D\u00e9couvrez en direct nos solutions d&#8217;emballage polyvalentes pour la protection du transport. Nous vous aidons \u00e0 trouver votre solution individuelle sur mesure et \u00e0 optimiser votre processus d&#8217;emballage. Venez nous voir dans le hall 6 au stand [&hellip;]<\/p>\n","protected":false},"author":14,"featured_media":0,"parent":0,"menu_order":0,"comment_status":"closed","ping_status":"closed","template":"","meta":{"_acf_changed":false,"footnotes":""},"simple-restrict-permission":[],"class_list":["post-38971","page","type-page","status-publish","hentry"],"acf":[],"_links":{"self":[{"href":"https:\/\/papier-sprick.de\/fr\/wp-json\/wp\/v2\/pages\/38971","targetHints":{"allow":["GET"]}}],"collection":[{"href":"https:\/\/papier-sprick.de\/fr\/wp-json\/wp\/v2\/pages"}],"about":[{"href":"https:\/\/papier-sprick.de\/fr\/wp-json\/wp\/v2\/types\/page"}],"author":[{"embeddable":true,"href":"https:\/\/papier-sprick.de\/fr\/wp-json\/wp\/v2\/users\/14"}],"replies":[{"embeddable":true,"href":"https:\/\/papier-sprick.de\/fr\/wp-json\/wp\/v2\/comments?post=38971"}],"version-history":[{"count":27,"href":"https:\/\/papier-sprick.de\/fr\/wp-json\/wp\/v2\/pages\/38971\/revisions"}],"predecessor-version":[{"id":39272,"href":"https:\/\/papier-sprick.de\/fr\/wp-json\/wp\/v2\/pages\/38971\/revisions\/39272"}],"wp:attachment":[{"href":"https:\/\/papier-sprick.de\/fr\/wp-json\/wp\/v2\/media?parent=38971"}],"wp:term":[{"taxonomy":"simple-restrict-permission","embeddable":true,"href":"https:\/\/papier-sprick.de\/fr\/wp-json\/wp\/v2\/simple-restrict-permission?post=38971"}],"curies":[{"name":"wp","href":"https:\/\/api.w.org\/{rel}","templated":true}]}}