{"id":37214,"date":"2024-09-09T15:18:28","date_gmt":"2024-09-09T13:18:28","guid":{"rendered":"https:\/\/papier-sprick.de\/?page_id=37214"},"modified":"2025-07-30T11:13:31","modified_gmt":"2025-07-30T09:13:31","slug":"eleves-et-etudiantes","status":"publish","type":"page","link":"https:\/\/papier-sprick.de\/fr\/carriere\/eleves-et-etudiantes\/","title":{"rendered":"\u00c9l\u00e8ves et \u00e9tudiant(e)s"},"content":{"rendered":"\t\t<div data-elementor-type=\"wp-page\" data-elementor-id=\"37214\" class=\"elementor elementor-37214 elementor-26958\" data-elementor-post-type=\"page\">\n\t\t\t\t<div class=\"elementor-element elementor-element-4d542ca e-flex e-con-boxed e-con e-parent\" data-id=\"4d542ca\" data-element_type=\"container\" data-e-type=\"container\" data-settings=\"{&quot;background_background&quot;:&quot;classic&quot;}\">\n\t\t\t\t\t<div class=\"e-con-inner\">\n\t\t<div data-dce-background-color=\"#FFFFFF\" class=\"elementor-element elementor-element-cdd880a e-con-full e-flex e-con e-child\" data-id=\"cdd880a\" data-element_type=\"container\" data-e-type=\"container\" data-settings=\"{&quot;background_background&quot;:&quot;classic&quot;}\">\n\t\t\t\t<div class=\"elementor-element elementor-element-576f35a dce_masking-none elementor-widget elementor-widget-image\" data-id=\"576f35a\" data-element_type=\"widget\" data-e-type=\"widget\" data-widget_type=\"image.default\">\n\t\t\t\t<div class=\"elementor-widget-container\">\n\t\t\t\t\t\t\t\t\t\t\t\t\t\t\t<img fetchpriority=\"high\" decoding=\"async\" width=\"800\" height=\"298\" src=\"https:\/\/papier-sprick.de\/wp-content\/uploads\/2023\/12\/Header_Schueler_061A3266_1600x595px-1024x381.webp\" class=\"attachment-large size-large wp-image-31718\" alt=\"Dein Weg nach der Schule bei Papier Sprick\" srcset=\"https:\/\/papier-sprick.de\/wp-content\/uploads\/2023\/12\/Header_Schueler_061A3266_1600x595px-1024x381.webp 1024w, https:\/\/papier-sprick.de\/wp-content\/uploads\/2023\/12\/Header_Schueler_061A3266_1600x595px-300x112.webp 300w, https:\/\/papier-sprick.de\/wp-content\/uploads\/2023\/12\/Header_Schueler_061A3266_1600x595px-768x286.webp 768w, https:\/\/papier-sprick.de\/wp-content\/uploads\/2023\/12\/Header_Schueler_061A3266_1600x595px-1536x571.webp 1536w, https:\/\/papier-sprick.de\/wp-content\/uploads\/2023\/12\/Header_Schueler_061A3266_1600x595px-600x223.webp 600w, https:\/\/papier-sprick.de\/wp-content\/uploads\/2023\/12\/Header_Schueler_061A3266_1600x595px.webp 1600w\" sizes=\"(max-width: 800px) 100vw, 800px\" title=\"\">\t\t\t\t\t\t\t\t\t\t\t\t\t\t\t<\/div>\n\t\t\t\t<\/div>\n\t\t\t\t<\/div>\n\t\t\t\t\t<\/div>\n\t\t\t\t<\/div>\n\t\t<div class=\"elementor-element elementor-element-642a947 e-flex e-con-boxed e-con e-parent\" data-id=\"642a947\" data-element_type=\"container\" data-e-type=\"container\" data-settings=\"{&quot;background_background&quot;:&quot;classic&quot;}\">\n\t\t\t\t\t<div class=\"e-con-inner\">\n\t\t<div data-dce-background-color=\"#FFFFFF\" class=\"elementor-element elementor-element-881bd2c e-con-full e-flex e-con e-child\" data-id=\"881bd2c\" data-element_type=\"container\" data-e-type=\"container\" data-settings=\"{&quot;background_background&quot;:&quot;classic&quot;}\">\n\t\t\t\t<div class=\"elementor-element elementor-element-f3cc163 elementor-widget elementor-widget-html\" data-id=\"f3cc163\" data-element_type=\"widget\" data-e-type=\"widget\" data-widget_type=\"html.default\">\n\t\t\t\t<div class=\"elementor-widget-container\">\n\t\t\t\t\t<nav aria-label=\"breadcrumbs\" class=\"rank-math-breadcrumb\"><p><span class=\"last\">Start<\/span><\/p><\/nav>\t\t\t\t<\/div>\n\t\t\t\t<\/div>\n\t\t\t\t<div data-dce-title-color=\"#0c0c0c\" class=\"elementor-element elementor-element-13bf56a elementor-widget elementor-widget-heading\" data-id=\"13bf56a\" data-element_type=\"widget\" data-e-type=\"widget\" data-widget_type=\"heading.default\">\n\t\t\t\t<div class=\"elementor-widget-container\">\n\t\t\t\t\t<h1 class=\"elementor-heading-title elementor-size-default\">Ton parcours apr\u00e8s l\u2019\u00e9cole chez papier sprick<\/h1>\t\t\t\t<\/div>\n\t\t\t\t<\/div>\n\t\t\t\t<div data-dce-text-color=\"#000000\" class=\"elementor-element elementor-element-c249224 elementor-widget elementor-widget-text-editor\" data-id=\"c249224\" data-element_type=\"widget\" data-e-type=\"widget\" data-widget_type=\"text-editor.default\">\n\t\t\t\t<div class=\"elementor-widget-container\">\n\t\t\t\t\t\t\t\t\t<p>Chez Papier Sprick, nous t\u2019offrons la possibilit\u00e9 d\u2019entrer dans la vie professionnelle directement apr\u00e8s ta scolarit\u00e9. Tu peux choisir entre diff\u00e9rents m\u00e9tiers de formation sur trois sites ou des \u00e9tudes en alternance en coop\u00e9ration avec la Fachhochschule der Wirtschaft (FHDW) \u00e0 Bielefeld. La dur\u00e9e de la formation varie en fonction de ton choix et de ton dipl\u00f4me de fin d\u2019\u00e9tudes, mais elle est en g\u00e9n\u00e9ral d\u2019environ 2 ans et demi \u00e0 3 ans et demi. Nous te proposons une formation solide et pratique pour te pr\u00e9parer au mieux \u00e0 ton avenir professionnel.<\/p>\t\t\t\t\t\t\t\t<\/div>\n\t\t\t\t<\/div>\n\t\t\t\t<div data-dce-title-color=\"#0c0c0c\" class=\"elementor-element elementor-element-8657bd6 elementor-widget elementor-widget-heading\" data-id=\"8657bd6\" data-element_type=\"widget\" data-e-type=\"widget\" data-widget_type=\"heading.default\">\n\t\t\t\t<div class=\"elementor-widget-container\">\n\t\t\t\t\t<h2 class=\"elementor-heading-title elementor-size-default\">S\u00e9rie de vid\u00e9os - Nos domaines professionnels<\/h2>\t\t\t\t<\/div>\n\t\t\t\t<\/div>\n\t\t<div class=\"elementor-element elementor-element-43a1109 e-con-full e-flex e-con e-child\" data-id=\"43a1109\" data-element_type=\"container\" data-e-type=\"container\">\n\t\t<div class=\"elementor-element elementor-element-c9e5a4d e-con-full e-flex e-con e-child\" data-id=\"c9e5a4d\" data-element_type=\"container\" data-e-type=\"container\">\n\t\t\t\t<div data-dce-text-color=\"#000000\" class=\"elementor-element elementor-element-25e160f elementor-widget elementor-widget-text-editor\" data-id=\"25e160f\" data-element_type=\"widget\" data-e-type=\"widget\" data-widget_type=\"text-editor.default\">\n\t\t\t\t<div class=\"elementor-widget-container\">\n\t\t\t\t\t\t\t\t\t<p>Dans notre nouvelle s\u00e9rie de vid\u00e9os, nous souhaitons vous pr\u00e9senter notre offre de formation vari\u00e9e dans les m\u00e9tiers techniques, industriels et commerciaux.<\/p>\t\t\t\t\t\t\t\t<\/div>\n\t\t\t\t<\/div>\n\t\t\t\t<\/div>\n\t\t<div class=\"elementor-element elementor-element-a6ff8a1 e-con-full e-flex e-con e-child\" data-id=\"a6ff8a1\" data-element_type=\"container\" data-e-type=\"container\">\n\t\t<div class=\"elementor-element elementor-element-4c1acda e-con-full e-flex e-con e-child\" data-id=\"4c1acda\" data-element_type=\"container\" data-e-type=\"container\">\n\t\t\t\t<div class=\"elementor-element elementor-element-8d927ed elementor-widget__width-initial elementor-widget-tablet__width-initial dce_masking-none elementor-widget elementor-widget-video\" data-id=\"8d927ed\" data-element_type=\"widget\" data-e-type=\"widget\" data-settings=\"{&quot;youtube_url&quot;:&quot;https:\\\/\\\/youtu.be\\\/x8Q0fjcdyWo&quot;,&quot;show_image_overlay&quot;:&quot;yes&quot;,&quot;image_overlay&quot;:{&quot;url&quot;:&quot;https:\\\/\\\/papier-sprick.de\\\/wp-content\\\/uploads\\\/2025\\\/01\\\/AzubiImagevideos_Thumbnail_02_604x340-1.webp&quot;,&quot;id&quot;:38166,&quot;size&quot;:&quot;&quot;},&quot;video_type&quot;:&quot;youtube&quot;,&quot;controls&quot;:&quot;yes&quot;}\" data-widget_type=\"video.default\">\n\t\t\t\t<div class=\"elementor-widget-container\">\n\t\t\t\t\t\t\t<div class=\"elementor-wrapper elementor-open-inline\">\n\t\t\t<div class=\"elementor-video\"><\/div>\t\t\t\t<div class=\"elementor-custom-embed-image-overlay\" style=\"background-image: url(https:\/\/papier-sprick.de\/wp-content\/uploads\/2025\/01\/AzubiImagevideos_Thumbnail_02_604x340-1.webp);\">\n\t\t\t\t\t\t\t\t\t\t\t\t\t\t\t\t<div class=\"elementor-custom-embed-play\" role=\"button\" aria-label=\"Lire la vid\u00e9o\" tabindex=\"0\">\n\t\t\t\t\t\t\t<i aria-hidden=\"true\" class=\"eicon-play\"><\/i>\t\t\t\t\t\t<\/div>\n\t\t\t\t\t\t\t\t\t<\/div>\n\t\t\t\t\t<\/div>\n\t\t\t\t\t\t<\/div>\n\t\t\t\t<\/div>\n\t\t\t\t<div data-dce-text-color=\"#000000\" class=\"elementor-element elementor-element-3324eec elementor-widget__width-initial elementor-widget-mobile__width-initial elementor-widget-tablet__width-initial elementor-widget elementor-widget-text-editor\" data-id=\"3324eec\" data-element_type=\"widget\" data-e-type=\"widget\" data-widget_type=\"text-editor.default\">\n\t\t\t\t<div class=\"elementor-widget-container\">\n\t\t\t\t\t\t\t\t\t<p><strong><span style=\"color: #000000;\">Partie 1 : <\/span><span style=\"color: #000000;\">Technologue en papier<\/span><\/strong><\/p>\t\t\t\t\t\t\t\t<\/div>\n\t\t\t\t<\/div>\n\t\t\t\t<\/div>\n\t\t<div class=\"elementor-element elementor-element-f544697 e-con-full e-flex e-con e-child\" data-id=\"f544697\" data-element_type=\"container\" data-e-type=\"container\">\n\t\t\t\t<div class=\"elementor-element elementor-element-9b5dfea elementor-widget__width-initial elementor-widget-tablet__width-initial dce_masking-none elementor-widget elementor-widget-video\" data-id=\"9b5dfea\" data-element_type=\"widget\" data-e-type=\"widget\" data-settings=\"{&quot;youtube_url&quot;:&quot;https:\\\/\\\/www.youtube.com\\\/watch?v=ehknU16Oydc&quot;,&quot;show_image_overlay&quot;:&quot;yes&quot;,&quot;image_overlay&quot;:{&quot;url&quot;:&quot;https:\\\/\\\/papier-sprick.de\\\/wp-content\\\/uploads\\\/2025\\\/05\\\/Azubivideo_Industriemechaniker_Thumbnail_730x340px.webp&quot;,&quot;id&quot;:40499,&quot;size&quot;:&quot;&quot;,&quot;alt&quot;:&quot;&quot;,&quot;source&quot;:&quot;library&quot;},&quot;video_type&quot;:&quot;youtube&quot;,&quot;controls&quot;:&quot;yes&quot;}\" data-widget_type=\"video.default\">\n\t\t\t\t<div class=\"elementor-widget-container\">\n\t\t\t\t\t\t\t<div class=\"elementor-wrapper elementor-open-inline\">\n\t\t\t<div class=\"elementor-video\"><\/div>\t\t\t\t<div class=\"elementor-custom-embed-image-overlay\" style=\"background-image: url(https:\/\/papier-sprick.de\/wp-content\/uploads\/2025\/05\/Azubivideo_Industriemechaniker_Thumbnail_730x340px.webp);\">\n\t\t\t\t\t\t\t\t\t\t\t\t\t\t\t\t<div class=\"elementor-custom-embed-play\" role=\"button\" aria-label=\"Lire la vid\u00e9o\" tabindex=\"0\">\n\t\t\t\t\t\t\t<i aria-hidden=\"true\" class=\"eicon-play\"><\/i>\t\t\t\t\t\t<\/div>\n\t\t\t\t\t\t\t\t\t<\/div>\n\t\t\t\t\t<\/div>\n\t\t\t\t\t\t<\/div>\n\t\t\t\t<\/div>\n\t\t\t\t<div data-dce-text-color=\"#000000\" class=\"elementor-element elementor-element-84aab7d elementor-widget__width-initial elementor-widget-mobile__width-initial elementor-widget-tablet__width-initial elementor-widget elementor-widget-text-editor\" data-id=\"84aab7d\" data-element_type=\"widget\" data-e-type=\"widget\" data-widget_type=\"text-editor.default\">\n\t\t\t\t<div class=\"elementor-widget-container\">\n\t\t\t\t\t\t\t\t\t<p><strong><span style=\"color: #000000;\">Partie 2 : M\u00e9canicien industriel<\/span><\/strong><\/p>\t\t\t\t\t\t\t\t<\/div>\n\t\t\t\t<\/div>\n\t\t\t\t<\/div>\n\t\t\t\t<\/div>\n\t\t<div class=\"elementor-element elementor-element-c45471d e-con-full e-flex e-con e-child\" data-id=\"c45471d\" data-element_type=\"container\" data-e-type=\"container\">\n\t\t<div class=\"elementor-element elementor-element-39ef5a5 e-con-full e-flex e-con e-child\" data-id=\"39ef5a5\" data-element_type=\"container\" data-e-type=\"container\">\n\t\t\t\t<div class=\"elementor-element elementor-element-ee769e2 elementor-widget__width-initial elementor-widget-tablet__width-initial dce_masking-none elementor-widget elementor-widget-video\" data-id=\"ee769e2\" data-element_type=\"widget\" data-e-type=\"widget\" data-settings=\"{&quot;youtube_url&quot;:&quot;https:\\\/\\\/youtu.be\\\/UA-Zu-3IbI4&quot;,&quot;show_image_overlay&quot;:&quot;yes&quot;,&quot;image_overlay&quot;:{&quot;url&quot;:&quot;https:\\\/\\\/papier-sprick.de\\\/wp-content\\\/uploads\\\/2025\\\/07\\\/Ausbildungsseite_Thumbnail_MaschinenAnlagenfueher_02_604x340px.webp&quot;,&quot;id&quot;:42005,&quot;size&quot;:&quot;&quot;,&quot;alt&quot;:&quot;&quot;,&quot;source&quot;:&quot;library&quot;},&quot;video_type&quot;:&quot;youtube&quot;,&quot;controls&quot;:&quot;yes&quot;}\" data-widget_type=\"video.default\">\n\t\t\t\t<div class=\"elementor-widget-container\">\n\t\t\t\t\t\t\t<div class=\"elementor-wrapper elementor-open-inline\">\n\t\t\t<div class=\"elementor-video\"><\/div>\t\t\t\t<div class=\"elementor-custom-embed-image-overlay\" style=\"background-image: url(https:\/\/papier-sprick.de\/wp-content\/uploads\/2025\/07\/Ausbildungsseite_Thumbnail_MaschinenAnlagenfueher_02_604x340px.webp);\">\n\t\t\t\t\t\t\t\t\t\t\t\t\t\t\t\t<div class=\"elementor-custom-embed-play\" role=\"button\" aria-label=\"Lire la vid\u00e9o\" tabindex=\"0\">\n\t\t\t\t\t\t\t<i aria-hidden=\"true\" class=\"eicon-play\"><\/i>\t\t\t\t\t\t<\/div>\n\t\t\t\t\t\t\t\t\t<\/div>\n\t\t\t\t\t<\/div>\n\t\t\t\t\t\t<\/div>\n\t\t\t\t<\/div>\n\t\t\t\t<div data-dce-text-color=\"#000000\" class=\"elementor-element elementor-element-999e769 elementor-widget__width-initial elementor-widget-mobile__width-initial elementor-widget-tablet__width-initial elementor-widget elementor-widget-text-editor\" data-id=\"999e769\" data-element_type=\"widget\" data-e-type=\"widget\" data-widget_type=\"text-editor.default\">\n\t\t\t\t<div class=\"elementor-widget-container\">\n\t\t\t\t\t\t\t\t\t<p><strong><span style=\"color: #000000;\">Partie 3 : Op\u00e9rateur de machines et d&#8217;installations<\/span><\/strong><\/p>\t\t\t\t\t\t\t\t<\/div>\n\t\t\t\t<\/div>\n\t\t\t\t<\/div>\n\t\t\t\t<\/div>\n\t\t\t\t<\/div>\n\t\t<div class=\"elementor-element elementor-element-178cc39 e-flex e-con-boxed e-con e-child\" data-id=\"178cc39\" data-element_type=\"container\" data-e-type=\"container\">\n\t\t\t\t\t<div class=\"e-con-inner\">\n\t\t\t\t<div data-dce-title-color=\"#0c0c0c\" class=\"elementor-element elementor-element-2a52574 elementor-widget elementor-widget-heading\" data-id=\"2a52574\" data-element_type=\"widget\" data-e-type=\"widget\" data-widget_type=\"heading.default\">\n\t\t\t\t<div class=\"elementor-widget-container\">\n\t\t\t\t\t<h2 class=\"elementor-heading-title elementor-size-default\">Ton parcours apr\u00e8s l\u2019\u00e9cole chez papier sprick<\/h2>\t\t\t\t<\/div>\n\t\t\t\t<\/div>\n\t\t\t\t<div class=\"elementor-element elementor-element-5eabb1b elementor-alert-warning elementor-widget elementor-widget-alert\" data-id=\"5eabb1b\" data-element_type=\"widget\" data-e-type=\"widget\" data-widget_type=\"alert.default\">\n\t\t\t\t<div class=\"elementor-widget-container\">\n\t\t\t\t\t\t\t<div class=\"elementor-alert\" role=\"alert\">\n\n\t\t\t\t\t\t<span class=\"elementor-alert-title\">NOS M\u00c9TIERS DE FORMATION<\/span>\n\t\t\t\n\t\t\t\t\t\t<span class=\"elementor-alert-description\">Nous sommes d\u00e9sol\u00e9s, nos m\u00e9tiers de formation ne sont actuellement propos\u00e9s qu\u2019en Allemagne.<\/span>\n\t\t\t\n\t\t\t\t\t\t<button type=\"button\" class=\"elementor-alert-dismiss\" aria-label=\"Ignorer cette alerte.\">\n\t\t\t\t\t\t\t\t\t<span aria-hidden=\"true\">&times;<\/span>\n\t\t\t\t\t\t\t<\/button>\n\t\t\t\n\t\t<\/div>\n\t\t\t\t\t\t<\/div>\n\t\t\t\t<\/div>\n\t\t\t\t<div data-dce-title-color=\"#0c0c0c\" class=\"elementor-element elementor-element-1ccd419 elementor-widget elementor-widget-heading\" data-id=\"1ccd419\" data-element_type=\"widget\" data-e-type=\"widget\" data-widget_type=\"heading.default\">\n\t\t\t\t<div class=\"elementor-widget-container\">\n\t\t\t\t\t<h3 class=\"elementor-heading-title elementor-size-default\">Offres d\u2019\u00e9tudes actuelles<\/h3>\t\t\t\t<\/div>\n\t\t\t\t<\/div>\n\t\t\t\t<div data-dce-text-color=\"#000000\" class=\"elementor-element elementor-element-46d96a4 elementor-widget elementor-widget-text-editor\" data-id=\"46d96a4\" data-element_type=\"widget\" data-e-type=\"widget\" data-widget_type=\"text-editor.default\">\n\t\t\t\t<div class=\"elementor-widget-container\">\n\t\t\t\t\t\t\t\t\t<p>Les \u00e9tudes en alternance se font en coop\u00e9ration avec la FHDW. Tu trouveras<span style=\"color: #000000;\"> <a style=\"color: #000000; text-decoration: underline;\" href=\"https:\/\/karriere.fhdw.de\/?_sf_s=Sprick\" target=\"_blank\" rel=\"noopener\"><span>ICI<\/span><\/a> l<\/span>es offres d\u2019\u00e9tudes actuelles.<\/p>\t\t\t\t\t\t\t\t<\/div>\n\t\t\t\t<\/div>\n\t\t\t\t\t<\/div>\n\t\t\t\t<\/div>\n\t\t<div class=\"elementor-element elementor-element-31eaf93 e-flex e-con-boxed e-con e-child\" data-id=\"31eaf93\" data-element_type=\"container\" data-e-type=\"container\">\n\t\t\t\t\t<div class=\"e-con-inner\">\n\t\t\t\t<div data-dce-title-color=\"#0c0c0c\" class=\"elementor-element elementor-element-e1568f4 elementor-widget elementor-widget-heading\" data-id=\"e1568f4\" data-element_type=\"widget\" data-e-type=\"widget\" data-widget_type=\"heading.default\">\n\t\t\t\t<div class=\"elementor-widget-container\">\n\t\t\t\t\t<h2 class=\"elementor-heading-title elementor-size-default\">Questions sur la formation<\/h2>\t\t\t\t<\/div>\n\t\t\t\t<\/div>\n\t\t\t\t<div class=\"elementor-element elementor-element-6b5fe66 elementor-widget elementor-widget-accordion\" data-id=\"6b5fe66\" data-element_type=\"widget\" data-e-type=\"widget\" data-widget_type=\"accordion.default\">\n\t\t\t\t<div class=\"elementor-widget-container\">\n\t\t\t\t\t\t\t<div class=\"elementor-accordion\">\n\t\t\t\t\t\t\t<div class=\"elementor-accordion-item\">\n\t\t\t\t\t<div id=\"elementor-tab-title-1121\" class=\"elementor-tab-title\" data-tab=\"1\" role=\"button\" aria-controls=\"elementor-tab-content-1121\" aria-expanded=\"false\">\n\t\t\t\t\t\t\t\t\t\t\t\t\t<span class=\"elementor-accordion-icon elementor-accordion-icon-left\" aria-hidden=\"true\">\n\t\t\t\t\t\t\t\t\t\t\t\t\t\t\t<span class=\"elementor-accordion-icon-closed\"><i class=\"fas fa-plus\"><\/i><\/span>\n\t\t\t\t\t\t\t\t<span class=\"elementor-accordion-icon-opened\"><i class=\"fas fa-minus\"><\/i><\/span>\n\t\t\t\t\t\t\t\t\t\t\t\t\t\t<\/span>\n\t\t\t\t\t\t\t\t\t\t\t\t<a class=\"elementor-accordion-title\" tabindex=\"0\">Quel est le m\u00e9tier qui me convient le mieux ?<\/a>\n\t\t\t\t\t<\/div>\n\t\t\t\t\t<div id=\"elementor-tab-content-1121\" class=\"elementor-tab-content elementor-clearfix\" data-tab=\"1\" role=\"region\" aria-labelledby=\"elementor-tab-title-1121\"><p>Peu importe que tes centres d\u2019int\u00e9r\u00eat soient plut\u00f4t artisanaux, techniques ou commerciaux, nous proposons un m\u00e9tier de formation adapt\u00e9 \u00e0 chacun de ces domaines. Merci de toujours tenir compte des offres d\u2019emploi actuelles et du fait que nous ne pouvons pas proposer tous les m\u00e9tiers de formation sur tous les sites.<\/p><\/div>\n\t\t\t\t<\/div>\n\t\t\t\t\t\t\t<div class=\"elementor-accordion-item\">\n\t\t\t\t\t<div id=\"elementor-tab-title-1122\" class=\"elementor-tab-title\" data-tab=\"2\" role=\"button\" aria-controls=\"elementor-tab-content-1122\" aria-expanded=\"false\">\n\t\t\t\t\t\t\t\t\t\t\t\t\t<span class=\"elementor-accordion-icon elementor-accordion-icon-left\" aria-hidden=\"true\">\n\t\t\t\t\t\t\t\t\t\t\t\t\t\t\t<span class=\"elementor-accordion-icon-closed\"><i class=\"fas fa-plus\"><\/i><\/span>\n\t\t\t\t\t\t\t\t<span class=\"elementor-accordion-icon-opened\"><i class=\"fas fa-minus\"><\/i><\/span>\n\t\t\t\t\t\t\t\t\t\t\t\t\t\t<\/span>\n\t\t\t\t\t\t\t\t\t\t\t\t<a class=\"elementor-accordion-title\" tabindex=\"0\">Quand la formation d\u00e9bute-t-elle chez nous ?<\/a>\n\t\t\t\t\t<\/div>\n\t\t\t\t\t<div id=\"elementor-tab-content-1122\" class=\"elementor-tab-content elementor-clearfix\" data-tab=\"2\" role=\"region\" aria-labelledby=\"elementor-tab-title-1122\"><p>Chez nous, la formation d\u00e9bute en principe chaque ann\u00e9e le 1<sup>er<\/sup> ao\u00fbt. Si tu souhaites commencer plus t\u00f4t, tu peux nous contacter pour un stage. Il est parfois possible d\u2019acqu\u00e9rir une premi\u00e8re exp\u00e9rience avant le d\u00e9but officiel de la formation.<\/p><\/div>\n\t\t\t\t<\/div>\n\t\t\t\t\t\t\t<div class=\"elementor-accordion-item\">\n\t\t\t\t\t<div id=\"elementor-tab-title-1123\" class=\"elementor-tab-title\" data-tab=\"3\" role=\"button\" aria-controls=\"elementor-tab-content-1123\" aria-expanded=\"false\">\n\t\t\t\t\t\t\t\t\t\t\t\t\t<span class=\"elementor-accordion-icon elementor-accordion-icon-left\" aria-hidden=\"true\">\n\t\t\t\t\t\t\t\t\t\t\t\t\t\t\t<span class=\"elementor-accordion-icon-closed\"><i class=\"fas fa-plus\"><\/i><\/span>\n\t\t\t\t\t\t\t\t<span class=\"elementor-accordion-icon-opened\"><i class=\"fas fa-minus\"><\/i><\/span>\n\t\t\t\t\t\t\t\t\t\t\t\t\t\t<\/span>\n\t\t\t\t\t\t\t\t\t\t\t\t<a class=\"elementor-accordion-title\" tabindex=\"0\">Comment et quand puis-je poser ma candidature aux postes de formation ?<\/a>\n\t\t\t\t\t<\/div>\n\t\t\t\t\t<div id=\"elementor-tab-content-1123\" class=\"elementor-tab-content elementor-clearfix\" data-tab=\"3\" role=\"region\" aria-labelledby=\"elementor-tab-title-1123\"><p>Pour poser ta candidature \u00e0 un poste chez nous, consulte notre portail de l\u2019emploi et clique sur le bouton \u00ab\u00a0Postuler maintenant\u00a0\u00bb sur l\u2019annonce correspondante. L\u2019intitul\u00e9 du poste te permet de voir pour quelle p\u00e9riode les postes de formation sont propos\u00e9s\u00a0; il est mis \u00e0 jour d\u00e8s que nous recherchons des apprenti(e)s pour l\u2019ann\u00e9e suivante.<\/p><\/div>\n\t\t\t\t<\/div>\n\t\t\t\t\t\t\t<div class=\"elementor-accordion-item\">\n\t\t\t\t\t<div id=\"elementor-tab-title-1124\" class=\"elementor-tab-title\" data-tab=\"4\" role=\"button\" aria-controls=\"elementor-tab-content-1124\" aria-expanded=\"false\">\n\t\t\t\t\t\t\t\t\t\t\t\t\t<span class=\"elementor-accordion-icon elementor-accordion-icon-left\" aria-hidden=\"true\">\n\t\t\t\t\t\t\t\t\t\t\t\t\t\t\t<span class=\"elementor-accordion-icon-closed\"><i class=\"fas fa-plus\"><\/i><\/span>\n\t\t\t\t\t\t\t\t<span class=\"elementor-accordion-icon-opened\"><i class=\"fas fa-minus\"><\/i><\/span>\n\t\t\t\t\t\t\t\t\t\t\t\t\t\t<\/span>\n\t\t\t\t\t\t\t\t\t\t\t\t<a class=\"elementor-accordion-title\" tabindex=\"0\">Quelles sont les perspectives d\u2019avenir ?<\/a>\n\t\t\t\t\t<\/div>\n\t\t\t\t\t<div id=\"elementor-tab-content-1124\" class=\"elementor-tab-content elementor-clearfix\" data-tab=\"4\" role=\"region\" aria-labelledby=\"elementor-tab-title-1124\"><p>Depuis 1883, Papier Sprick est une entreprise familiale qui a toujours \u00e9t\u00e9 g\u00e9r\u00e9e avec succ\u00e8s et qui ne cesse de se d\u00e9velopper. Cette croissance se poursuivra \u00e0 l\u2019avenir. C\u2019est pourquoi nous sommes constamment \u00e0 la recherche de nouveaux sp\u00e9cialistes pour enrichir notre \u00e9quipe. Telle est la raison pour laquelle nous proposons des programmes de formation et soutenons les jeunes qui sortent de l\u2019\u00e9cole dans leur parcours professionnel.<\/p><\/div>\n\t\t\t\t<\/div>\n\t\t\t\t\t\t\t<div class=\"elementor-accordion-item\">\n\t\t\t\t\t<div id=\"elementor-tab-title-1125\" class=\"elementor-tab-title\" data-tab=\"5\" role=\"button\" aria-controls=\"elementor-tab-content-1125\" aria-expanded=\"false\">\n\t\t\t\t\t\t\t\t\t\t\t\t\t<span class=\"elementor-accordion-icon elementor-accordion-icon-left\" aria-hidden=\"true\">\n\t\t\t\t\t\t\t\t\t\t\t\t\t\t\t<span class=\"elementor-accordion-icon-closed\"><i class=\"fas fa-plus\"><\/i><\/span>\n\t\t\t\t\t\t\t\t<span class=\"elementor-accordion-icon-opened\"><i class=\"fas fa-minus\"><\/i><\/span>\n\t\t\t\t\t\t\t\t\t\t\t\t\t\t<\/span>\n\t\t\t\t\t\t\t\t\t\t\t\t<a class=\"elementor-accordion-title\" tabindex=\"0\">Qu\u2019est-ce qui rend la formation chez Papier Sprick si particuli\u00e8re ?<\/a>\n\t\t\t\t\t<\/div>\n\t\t\t\t\t<div id=\"elementor-tab-content-1125\" class=\"elementor-tab-content elementor-clearfix\" data-tab=\"5\" role=\"region\" aria-labelledby=\"elementor-tab-title-1125\"><p>Chez Papier Sprick, nous accordons une grande importance \u00e0 notre culture du personnel, qui est encourag\u00e9e par une \u00e9troite collaboration et une multitude d\u2019\u00e9v\u00e9nements d\u2019entreprise. Cela permet \u00e0 notre \u00e9quipe de voir \u00ab\u00a0plus loin que le bout de son nez\u00a0\u00bb. C\u2019est aussi l\u2019occasion d\u2019avoir un aper\u00e7u des t\u00e2ches et des domaines vari\u00e9s et passionnants d\u2019une entreprise.<\/p><\/div>\n\t\t\t\t<\/div>\n\t\t\t\t\t\t\t\t<\/div>\n\t\t\t\t\t\t<\/div>\n\t\t\t\t<\/div>\n\t\t\t\t\t<\/div>\n\t\t\t\t<\/div>\n\t\t\t\t<\/div>\n\t\t\t\t\t<\/div>\n\t\t\t\t<\/div>\n\t\t\t\t<\/div>\n\t\t","protected":false},"excerpt":{"rendered":"<p>Ton parcours apr\u00e8s l\u2019\u00e9cole chez papier sprick Chez Papier Sprick, nous t\u2019offrons la possibilit\u00e9 d\u2019entrer dans la vie professionnelle directement apr\u00e8s ta scolarit\u00e9. Tu peux choisir entre diff\u00e9rents m\u00e9tiers de formation sur trois sites ou des \u00e9tudes en alternance en coop\u00e9ration avec la Fachhochschule der Wirtschaft (FHDW) \u00e0 Bielefeld. La dur\u00e9e de la formation varie [&hellip;]<\/p>\n","protected":false},"author":14,"featured_media":16389,"parent":37118,"menu_order":0,"comment_status":"closed","ping_status":"closed","template":"","meta":{"_acf_changed":false,"footnotes":""},"simple-restrict-permission":[],"class_list":["post-37214","page","type-page","status-publish","has-post-thumbnail","hentry"],"acf":[],"_links":{"self":[{"href":"https:\/\/papier-sprick.de\/fr\/wp-json\/wp\/v2\/pages\/37214","targetHints":{"allow":["GET"]}}],"collection":[{"href":"https:\/\/papier-sprick.de\/fr\/wp-json\/wp\/v2\/pages"}],"about":[{"href":"https:\/\/papier-sprick.de\/fr\/wp-json\/wp\/v2\/types\/page"}],"author":[{"embeddable":true,"href":"https:\/\/papier-sprick.de\/fr\/wp-json\/wp\/v2\/users\/14"}],"replies":[{"embeddable":true,"href":"https:\/\/papier-sprick.de\/fr\/wp-json\/wp\/v2\/comments?post=37214"}],"version-history":[{"count":22,"href":"https:\/\/papier-sprick.de\/fr\/wp-json\/wp\/v2\/pages\/37214\/revisions"}],"predecessor-version":[{"id":42200,"href":"https:\/\/papier-sprick.de\/fr\/wp-json\/wp\/v2\/pages\/37214\/revisions\/42200"}],"up":[{"embeddable":true,"href":"https:\/\/papier-sprick.de\/fr\/wp-json\/wp\/v2\/pages\/37118"}],"wp:featuredmedia":[{"embeddable":true,"href":"https:\/\/papier-sprick.de\/fr\/wp-json\/wp\/v2\/media\/16389"}],"wp:attachment":[{"href":"https:\/\/papier-sprick.de\/fr\/wp-json\/wp\/v2\/media?parent=37214"}],"wp:term":[{"taxonomy":"simple-restrict-permission","embeddable":true,"href":"https:\/\/papier-sprick.de\/fr\/wp-json\/wp\/v2\/simple-restrict-permission?post=37214"}],"curies":[{"name":"wp","href":"https:\/\/api.w.org\/{rel}","templated":true}]}}